   {"id":301,"date":"2025-02-28T16:51:46","date_gmt":"2025-02-28T16:51:46","guid":{"rendered":"https:\/\/www.locandadeldelta.com\/?page_id=301"},"modified":"2025-04-23T14:35:04","modified_gmt":"2025-04-23T14:35:04","slug":"dienstleistungen","status":"publish","type":"page","link":"https:\/\/www.locandadeldelta.com\/de\/dienstleistungen\/","title":{"rendered":"Dienstleistungen"},"content":{"rendered":"<p>Entdecken Sie alle Dienstleistungen von La Locanda del Delta, die darauf ausgerichtet sind, den G\u00e4sten einen angenehmen und komfortablen Aufenthalt zu bieten, indem sie die gastronomische Erfahrung mit der M\u00f6glichkeit verbinden, die nat\u00fcrliche Sch\u00f6nheit des Po-Deltas zu genie\u00dfen.<\/p>\n","protected":false},"excerpt":{"rendered":"<p>Entdecken Sie alle Dienstleistungen von La Locanda del Delta, die darauf ausgerichtet sind, den G\u00e4sten einen angenehmen und komfortablen Aufenthalt zu bieten, indem sie die gastronomische Erfahrung mit der M\u00f6glichkeit verbinden, die nat\u00fcrliche Sch\u00f6nheit des Po-Deltas zu genie\u00dfen.<\/p>\n","protected":false},"author":13,"featured_media":0,"parent":0,"menu_order":30,"comment_status":"closed","ping_status":"closed","template":"template-services.php","meta":{"footnotes":""},"class_list":["post-301","page","type-page","status-publish","hentry"],"yoast_head":"<!-- This site is optimized with the Yoast SEO plugin v27.3 - https:\/\/yoast.com\/product\/yoast-seo-wordpress\/ -->\n<title>Dienstleistungen - Locanda del Delta -<\/title>\n<meta name=\"description\" content=\"Entdecken Sie alle Dienstleistungen von La Locanda del Delta, die darauf ausgerichtet sind, den G\u00e4sten einen angenehmen und komfortablen Aufenthalt zu bieten, indem sie die gastronomische Erfahrung mit der M\u00f6glichkeit verbinden, die nat\u00fcrliche Sch\u00f6nheit des Po-Deltas zu genie\u00dfen..\" \/>\n<meta name=\"robots\" content=\"index, follow, max-snippet:-1, max-image-preview:large, max-video-preview:-1\" \/>\n<link rel=\"canonical\" href=\"https:\/\/www.locandadeldelta.com\/de\/dienstleistungen\/\" \/>\n<meta property=\"og:locale\" content=\"de_DE\" \/>\n<meta property=\"og:type\" content=\"article\" \/>\n<meta property=\"og:title\" content=\"Dienstleistungen - Locanda del Delta -\" \/>\n<meta property=\"og:description\" content=\"Entdecken Sie alle Dienstleistungen von La Locanda del Delta, die darauf ausgerichtet sind, den G\u00e4sten einen angenehmen und komfortablen Aufenthalt zu bieten, indem sie die gastronomische Erfahrung mit der M\u00f6glichkeit verbinden, die nat\u00fcrliche Sch\u00f6nheit des Po-Deltas zu genie\u00dfen..\" \/>\n<meta property=\"og:url\" content=\"https:\/\/www.locandadeldelta.com\/de\/dienstleistungen\/\" \/>\n<meta property=\"og:site_name\" content=\"Locanda del Delta\" \/>\n<meta property=\"article:publisher\" content=\"https:\/\/www.facebook.com\/LaLocandaDelDelta\/\" \/>\n<meta property=\"article:modified_time\" content=\"2025-04-23T14:35:04+00:00\" \/>\n<meta name=\"twitter:card\" content=\"summary_large_image\" \/>\n<meta name=\"twitter:label1\" content=\"Gesch\u00e4tzte Lesezeit\" \/>\n\t<meta name=\"twitter:data1\" content=\"1 Minute\" \/>\n<script type=\"application\/ld+json\" class=\"yoast-schema-graph\">{\"@context\":\"https:\\\/\\\/schema.org\",\"@graph\":[{\"@type\":\"WebPage\",\"@id\":\"https:\\\/\\\/www.locandadeldelta.com\\\/de\\\/dienstleistungen\\\/\",\"url\":\"https:\\\/\\\/www.locandadeldelta.com\\\/de\\\/dienstleistungen\\\/\",\"name\":\"Dienstleistungen - Locanda del Delta -\",\"isPartOf\":{\"@id\":\"https:\\\/\\\/www.locandadeldelta.com\\\/de\\\/#website\"},\"datePublished\":\"2025-02-28T16:51:46+00:00\",\"dateModified\":\"2025-04-23T14:35:04+00:00\",\"description\":\"Entdecken Sie alle Dienstleistungen von La Locanda del Delta, die darauf ausgerichtet sind, den G\u00e4sten einen angenehmen und komfortablen Aufenthalt zu bieten, indem sie die gastronomische Erfahrung mit der M\u00f6glichkeit verbinden, die nat\u00fcrliche Sch\u00f6nheit des Po-Deltas zu genie\u00dfen..\",\"breadcrumb\":{\"@id\":\"https:\\\/\\\/www.locandadeldelta.com\\\/de\\\/dienstleistungen\\\/#breadcrumb\"},\"inLanguage\":\"de-DE\",\"potentialAction\":[{\"@type\":\"ReadAction\",\"target\":[\"https:\\\/\\\/www.locandadeldelta.com\\\/de\\\/dienstleistungen\\\/\"]}]},{\"@type\":\"BreadcrumbList\",\"@id\":\"https:\\\/\\\/www.locandadeldelta.com\\\/de\\\/dienstleistungen\\\/#breadcrumb\",\"itemListElement\":[{\"@type\":\"ListItem\",\"position\":1,\"name\":\"Home\",\"item\":\"https:\\\/\\\/www.locandadeldelta.com\\\/de\\\/\"},{\"@type\":\"ListItem\",\"position\":2,\"name\":\"Dienstleistungen\"}]},{\"@type\":\"WebSite\",\"@id\":\"https:\\\/\\\/www.locandadeldelta.com\\\/de\\\/#website\",\"url\":\"https:\\\/\\\/www.locandadeldelta.com\\\/de\\\/\",\"name\":\"Locanda del Delta\",\"description\":\"\",\"potentialAction\":[{\"@type\":\"SearchAction\",\"target\":{\"@type\":\"EntryPoint\",\"urlTemplate\":\"https:\\\/\\\/www.locandadeldelta.com\\\/de\\\/?s={search_term_string}\"},\"query-input\":{\"@type\":\"PropertyValueSpecification\",\"valueRequired\":true,\"valueName\":\"search_term_string\"}}],\"inLanguage\":\"de-DE\"}]}<\/script>\n<!-- \/ Yoast SEO plugin. -->","yoast_head_json":{"title":"Dienstleistungen - Locanda del Delta -","description":"Entdecken Sie alle Dienstleistungen von La Locanda del Delta, die darauf ausgerichtet sind, den G\u00e4sten einen angenehmen und komfortablen Aufenthalt zu bieten, indem sie die gastronomische Erfahrung mit der M\u00f6glichkeit verbinden, die nat\u00fcrliche Sch\u00f6nheit des Po-Deltas zu genie\u00dfen..","robots":{"index":"index","follow":"follow","max-snippet":"max-snippet:-1","max-image-preview":"max-image-preview:large","max-video-preview":"max-video-preview:-1"},"canonical":"https:\/\/www.locandadeldelta.com\/de\/dienstleistungen\/","og_locale":"de_DE","og_type":"article","og_title":"Dienstleistungen - Locanda del Delta -","og_description":"Entdecken Sie alle Dienstleistungen von La Locanda del Delta, die darauf ausgerichtet sind, den G\u00e4sten einen angenehmen und komfortablen Aufenthalt zu bieten, indem sie die gastronomische Erfahrung mit der M\u00f6glichkeit verbinden, die nat\u00fcrliche Sch\u00f6nheit des Po-Deltas zu genie\u00dfen..","og_url":"https:\/\/www.locandadeldelta.com\/de\/dienstleistungen\/","og_site_name":"Locanda del Delta","article_publisher":"https:\/\/www.facebook.com\/LaLocandaDelDelta\/","article_modified_time":"2025-04-23T14:35:04+00:00","twitter_card":"summary_large_image","twitter_misc":{"Gesch\u00e4tzte Lesezeit":"1 Minute"},"schema":{"@context":"https:\/\/schema.org","@graph":[{"@type":"WebPage","@id":"https:\/\/www.locandadeldelta.com\/de\/dienstleistungen\/","url":"https:\/\/www.locandadeldelta.com\/de\/dienstleistungen\/","name":"Dienstleistungen - Locanda del Delta -","isPartOf":{"@id":"https:\/\/www.locandadeldelta.com\/de\/#website"},"datePublished":"2025-02-28T16:51:46+00:00","dateModified":"2025-04-23T14:35:04+00:00","description":"Entdecken Sie alle Dienstleistungen von La Locanda del Delta, die darauf ausgerichtet sind, den G\u00e4sten einen angenehmen und komfortablen Aufenthalt zu bieten, indem sie die gastronomische Erfahrung mit der M\u00f6glichkeit verbinden, die nat\u00fcrliche Sch\u00f6nheit des Po-Deltas zu genie\u00dfen..","breadcrumb":{"@id":"https:\/\/www.locandadeldelta.com\/de\/dienstleistungen\/#breadcrumb"},"inLanguage":"de-DE","potentialAction":[{"@type":"ReadAction","target":["https:\/\/www.locandadeldelta.com\/de\/dienstleistungen\/"]}]},{"@type":"BreadcrumbList","@id":"https:\/\/www.locandadeldelta.com\/de\/dienstleistungen\/#breadcrumb","itemListElement":[{"@type":"ListItem","position":1,"name":"Home","item":"https:\/\/www.locandadeldelta.com\/de\/"},{"@type":"ListItem","position":2,"name":"Dienstleistungen"}]},{"@type":"WebSite","@id":"https:\/\/www.locandadeldelta.com\/de\/#website","url":"https:\/\/www.locandadeldelta.com\/de\/","name":"Locanda del Delta","description":"","potentialAction":[{"@type":"SearchAction","target":{"@type":"EntryPoint","urlTemplate":"https:\/\/www.locandadeldelta.com\/de\/?s={search_term_string}"},"query-input":{"@type":"PropertyValueSpecification","valueRequired":true,"valueName":"search_term_string"}}],"inLanguage":"de-DE"}]}},"acf":[],"_links":{"self":[{"href":"https:\/\/www.locandadeldelta.com\/de\/wp-json\/wp\/v2\/pages\/301","targetHints":{"allow":["GET"]}}],"collection":[{"href":"https:\/\/www.locandadeldelta.com\/de\/wp-json\/wp\/v2\/pages"}],"about":[{"href":"https:\/\/www.locandadeldelta.com\/de\/wp-json\/wp\/v2\/types\/page"}],"author":[{"embeddable":true,"href":"https:\/\/www.locandadeldelta.com\/de\/wp-json\/wp\/v2\/users\/13"}],"replies":[{"embeddable":true,"href":"https:\/\/www.locandadeldelta.com\/de\/wp-json\/wp\/v2\/comments?post=301"}],"version-history":[{"count":0,"href":"https:\/\/www.locandadeldelta.com\/de\/wp-json\/wp\/v2\/pages\/301\/revisions"}],"wp:attachment":[{"href":"https:\/\/www.locandadeldelta.com\/de\/wp-json\/wp\/v2\/media?parent=301"}],"curies":[{"name":"wp","href":"https:\/\/api.w.org\/{rel}","templated":true}]}}