   {"id":312,"date":"2025-03-04T10:25:15","date_gmt":"2025-03-04T10:25:15","guid":{"rendered":"https:\/\/www.locandadeldelta.com\/?page_id=312"},"modified":"2025-04-16T13:48:32","modified_gmt":"2025-04-16T13:48:32","slug":"dreibettzimmer-mit-aussicht","status":"publish","type":"page","link":"https:\/\/www.locandadeldelta.com\/de\/zimmer-suites\/dreibettzimmer-mit-aussicht\/","title":{"rendered":"Dreibettzimmer mit Aussicht"},"content":{"rendered":"<p>Das Dreibettzimmer der Locanda del Delta ist die ideale Wahl f\u00fcr Familien oder kleine Gruppen, die einen praktischen und entspannten Aufenthalt w\u00fcnschen. Das geschmackvoll eingerichtete Zimmer verf\u00fcgt \u00fcber ein gro\u00dfes Doppelbett und ein Einzelbett, letzteres in Form eines Sesselbettes, um maximalen Komfort und Zweckm\u00e4\u00dfigkeit zu gew\u00e4hrleisten. Das Zimmer ist mit allen modernen Annehmlichkeiten ausgestattet, darunter kostenloses Wi-Fi, Klimaanlage, Flachbildfernseher und ein eigenes Bad mit Dusche. Der Panoramablick auf den malerischen Comacchio-Kanal schafft eine einzigartige Atmosph\u00e4re, in der die G\u00e4ste die Ruhe und die nat\u00fcrliche Sch\u00f6nheit der Umgebung des Gasthauses genie\u00dfen k\u00f6nnen. Eine einladende Oase der Ruhe im Herzen des Po-Deltas.<\/p>\n","protected":false},"excerpt":{"rendered":"<p>Das Dreibettzimmer der Locanda del Delta ist die ideale Wahl f\u00fcr Familien oder kleine Gruppen, die einen praktischen und entspannten Aufenthalt w\u00fcnschen. Das geschmackvoll eingerichtete Zimmer verf\u00fcgt \u00fcber ein gro\u00dfes Doppelbett und ein Einzelbett, letzteres in Form eines Sesselbettes, um maximalen Komfort und Zweckm\u00e4\u00dfigkeit zu gew\u00e4hrleisten. Das Zimmer ist mit allen modernen Annehmlichkeiten ausgestattet, darunter [&hellip;]<\/p>\n","protected":false},"author":13,"featured_media":0,"parent":292,"menu_order":15,"comment_status":"closed","ping_status":"closed","template":"template-room.php","meta":{"footnotes":""},"class_list":["post-312","page","type-page","status-publish","hentry"],"yoast_head":"<!-- This site is optimized with the Yoast SEO plugin v27.3 - https:\/\/yoast.com\/product\/yoast-seo-wordpress\/ -->\n<title>Dreibettzimmer mit Aussicht - Locanda del Delta -<\/title>\n<meta name=\"description\" content=\"Das Dreibettzimmer der Locanda del Delta ist die ideale Wahl f\u00fcr Familien oder kleine Gruppen, die einen praktischen und entspannten Aufenthalt w\u00fcnschen. Das geschmackvoll eingerichtete Zimmer verf\u00fcgt \u00fcber ein gro\u00dfes Doppelbett und ein Einzelbett, letzteres in Form eines Sesselbettes, um maximalen Komfort und Zweckm\u00e4\u00dfigkeit zu gew\u00e4hrleisten\" \/>\n<meta name=\"robots\" content=\"index, follow, max-snippet:-1, max-image-preview:large, max-video-preview:-1\" \/>\n<link rel=\"canonical\" href=\"https:\/\/www.locandadeldelta.com\/de\/zimmer-suites\/dreibettzimmer-mit-aussicht\/\" \/>\n<meta property=\"og:locale\" content=\"de_DE\" \/>\n<meta property=\"og:type\" content=\"article\" \/>\n<meta property=\"og:title\" content=\"Dreibettzimmer mit Aussicht - Locanda del Delta -\" \/>\n<meta property=\"og:description\" content=\"Das Dreibettzimmer der Locanda del Delta ist die ideale Wahl f\u00fcr Familien oder kleine Gruppen, die einen praktischen und entspannten Aufenthalt w\u00fcnschen. Das geschmackvoll eingerichtete Zimmer verf\u00fcgt \u00fcber ein gro\u00dfes Doppelbett und ein Einzelbett, letzteres in Form eines Sesselbettes, um maximalen Komfort und Zweckm\u00e4\u00dfigkeit zu gew\u00e4hrleisten\" \/>\n<meta property=\"og:url\" content=\"https:\/\/www.locandadeldelta.com\/de\/zimmer-suites\/dreibettzimmer-mit-aussicht\/\" \/>\n<meta property=\"og:site_name\" content=\"Locanda del Delta\" \/>\n<meta property=\"article:publisher\" content=\"https:\/\/www.facebook.com\/LaLocandaDelDelta\/\" \/>\n<meta property=\"article:modified_time\" content=\"2025-04-16T13:48:32+00:00\" \/>\n<meta name=\"twitter:card\" content=\"summary_large_image\" \/>\n<meta name=\"twitter:label1\" content=\"Gesch\u00e4tzte Lesezeit\" \/>\n\t<meta name=\"twitter:data1\" content=\"1 Minute\" \/>\n<script type=\"application\/ld+json\" class=\"yoast-schema-graph\">{\"@context\":\"https:\\\/\\\/schema.org\",\"@graph\":[{\"@type\":\"WebPage\",\"@id\":\"https:\\\/\\\/www.locandadeldelta.com\\\/de\\\/zimmer-suites\\\/dreibettzimmer-mit-aussicht\\\/\",\"url\":\"https:\\\/\\\/www.locandadeldelta.com\\\/de\\\/zimmer-suites\\\/dreibettzimmer-mit-aussicht\\\/\",\"name\":\"Dreibettzimmer mit Aussicht - Locanda del Delta -\",\"isPartOf\":{\"@id\":\"https:\\\/\\\/www.locandadeldelta.com\\\/de\\\/#website\"},\"datePublished\":\"2025-03-04T10:25:15+00:00\",\"dateModified\":\"2025-04-16T13:48:32+00:00\",\"description\":\"Das Dreibettzimmer der Locanda del Delta ist die ideale Wahl f\u00fcr Familien oder kleine Gruppen, die einen praktischen und entspannten Aufenthalt w\u00fcnschen. Das geschmackvoll eingerichtete Zimmer verf\u00fcgt \u00fcber ein gro\u00dfes Doppelbett und ein Einzelbett, letzteres in Form eines Sesselbettes, um maximalen Komfort und Zweckm\u00e4\u00dfigkeit zu gew\u00e4hrleisten\",\"breadcrumb\":{\"@id\":\"https:\\\/\\\/www.locandadeldelta.com\\\/de\\\/zimmer-suites\\\/dreibettzimmer-mit-aussicht\\\/#breadcrumb\"},\"inLanguage\":\"de-DE\",\"potentialAction\":[{\"@type\":\"ReadAction\",\"target\":[\"https:\\\/\\\/www.locandadeldelta.com\\\/de\\\/zimmer-suites\\\/dreibettzimmer-mit-aussicht\\\/\"]}]},{\"@type\":\"BreadcrumbList\",\"@id\":\"https:\\\/\\\/www.locandadeldelta.com\\\/de\\\/zimmer-suites\\\/dreibettzimmer-mit-aussicht\\\/#breadcrumb\",\"itemListElement\":[{\"@type\":\"ListItem\",\"position\":1,\"name\":\"Home\",\"item\":\"https:\\\/\\\/www.locandadeldelta.com\\\/de\\\/\"},{\"@type\":\"ListItem\",\"position\":2,\"name\":\"Zimmer &#038; Suites\",\"item\":\"https:\\\/\\\/www.locandadeldelta.com\\\/de\\\/zimmer-suites\\\/\"},{\"@type\":\"ListItem\",\"position\":3,\"name\":\"Dreibettzimmer mit Aussicht\"}]},{\"@type\":\"WebSite\",\"@id\":\"https:\\\/\\\/www.locandadeldelta.com\\\/de\\\/#website\",\"url\":\"https:\\\/\\\/www.locandadeldelta.com\\\/de\\\/\",\"name\":\"Locanda del Delta\",\"description\":\"\",\"potentialAction\":[{\"@type\":\"SearchAction\",\"target\":{\"@type\":\"EntryPoint\",\"urlTemplate\":\"https:\\\/\\\/www.locandadeldelta.com\\\/de\\\/?s={search_term_string}\"},\"query-input\":{\"@type\":\"PropertyValueSpecification\",\"valueRequired\":true,\"valueName\":\"search_term_string\"}}],\"inLanguage\":\"de-DE\"}]}<\/script>\n<!-- \/ Yoast SEO plugin. -->","yoast_head_json":{"title":"Dreibettzimmer mit Aussicht - Locanda del Delta -","description":"Das Dreibettzimmer der Locanda del Delta ist die ideale Wahl f\u00fcr Familien oder kleine Gruppen, die einen praktischen und entspannten Aufenthalt w\u00fcnschen. Das geschmackvoll eingerichtete Zimmer verf\u00fcgt \u00fcber ein gro\u00dfes Doppelbett und ein Einzelbett, letzteres in Form eines Sesselbettes, um maximalen Komfort und Zweckm\u00e4\u00dfigkeit zu gew\u00e4hrleisten","robots":{"index":"index","follow":"follow","max-snippet":"max-snippet:-1","max-image-preview":"max-image-preview:large","max-video-preview":"max-video-preview:-1"},"canonical":"https:\/\/www.locandadeldelta.com\/de\/zimmer-suites\/dreibettzimmer-mit-aussicht\/","og_locale":"de_DE","og_type":"article","og_title":"Dreibettzimmer mit Aussicht - Locanda del Delta -","og_description":"Das Dreibettzimmer der Locanda del Delta ist die ideale Wahl f\u00fcr Familien oder kleine Gruppen, die einen praktischen und entspannten Aufenthalt w\u00fcnschen. Das geschmackvoll eingerichtete Zimmer verf\u00fcgt \u00fcber ein gro\u00dfes Doppelbett und ein Einzelbett, letzteres in Form eines Sesselbettes, um maximalen Komfort und Zweckm\u00e4\u00dfigkeit zu gew\u00e4hrleisten","og_url":"https:\/\/www.locandadeldelta.com\/de\/zimmer-suites\/dreibettzimmer-mit-aussicht\/","og_site_name":"Locanda del Delta","article_publisher":"https:\/\/www.facebook.com\/LaLocandaDelDelta\/","article_modified_time":"2025-04-16T13:48:32+00:00","twitter_card":"summary_large_image","twitter_misc":{"Gesch\u00e4tzte Lesezeit":"1 Minute"},"schema":{"@context":"https:\/\/schema.org","@graph":[{"@type":"WebPage","@id":"https:\/\/www.locandadeldelta.com\/de\/zimmer-suites\/dreibettzimmer-mit-aussicht\/","url":"https:\/\/www.locandadeldelta.com\/de\/zimmer-suites\/dreibettzimmer-mit-aussicht\/","name":"Dreibettzimmer mit Aussicht - Locanda del Delta -","isPartOf":{"@id":"https:\/\/www.locandadeldelta.com\/de\/#website"},"datePublished":"2025-03-04T10:25:15+00:00","dateModified":"2025-04-16T13:48:32+00:00","description":"Das Dreibettzimmer der Locanda del Delta ist die ideale Wahl f\u00fcr Familien oder kleine Gruppen, die einen praktischen und entspannten Aufenthalt w\u00fcnschen. Das geschmackvoll eingerichtete Zimmer verf\u00fcgt \u00fcber ein gro\u00dfes Doppelbett und ein Einzelbett, letzteres in Form eines Sesselbettes, um maximalen Komfort und Zweckm\u00e4\u00dfigkeit zu gew\u00e4hrleisten","breadcrumb":{"@id":"https:\/\/www.locandadeldelta.com\/de\/zimmer-suites\/dreibettzimmer-mit-aussicht\/#breadcrumb"},"inLanguage":"de-DE","potentialAction":[{"@type":"ReadAction","target":["https:\/\/www.locandadeldelta.com\/de\/zimmer-suites\/dreibettzimmer-mit-aussicht\/"]}]},{"@type":"BreadcrumbList","@id":"https:\/\/www.locandadeldelta.com\/de\/zimmer-suites\/dreibettzimmer-mit-aussicht\/#breadcrumb","itemListElement":[{"@type":"ListItem","position":1,"name":"Home","item":"https:\/\/www.locandadeldelta.com\/de\/"},{"@type":"ListItem","position":2,"name":"Zimmer &#038; Suites","item":"https:\/\/www.locandadeldelta.com\/de\/zimmer-suites\/"},{"@type":"ListItem","position":3,"name":"Dreibettzimmer mit Aussicht"}]},{"@type":"WebSite","@id":"https:\/\/www.locandadeldelta.com\/de\/#website","url":"https:\/\/www.locandadeldelta.com\/de\/","name":"Locanda del Delta","description":"","potentialAction":[{"@type":"SearchAction","target":{"@type":"EntryPoint","urlTemplate":"https:\/\/www.locandadeldelta.com\/de\/?s={search_term_string}"},"query-input":{"@type":"PropertyValueSpecification","valueRequired":true,"valueName":"search_term_string"}}],"inLanguage":"de-DE"}]}},"acf":[],"_links":{"self":[{"href":"https:\/\/www.locandadeldelta.com\/de\/wp-json\/wp\/v2\/pages\/312","targetHints":{"allow":["GET"]}}],"collection":[{"href":"https:\/\/www.locandadeldelta.com\/de\/wp-json\/wp\/v2\/pages"}],"about":[{"href":"https:\/\/www.locandadeldelta.com\/de\/wp-json\/wp\/v2\/types\/page"}],"author":[{"embeddable":true,"href":"https:\/\/www.locandadeldelta.com\/de\/wp-json\/wp\/v2\/users\/13"}],"replies":[{"embeddable":true,"href":"https:\/\/www.locandadeldelta.com\/de\/wp-json\/wp\/v2\/comments?post=312"}],"version-history":[{"count":0,"href":"https:\/\/www.locandadeldelta.com\/de\/wp-json\/wp\/v2\/pages\/312\/revisions"}],"up":[{"embeddable":true,"href":"https:\/\/www.locandadeldelta.com\/de\/wp-json\/wp\/v2\/pages\/292"}],"wp:attachment":[{"href":"https:\/\/www.locandadeldelta.com\/de\/wp-json\/wp\/v2\/media?parent=312"}],"curies":[{"name":"wp","href":"https:\/\/api.w.org\/{rel}","templated":true}]}}