   {"id":330,"date":"2025-03-04T13:19:11","date_gmt":"2025-03-04T13:19:11","guid":{"rendered":"https:\/\/www.locandadeldelta.com\/?page_id=330"},"modified":"2025-04-16T14:53:37","modified_gmt":"2025-04-16T14:53:37","slug":"suite-plus","status":"publish","type":"page","link":"https:\/\/www.locandadeldelta.com\/de\/zimmer-suites\/suite-plus\/","title":{"rendered":"Suite Plus"},"content":{"rendered":"<p>Die Suite in der Locanda del Delta ist eine Oase des Luxus und des Komforts, perfekt f\u00fcr diejenigen, die einen exklusiven Aufenthalt suchen. Sie besteht aus einem ger\u00e4umigen Schlafzimmer mit Doppelbett und einem gem\u00fctlichen Wohnbereich mit einem bequemen Schlafsofa, ideal f\u00fcr die Unterbringung von zwei weiteren Mitgliedern der Gruppe oder Familie. Eine private Terrasse sowie die Fenster des Zimmers bieten einen bezaubernden Blick auf einen der malerischen Kan\u00e4le von Comacchio. Das elegante und moderne Badezimmer verf\u00fcgt \u00fcber eine Dusche und eine Badewanne, die f\u00fcr ein entspannendes Erlebnis sorgen. Die Suite ist au\u00dferdem mit allen modernen Annehmlichkeiten ausgestattet, darunter kostenloses WLAN, Klimaanlage und Flachbildfernseher. Zur Ausstattung des Zimmers geh\u00f6ren u. a. Hausschuhe und weiche Badem\u00e4ntel. Ein perfekter Rahmen f\u00fcr alle, die ein raffiniertes und unvergessliches Erlebnis im Herzen des Po-Deltas suchen.<\/p>\n","protected":false},"excerpt":{"rendered":"<p>Die Suite in der Locanda del Delta ist eine Oase des Luxus und des Komforts, perfekt f\u00fcr diejenigen, die einen exklusiven Aufenthalt suchen. Sie besteht aus einem ger\u00e4umigen Schlafzimmer mit Doppelbett und einem gem\u00fctlichen Wohnbereich mit einem bequemen Schlafsofa, ideal f\u00fcr die Unterbringung von zwei weiteren Mitgliedern der Gruppe oder Familie. Eine private Terrasse sowie [&hellip;]<\/p>\n","protected":false},"author":13,"featured_media":0,"parent":292,"menu_order":30,"comment_status":"closed","ping_status":"closed","template":"template-room.php","meta":{"footnotes":""},"class_list":["post-330","page","type-page","status-publish","hentry"],"yoast_head":"<!-- This site is optimized with the Yoast SEO plugin v27.3 - https:\/\/yoast.com\/product\/yoast-seo-wordpress\/ -->\n<title>Suite Plus - Locanda del Delta -<\/title>\n<meta name=\"description\" content=\"Die Suite in der Locanda del Delta ist eine Oase des Luxus und des Komforts, perfekt f\u00fcr diejenigen, die einen exklusiven Aufenthalt suchen. Sie besteht aus einem ger\u00e4umigen Schlafzimmer mit Doppelbett und einem gem\u00fctlichen Wohnbereich mit einem bequemen Schlafsofa, ideal f\u00fcr die Unterbringung von zwei weiteren Mitgliedern der Gruppe oder Familie\" \/>\n<meta name=\"robots\" content=\"index, follow, max-snippet:-1, max-image-preview:large, max-video-preview:-1\" \/>\n<link rel=\"canonical\" href=\"https:\/\/www.locandadeldelta.com\/de\/zimmer-suites\/suite-plus\/\" \/>\n<meta property=\"og:locale\" content=\"de_DE\" \/>\n<meta property=\"og:type\" content=\"article\" \/>\n<meta property=\"og:title\" content=\"Suite Plus - Locanda del Delta -\" \/>\n<meta property=\"og:description\" content=\"Die Suite in der Locanda del Delta ist eine Oase des Luxus und des Komforts, perfekt f\u00fcr diejenigen, die einen exklusiven Aufenthalt suchen. Sie besteht aus einem ger\u00e4umigen Schlafzimmer mit Doppelbett und einem gem\u00fctlichen Wohnbereich mit einem bequemen Schlafsofa, ideal f\u00fcr die Unterbringung von zwei weiteren Mitgliedern der Gruppe oder Familie\" \/>\n<meta property=\"og:url\" content=\"https:\/\/www.locandadeldelta.com\/de\/zimmer-suites\/suite-plus\/\" \/>\n<meta property=\"og:site_name\" content=\"Locanda del Delta\" \/>\n<meta property=\"article:publisher\" content=\"https:\/\/www.facebook.com\/LaLocandaDelDelta\/\" \/>\n<meta property=\"article:modified_time\" content=\"2025-04-16T14:53:37+00:00\" \/>\n<meta name=\"twitter:card\" content=\"summary_large_image\" \/>\n<meta name=\"twitter:label1\" content=\"Gesch\u00e4tzte Lesezeit\" \/>\n\t<meta name=\"twitter:data1\" content=\"1 Minute\" \/>\n<script type=\"application\/ld+json\" class=\"yoast-schema-graph\">{\"@context\":\"https:\\\/\\\/schema.org\",\"@graph\":[{\"@type\":\"WebPage\",\"@id\":\"https:\\\/\\\/www.locandadeldelta.com\\\/de\\\/zimmer-suites\\\/suite-plus\\\/\",\"url\":\"https:\\\/\\\/www.locandadeldelta.com\\\/de\\\/zimmer-suites\\\/suite-plus\\\/\",\"name\":\"Suite Plus - Locanda del Delta -\",\"isPartOf\":{\"@id\":\"https:\\\/\\\/www.locandadeldelta.com\\\/de\\\/#website\"},\"datePublished\":\"2025-03-04T13:19:11+00:00\",\"dateModified\":\"2025-04-16T14:53:37+00:00\",\"description\":\"Die Suite in der Locanda del Delta ist eine Oase des Luxus und des Komforts, perfekt f\u00fcr diejenigen, die einen exklusiven Aufenthalt suchen. Sie besteht aus einem ger\u00e4umigen Schlafzimmer mit Doppelbett und einem gem\u00fctlichen Wohnbereich mit einem bequemen Schlafsofa, ideal f\u00fcr die Unterbringung von zwei weiteren Mitgliedern der Gruppe oder Familie\",\"breadcrumb\":{\"@id\":\"https:\\\/\\\/www.locandadeldelta.com\\\/de\\\/zimmer-suites\\\/suite-plus\\\/#breadcrumb\"},\"inLanguage\":\"de-DE\",\"potentialAction\":[{\"@type\":\"ReadAction\",\"target\":[\"https:\\\/\\\/www.locandadeldelta.com\\\/de\\\/zimmer-suites\\\/suite-plus\\\/\"]}]},{\"@type\":\"BreadcrumbList\",\"@id\":\"https:\\\/\\\/www.locandadeldelta.com\\\/de\\\/zimmer-suites\\\/suite-plus\\\/#breadcrumb\",\"itemListElement\":[{\"@type\":\"ListItem\",\"position\":1,\"name\":\"Home\",\"item\":\"https:\\\/\\\/www.locandadeldelta.com\\\/de\\\/\"},{\"@type\":\"ListItem\",\"position\":2,\"name\":\"Zimmer &#038; Suites\",\"item\":\"https:\\\/\\\/www.locandadeldelta.com\\\/de\\\/zimmer-suites\\\/\"},{\"@type\":\"ListItem\",\"position\":3,\"name\":\"Suite Plus\"}]},{\"@type\":\"WebSite\",\"@id\":\"https:\\\/\\\/www.locandadeldelta.com\\\/de\\\/#website\",\"url\":\"https:\\\/\\\/www.locandadeldelta.com\\\/de\\\/\",\"name\":\"Locanda del Delta\",\"description\":\"\",\"potentialAction\":[{\"@type\":\"SearchAction\",\"target\":{\"@type\":\"EntryPoint\",\"urlTemplate\":\"https:\\\/\\\/www.locandadeldelta.com\\\/de\\\/?s={search_term_string}\"},\"query-input\":{\"@type\":\"PropertyValueSpecification\",\"valueRequired\":true,\"valueName\":\"search_term_string\"}}],\"inLanguage\":\"de-DE\"}]}<\/script>\n<!-- \/ Yoast SEO plugin. -->","yoast_head_json":{"title":"Suite Plus - Locanda del Delta -","description":"Die Suite in der Locanda del Delta ist eine Oase des Luxus und des Komforts, perfekt f\u00fcr diejenigen, die einen exklusiven Aufenthalt suchen. Sie besteht aus einem ger\u00e4umigen Schlafzimmer mit Doppelbett und einem gem\u00fctlichen Wohnbereich mit einem bequemen Schlafsofa, ideal f\u00fcr die Unterbringung von zwei weiteren Mitgliedern der Gruppe oder Familie","robots":{"index":"index","follow":"follow","max-snippet":"max-snippet:-1","max-image-preview":"max-image-preview:large","max-video-preview":"max-video-preview:-1"},"canonical":"https:\/\/www.locandadeldelta.com\/de\/zimmer-suites\/suite-plus\/","og_locale":"de_DE","og_type":"article","og_title":"Suite Plus - Locanda del Delta -","og_description":"Die Suite in der Locanda del Delta ist eine Oase des Luxus und des Komforts, perfekt f\u00fcr diejenigen, die einen exklusiven Aufenthalt suchen. Sie besteht aus einem ger\u00e4umigen Schlafzimmer mit Doppelbett und einem gem\u00fctlichen Wohnbereich mit einem bequemen Schlafsofa, ideal f\u00fcr die Unterbringung von zwei weiteren Mitgliedern der Gruppe oder Familie","og_url":"https:\/\/www.locandadeldelta.com\/de\/zimmer-suites\/suite-plus\/","og_site_name":"Locanda del Delta","article_publisher":"https:\/\/www.facebook.com\/LaLocandaDelDelta\/","article_modified_time":"2025-04-16T14:53:37+00:00","twitter_card":"summary_large_image","twitter_misc":{"Gesch\u00e4tzte Lesezeit":"1 Minute"},"schema":{"@context":"https:\/\/schema.org","@graph":[{"@type":"WebPage","@id":"https:\/\/www.locandadeldelta.com\/de\/zimmer-suites\/suite-plus\/","url":"https:\/\/www.locandadeldelta.com\/de\/zimmer-suites\/suite-plus\/","name":"Suite Plus - Locanda del Delta -","isPartOf":{"@id":"https:\/\/www.locandadeldelta.com\/de\/#website"},"datePublished":"2025-03-04T13:19:11+00:00","dateModified":"2025-04-16T14:53:37+00:00","description":"Die Suite in der Locanda del Delta ist eine Oase des Luxus und des Komforts, perfekt f\u00fcr diejenigen, die einen exklusiven Aufenthalt suchen. Sie besteht aus einem ger\u00e4umigen Schlafzimmer mit Doppelbett und einem gem\u00fctlichen Wohnbereich mit einem bequemen Schlafsofa, ideal f\u00fcr die Unterbringung von zwei weiteren Mitgliedern der Gruppe oder Familie","breadcrumb":{"@id":"https:\/\/www.locandadeldelta.com\/de\/zimmer-suites\/suite-plus\/#breadcrumb"},"inLanguage":"de-DE","potentialAction":[{"@type":"ReadAction","target":["https:\/\/www.locandadeldelta.com\/de\/zimmer-suites\/suite-plus\/"]}]},{"@type":"BreadcrumbList","@id":"https:\/\/www.locandadeldelta.com\/de\/zimmer-suites\/suite-plus\/#breadcrumb","itemListElement":[{"@type":"ListItem","position":1,"name":"Home","item":"https:\/\/www.locandadeldelta.com\/de\/"},{"@type":"ListItem","position":2,"name":"Zimmer &#038; Suites","item":"https:\/\/www.locandadeldelta.com\/de\/zimmer-suites\/"},{"@type":"ListItem","position":3,"name":"Suite Plus"}]},{"@type":"WebSite","@id":"https:\/\/www.locandadeldelta.com\/de\/#website","url":"https:\/\/www.locandadeldelta.com\/de\/","name":"Locanda del Delta","description":"","potentialAction":[{"@type":"SearchAction","target":{"@type":"EntryPoint","urlTemplate":"https:\/\/www.locandadeldelta.com\/de\/?s={search_term_string}"},"query-input":{"@type":"PropertyValueSpecification","valueRequired":true,"valueName":"search_term_string"}}],"inLanguage":"de-DE"}]}},"acf":[],"_links":{"self":[{"href":"https:\/\/www.locandadeldelta.com\/de\/wp-json\/wp\/v2\/pages\/330","targetHints":{"allow":["GET"]}}],"collection":[{"href":"https:\/\/www.locandadeldelta.com\/de\/wp-json\/wp\/v2\/pages"}],"about":[{"href":"https:\/\/www.locandadeldelta.com\/de\/wp-json\/wp\/v2\/types\/page"}],"author":[{"embeddable":true,"href":"https:\/\/www.locandadeldelta.com\/de\/wp-json\/wp\/v2\/users\/13"}],"replies":[{"embeddable":true,"href":"https:\/\/www.locandadeldelta.com\/de\/wp-json\/wp\/v2\/comments?post=330"}],"version-history":[{"count":0,"href":"https:\/\/www.locandadeldelta.com\/de\/wp-json\/wp\/v2\/pages\/330\/revisions"}],"up":[{"embeddable":true,"href":"https:\/\/www.locandadeldelta.com\/de\/wp-json\/wp\/v2\/pages\/292"}],"wp:attachment":[{"href":"https:\/\/www.locandadeldelta.com\/de\/wp-json\/wp\/v2\/media?parent=330"}],"curies":[{"name":"wp","href":"https:\/\/api.w.org\/{rel}","templated":true}]}}