   {"id":342,"date":"2025-03-04T13:27:18","date_gmt":"2025-03-04T13:27:18","guid":{"rendered":"https:\/\/www.locandadeldelta.com\/?page_id=342"},"modified":"2025-04-17T12:55:41","modified_gmt":"2025-04-17T12:55:41","slug":"restaurant-pizzeria-locanda-del-delta","status":"publish","type":"page","link":"https:\/\/www.locandadeldelta.com\/de\/restaurant-pizzeria-locanda-del-delta\/","title":{"rendered":"Restaurant Pizzeria &#8222;Locanda del Delta&#8220;"},"content":{"rendered":"<p>Das Restaurant <strong>Locanda del Delta<\/strong> ist ein Bezugspunkt f\u00fcr alle, die eine mit der Region verbundene gastronomische Erfahrung suchen, mit einer K\u00fcche, die die authentischen Aromen des Po-Deltas hervorhebt.<br \/>\nDas klug renovierte Geb\u00e4ude hat einen rustikalen und doch eleganten Charakter, mit einem Ambiente, das traditionelle und moderne Elemente verbindet.<\/p>\n<p>&nbsp;<\/p>\n<p>Im Inneren ist der Saal mit 70 Pl\u00e4tzen einfach, aber geschmackvoll eingerichtet und schafft eine intime und gem\u00fctliche Atmosph\u00e4re, eignet sich aber auch f\u00fcr organisierte Veranstaltungen und Feste. Bei sch\u00f6nem Wetter kann man auch drau\u00dfen sitzen und die Ruhe und die einzigartige Atmosph\u00e4re des historischen Zentrums genie\u00dfen.<\/p>\n","protected":false},"excerpt":{"rendered":"<p>Das Restaurant Locanda del Delta ist ein Bezugspunkt f\u00fcr alle, die eine mit der Region verbundene gastronomische Erfahrung suchen, mit einer K\u00fcche, die die authentischen Aromen des Po-Deltas hervorhebt. Das klug renovierte Geb\u00e4ude hat einen rustikalen und doch eleganten Charakter, mit einem Ambiente, das traditionelle und moderne Elemente verbindet. &nbsp; Im Inneren ist der Saal [&hellip;]<\/p>\n","protected":false},"author":13,"featured_media":0,"parent":0,"menu_order":20,"comment_status":"closed","ping_status":"closed","template":"template-restaurant.php","meta":{"footnotes":""},"class_list":["post-342","page","type-page","status-publish","hentry"],"yoast_head":"<!-- This site is optimized with the Yoast SEO plugin v27.3 - https:\/\/yoast.com\/product\/yoast-seo-wordpress\/ -->\n<title>Restaurant Pizzeria &quot;Locanda del Delta&quot; - Locanda del Delta -<\/title>\n<meta name=\"description\" content=\"Das Restaurant Locanda del Delta ist ein Bezugspunkt f\u00fcr alle, die eine mit der Region verbundene gastronomische Erfahrung suchen, mit einer K\u00fcche, die die authentischen Aromen des Po-Deltas hervorhebt. Das klug renovierte Geb\u00e4ude hat einen rustikalen und doch eleganten Charakter, mit einem Ambiente, das traditionelle und moderne Elemente verbindet.  &nbsp;  Im Inneren ist der Saal mit 70 Pl\u00e4tzen einfach, aber geschmackvoll eingerichtet und schafft eine intime und gem\u00fctliche Atmosph\u00e4re, eignet sich aber auch f\u00fcr organisierte Veranstaltungen und Feste. Bei sch\u00f6nem Wetter kann man auch drau\u00dfen sitzen und die Ruhe und die einzigartige Atmosph\u00e4re des historischen Zentrums genie\u00dfen.\" \/>\n<meta name=\"robots\" content=\"index, follow, max-snippet:-1, max-image-preview:large, max-video-preview:-1\" \/>\n<link rel=\"canonical\" href=\"https:\/\/www.locandadeldelta.com\/de\/restaurant-pizzeria-locanda-del-delta\/\" \/>\n<meta property=\"og:locale\" content=\"de_DE\" \/>\n<meta property=\"og:type\" content=\"article\" \/>\n<meta property=\"og:title\" content=\"Restaurant Pizzeria &quot;Locanda del Delta&quot; - Locanda del Delta -\" \/>\n<meta property=\"og:description\" content=\"Das Restaurant Locanda del Delta ist ein Bezugspunkt f\u00fcr alle, die eine mit der Region verbundene gastronomische Erfahrung suchen, mit einer K\u00fcche, die die authentischen Aromen des Po-Deltas hervorhebt. Das klug renovierte Geb\u00e4ude hat einen rustikalen und doch eleganten Charakter, mit einem Ambiente, das traditionelle und moderne Elemente verbindet.  &nbsp;  Im Inneren ist der Saal mit 70 Pl\u00e4tzen einfach, aber geschmackvoll eingerichtet und schafft eine intime und gem\u00fctliche Atmosph\u00e4re, eignet sich aber auch f\u00fcr organisierte Veranstaltungen und Feste. Bei sch\u00f6nem Wetter kann man auch drau\u00dfen sitzen und die Ruhe und die einzigartige Atmosph\u00e4re des historischen Zentrums genie\u00dfen.\" \/>\n<meta property=\"og:url\" content=\"https:\/\/www.locandadeldelta.com\/de\/restaurant-pizzeria-locanda-del-delta\/\" \/>\n<meta property=\"og:site_name\" content=\"Locanda del Delta\" \/>\n<meta property=\"article:publisher\" content=\"https:\/\/www.facebook.com\/LaLocandaDelDelta\/\" \/>\n<meta property=\"article:modified_time\" content=\"2025-04-17T12:55:41+00:00\" \/>\n<meta name=\"twitter:card\" content=\"summary_large_image\" \/>\n<meta name=\"twitter:label1\" content=\"Gesch\u00e4tzte Lesezeit\" \/>\n\t<meta name=\"twitter:data1\" content=\"1 Minute\" \/>\n<script type=\"application\/ld+json\" class=\"yoast-schema-graph\">{\"@context\":\"https:\\\/\\\/schema.org\",\"@graph\":[{\"@type\":\"WebPage\",\"@id\":\"https:\\\/\\\/www.locandadeldelta.com\\\/de\\\/restaurant-pizzeria-locanda-del-delta\\\/\",\"url\":\"https:\\\/\\\/www.locandadeldelta.com\\\/de\\\/restaurant-pizzeria-locanda-del-delta\\\/\",\"name\":\"Restaurant Pizzeria \\\"Locanda del Delta\\\" - Locanda del Delta -\",\"isPartOf\":{\"@id\":\"https:\\\/\\\/www.locandadeldelta.com\\\/de\\\/#website\"},\"datePublished\":\"2025-03-04T13:27:18+00:00\",\"dateModified\":\"2025-04-17T12:55:41+00:00\",\"description\":\"Das Restaurant Locanda del Delta ist ein Bezugspunkt f\u00fcr alle, die eine mit der Region verbundene gastronomische Erfahrung suchen, mit einer K\u00fcche, die die authentischen Aromen des Po-Deltas hervorhebt. Das klug renovierte Geb\u00e4ude hat einen rustikalen und doch eleganten Charakter, mit einem Ambiente, das traditionelle und moderne Elemente verbindet. &nbsp; Im Inneren ist der Saal mit 70 Pl\u00e4tzen einfach, aber geschmackvoll eingerichtet und schafft eine intime und gem\u00fctliche Atmosph\u00e4re, eignet sich aber auch f\u00fcr organisierte Veranstaltungen und Feste. Bei sch\u00f6nem Wetter kann man auch drau\u00dfen sitzen und die Ruhe und die einzigartige Atmosph\u00e4re des historischen Zentrums genie\u00dfen.\",\"breadcrumb\":{\"@id\":\"https:\\\/\\\/www.locandadeldelta.com\\\/de\\\/restaurant-pizzeria-locanda-del-delta\\\/#breadcrumb\"},\"inLanguage\":\"de-DE\",\"potentialAction\":[{\"@type\":\"ReadAction\",\"target\":[\"https:\\\/\\\/www.locandadeldelta.com\\\/de\\\/restaurant-pizzeria-locanda-del-delta\\\/\"]}]},{\"@type\":\"BreadcrumbList\",\"@id\":\"https:\\\/\\\/www.locandadeldelta.com\\\/de\\\/restaurant-pizzeria-locanda-del-delta\\\/#breadcrumb\",\"itemListElement\":[{\"@type\":\"ListItem\",\"position\":1,\"name\":\"Home\",\"item\":\"https:\\\/\\\/www.locandadeldelta.com\\\/de\\\/\"},{\"@type\":\"ListItem\",\"position\":2,\"name\":\"Restaurant Pizzeria &#8220;Locanda del Delta&#8221;\"}]},{\"@type\":\"WebSite\",\"@id\":\"https:\\\/\\\/www.locandadeldelta.com\\\/de\\\/#website\",\"url\":\"https:\\\/\\\/www.locandadeldelta.com\\\/de\\\/\",\"name\":\"Locanda del Delta\",\"description\":\"\",\"potentialAction\":[{\"@type\":\"SearchAction\",\"target\":{\"@type\":\"EntryPoint\",\"urlTemplate\":\"https:\\\/\\\/www.locandadeldelta.com\\\/de\\\/?s={search_term_string}\"},\"query-input\":{\"@type\":\"PropertyValueSpecification\",\"valueRequired\":true,\"valueName\":\"search_term_string\"}}],\"inLanguage\":\"de-DE\"}]}<\/script>\n<!-- \/ Yoast SEO plugin. -->","yoast_head_json":{"title":"Restaurant Pizzeria \"Locanda del Delta\" - Locanda del Delta -","description":"Das Restaurant Locanda del Delta ist ein Bezugspunkt f\u00fcr alle, die eine mit der Region verbundene gastronomische Erfahrung suchen, mit einer K\u00fcche, die die authentischen Aromen des Po-Deltas hervorhebt. Das klug renovierte Geb\u00e4ude hat einen rustikalen und doch eleganten Charakter, mit einem Ambiente, das traditionelle und moderne Elemente verbindet.  &nbsp;  Im Inneren ist der Saal mit 70 Pl\u00e4tzen einfach, aber geschmackvoll eingerichtet und schafft eine intime und gem\u00fctliche Atmosph\u00e4re, eignet sich aber auch f\u00fcr organisierte Veranstaltungen und Feste. Bei sch\u00f6nem Wetter kann man auch drau\u00dfen sitzen und die Ruhe und die einzigartige Atmosph\u00e4re des historischen Zentrums genie\u00dfen.","robots":{"index":"index","follow":"follow","max-snippet":"max-snippet:-1","max-image-preview":"max-image-preview:large","max-video-preview":"max-video-preview:-1"},"canonical":"https:\/\/www.locandadeldelta.com\/de\/restaurant-pizzeria-locanda-del-delta\/","og_locale":"de_DE","og_type":"article","og_title":"Restaurant Pizzeria \"Locanda del Delta\" - Locanda del Delta -","og_description":"Das Restaurant Locanda del Delta ist ein Bezugspunkt f\u00fcr alle, die eine mit der Region verbundene gastronomische Erfahrung suchen, mit einer K\u00fcche, die die authentischen Aromen des Po-Deltas hervorhebt. Das klug renovierte Geb\u00e4ude hat einen rustikalen und doch eleganten Charakter, mit einem Ambiente, das traditionelle und moderne Elemente verbindet.  &nbsp;  Im Inneren ist der Saal mit 70 Pl\u00e4tzen einfach, aber geschmackvoll eingerichtet und schafft eine intime und gem\u00fctliche Atmosph\u00e4re, eignet sich aber auch f\u00fcr organisierte Veranstaltungen und Feste. Bei sch\u00f6nem Wetter kann man auch drau\u00dfen sitzen und die Ruhe und die einzigartige Atmosph\u00e4re des historischen Zentrums genie\u00dfen.","og_url":"https:\/\/www.locandadeldelta.com\/de\/restaurant-pizzeria-locanda-del-delta\/","og_site_name":"Locanda del Delta","article_publisher":"https:\/\/www.facebook.com\/LaLocandaDelDelta\/","article_modified_time":"2025-04-17T12:55:41+00:00","twitter_card":"summary_large_image","twitter_misc":{"Gesch\u00e4tzte Lesezeit":"1 Minute"},"schema":{"@context":"https:\/\/schema.org","@graph":[{"@type":"WebPage","@id":"https:\/\/www.locandadeldelta.com\/de\/restaurant-pizzeria-locanda-del-delta\/","url":"https:\/\/www.locandadeldelta.com\/de\/restaurant-pizzeria-locanda-del-delta\/","name":"Restaurant Pizzeria \"Locanda del Delta\" - Locanda del Delta -","isPartOf":{"@id":"https:\/\/www.locandadeldelta.com\/de\/#website"},"datePublished":"2025-03-04T13:27:18+00:00","dateModified":"2025-04-17T12:55:41+00:00","description":"Das Restaurant Locanda del Delta ist ein Bezugspunkt f\u00fcr alle, die eine mit der Region verbundene gastronomische Erfahrung suchen, mit einer K\u00fcche, die die authentischen Aromen des Po-Deltas hervorhebt. Das klug renovierte Geb\u00e4ude hat einen rustikalen und doch eleganten Charakter, mit einem Ambiente, das traditionelle und moderne Elemente verbindet. &nbsp; Im Inneren ist der Saal mit 70 Pl\u00e4tzen einfach, aber geschmackvoll eingerichtet und schafft eine intime und gem\u00fctliche Atmosph\u00e4re, eignet sich aber auch f\u00fcr organisierte Veranstaltungen und Feste. Bei sch\u00f6nem Wetter kann man auch drau\u00dfen sitzen und die Ruhe und die einzigartige Atmosph\u00e4re des historischen Zentrums genie\u00dfen.","breadcrumb":{"@id":"https:\/\/www.locandadeldelta.com\/de\/restaurant-pizzeria-locanda-del-delta\/#breadcrumb"},"inLanguage":"de-DE","potentialAction":[{"@type":"ReadAction","target":["https:\/\/www.locandadeldelta.com\/de\/restaurant-pizzeria-locanda-del-delta\/"]}]},{"@type":"BreadcrumbList","@id":"https:\/\/www.locandadeldelta.com\/de\/restaurant-pizzeria-locanda-del-delta\/#breadcrumb","itemListElement":[{"@type":"ListItem","position":1,"name":"Home","item":"https:\/\/www.locandadeldelta.com\/de\/"},{"@type":"ListItem","position":2,"name":"Restaurant Pizzeria &#8220;Locanda del Delta&#8221;"}]},{"@type":"WebSite","@id":"https:\/\/www.locandadeldelta.com\/de\/#website","url":"https:\/\/www.locandadeldelta.com\/de\/","name":"Locanda del Delta","description":"","potentialAction":[{"@type":"SearchAction","target":{"@type":"EntryPoint","urlTemplate":"https:\/\/www.locandadeldelta.com\/de\/?s={search_term_string}"},"query-input":{"@type":"PropertyValueSpecification","valueRequired":true,"valueName":"search_term_string"}}],"inLanguage":"de-DE"}]}},"acf":[],"_links":{"self":[{"href":"https:\/\/www.locandadeldelta.com\/de\/wp-json\/wp\/v2\/pages\/342","targetHints":{"allow":["GET"]}}],"collection":[{"href":"https:\/\/www.locandadeldelta.com\/de\/wp-json\/wp\/v2\/pages"}],"about":[{"href":"https:\/\/www.locandadeldelta.com\/de\/wp-json\/wp\/v2\/types\/page"}],"author":[{"embeddable":true,"href":"https:\/\/www.locandadeldelta.com\/de\/wp-json\/wp\/v2\/users\/13"}],"replies":[{"embeddable":true,"href":"https:\/\/www.locandadeldelta.com\/de\/wp-json\/wp\/v2\/comments?post=342"}],"version-history":[{"count":0,"href":"https:\/\/www.locandadeldelta.com\/de\/wp-json\/wp\/v2\/pages\/342\/revisions"}],"wp:attachment":[{"href":"https:\/\/www.locandadeldelta.com\/de\/wp-json\/wp\/v2\/media?parent=342"}],"curies":[{"name":"wp","href":"https:\/\/api.w.org\/{rel}","templated":true}]}}