   {"id":348,"date":"2025-03-04T15:12:27","date_gmt":"2025-03-04T15:12:27","guid":{"rendered":"https:\/\/www.locandadeldelta.com\/?page_id=348"},"modified":"2025-04-17T12:59:42","modified_gmt":"2025-04-17T12:59:42","slug":"galerie","status":"publish","type":"page","link":"https:\/\/www.locandadeldelta.com\/de\/galerie\/","title":{"rendered":"Galerie"},"content":{"rendered":"<p>Entdecken Sie La Locanda del Delta durch Bilder, die die Essenz eines Aufenthalts inmitten von Geschichte und Natur erz\u00e4hlen. Von den eleganten und komfortablen Zimmern bis zu den Gemeinschaftsr\u00e4umen, die bis ins kleinste Detail durchdacht sind, vom atemberaubenden Blick auf den Delta-Park bis zu den gastronomischen Erlebnissen, die nur unser Restaurant bieten kann, entdecken Sie jeden Winkel, der f\u00fcr Ihre Entspannung und Ihr Wohlbefinden gedacht ist. Lassen Sie sich inspirieren und tr\u00e4umen Sie von Ihrem n\u00e4chsten Urlaub in der Stille des Po-Deltas!<\/p>\n","protected":false},"excerpt":{"rendered":"<p>Entdecken Sie La Locanda del Delta durch Bilder, die die Essenz eines Aufenthalts inmitten von Geschichte und Natur erz\u00e4hlen. Von den eleganten und komfortablen Zimmern bis zu den Gemeinschaftsr\u00e4umen, die bis ins kleinste Detail durchdacht sind, vom atemberaubenden Blick auf den Delta-Park bis zu den gastronomischen Erlebnissen, die nur unser Restaurant bieten kann, entdecken Sie [&hellip;]<\/p>\n","protected":false},"author":13,"featured_media":0,"parent":0,"menu_order":30,"comment_status":"closed","ping_status":"closed","template":"template-gallery.php","meta":{"footnotes":""},"class_list":["post-348","page","type-page","status-publish","hentry"],"yoast_head":"<!-- This site is optimized with the Yoast SEO plugin v27.3 - https:\/\/yoast.com\/product\/yoast-seo-wordpress\/ -->\n<title>Galerie - Locanda del Delta -<\/title>\n<meta name=\"description\" content=\"Entdecken Sie La Locanda del Delta durch Bilder, die die Essenz eines Aufenthalts inmitten von Geschichte und Natur erz\u00e4hlen. Von den eleganten und komfortablen Zimmern bis zu den Gemeinschaftsr\u00e4umen, die bis ins kleinste Detail durchdacht sind, vom atemberaubenden Blick auf den Delta-Park bis zu den gastronomischen Erlebnissen, die nur unser Restaurant bieten kann, entdecken Sie jeden Winkel, der f\u00fcr Ihre Entspannung und Ihr Wohlbefinden gedacht ist\" \/>\n<meta name=\"robots\" content=\"index, follow, max-snippet:-1, max-image-preview:large, max-video-preview:-1\" \/>\n<link rel=\"canonical\" href=\"https:\/\/www.locandadeldelta.com\/de\/galerie\/\" \/>\n<meta property=\"og:locale\" content=\"de_DE\" \/>\n<meta property=\"og:type\" content=\"article\" \/>\n<meta property=\"og:title\" content=\"Galerie - Locanda del Delta -\" \/>\n<meta property=\"og:description\" content=\"Entdecken Sie La Locanda del Delta durch Bilder, die die Essenz eines Aufenthalts inmitten von Geschichte und Natur erz\u00e4hlen. Von den eleganten und komfortablen Zimmern bis zu den Gemeinschaftsr\u00e4umen, die bis ins kleinste Detail durchdacht sind, vom atemberaubenden Blick auf den Delta-Park bis zu den gastronomischen Erlebnissen, die nur unser Restaurant bieten kann, entdecken Sie jeden Winkel, der f\u00fcr Ihre Entspannung und Ihr Wohlbefinden gedacht ist\" \/>\n<meta property=\"og:url\" content=\"https:\/\/www.locandadeldelta.com\/de\/galerie\/\" \/>\n<meta property=\"og:site_name\" content=\"Locanda del Delta\" \/>\n<meta property=\"article:publisher\" content=\"https:\/\/www.facebook.com\/LaLocandaDelDelta\/\" \/>\n<meta property=\"article:modified_time\" content=\"2025-04-17T12:59:42+00:00\" \/>\n<meta name=\"twitter:card\" content=\"summary_large_image\" \/>\n<script type=\"application\/ld+json\" class=\"yoast-schema-graph\">{\"@context\":\"https:\\\/\\\/schema.org\",\"@graph\":[{\"@type\":\"WebPage\",\"@id\":\"https:\\\/\\\/www.locandadeldelta.com\\\/de\\\/galerie\\\/\",\"url\":\"https:\\\/\\\/www.locandadeldelta.com\\\/de\\\/galerie\\\/\",\"name\":\"Galerie - Locanda del Delta -\",\"isPartOf\":{\"@id\":\"https:\\\/\\\/www.locandadeldelta.com\\\/de\\\/#website\"},\"datePublished\":\"2025-03-04T15:12:27+00:00\",\"dateModified\":\"2025-04-17T12:59:42+00:00\",\"description\":\"Entdecken Sie La Locanda del Delta durch Bilder, die die Essenz eines Aufenthalts inmitten von Geschichte und Natur erz\u00e4hlen. Von den eleganten und komfortablen Zimmern bis zu den Gemeinschaftsr\u00e4umen, die bis ins kleinste Detail durchdacht sind, vom atemberaubenden Blick auf den Delta-Park bis zu den gastronomischen Erlebnissen, die nur unser Restaurant bieten kann, entdecken Sie jeden Winkel, der f\u00fcr Ihre Entspannung und Ihr Wohlbefinden gedacht ist\",\"breadcrumb\":{\"@id\":\"https:\\\/\\\/www.locandadeldelta.com\\\/de\\\/galerie\\\/#breadcrumb\"},\"inLanguage\":\"de-DE\",\"potentialAction\":[{\"@type\":\"ReadAction\",\"target\":[\"https:\\\/\\\/www.locandadeldelta.com\\\/de\\\/galerie\\\/\"]}]},{\"@type\":\"BreadcrumbList\",\"@id\":\"https:\\\/\\\/www.locandadeldelta.com\\\/de\\\/galerie\\\/#breadcrumb\",\"itemListElement\":[{\"@type\":\"ListItem\",\"position\":1,\"name\":\"Home\",\"item\":\"https:\\\/\\\/www.locandadeldelta.com\\\/de\\\/\"},{\"@type\":\"ListItem\",\"position\":2,\"name\":\"Galerie\"}]},{\"@type\":\"WebSite\",\"@id\":\"https:\\\/\\\/www.locandadeldelta.com\\\/de\\\/#website\",\"url\":\"https:\\\/\\\/www.locandadeldelta.com\\\/de\\\/\",\"name\":\"Locanda del Delta\",\"description\":\"\",\"potentialAction\":[{\"@type\":\"SearchAction\",\"target\":{\"@type\":\"EntryPoint\",\"urlTemplate\":\"https:\\\/\\\/www.locandadeldelta.com\\\/de\\\/?s={search_term_string}\"},\"query-input\":{\"@type\":\"PropertyValueSpecification\",\"valueRequired\":true,\"valueName\":\"search_term_string\"}}],\"inLanguage\":\"de-DE\"}]}<\/script>\n<!-- \/ Yoast SEO plugin. -->","yoast_head_json":{"title":"Galerie - Locanda del Delta -","description":"Entdecken Sie La Locanda del Delta durch Bilder, die die Essenz eines Aufenthalts inmitten von Geschichte und Natur erz\u00e4hlen. Von den eleganten und komfortablen Zimmern bis zu den Gemeinschaftsr\u00e4umen, die bis ins kleinste Detail durchdacht sind, vom atemberaubenden Blick auf den Delta-Park bis zu den gastronomischen Erlebnissen, die nur unser Restaurant bieten kann, entdecken Sie jeden Winkel, der f\u00fcr Ihre Entspannung und Ihr Wohlbefinden gedacht ist","robots":{"index":"index","follow":"follow","max-snippet":"max-snippet:-1","max-image-preview":"max-image-preview:large","max-video-preview":"max-video-preview:-1"},"canonical":"https:\/\/www.locandadeldelta.com\/de\/galerie\/","og_locale":"de_DE","og_type":"article","og_title":"Galerie - Locanda del Delta -","og_description":"Entdecken Sie La Locanda del Delta durch Bilder, die die Essenz eines Aufenthalts inmitten von Geschichte und Natur erz\u00e4hlen. Von den eleganten und komfortablen Zimmern bis zu den Gemeinschaftsr\u00e4umen, die bis ins kleinste Detail durchdacht sind, vom atemberaubenden Blick auf den Delta-Park bis zu den gastronomischen Erlebnissen, die nur unser Restaurant bieten kann, entdecken Sie jeden Winkel, der f\u00fcr Ihre Entspannung und Ihr Wohlbefinden gedacht ist","og_url":"https:\/\/www.locandadeldelta.com\/de\/galerie\/","og_site_name":"Locanda del Delta","article_publisher":"https:\/\/www.facebook.com\/LaLocandaDelDelta\/","article_modified_time":"2025-04-17T12:59:42+00:00","twitter_card":"summary_large_image","schema":{"@context":"https:\/\/schema.org","@graph":[{"@type":"WebPage","@id":"https:\/\/www.locandadeldelta.com\/de\/galerie\/","url":"https:\/\/www.locandadeldelta.com\/de\/galerie\/","name":"Galerie - Locanda del Delta -","isPartOf":{"@id":"https:\/\/www.locandadeldelta.com\/de\/#website"},"datePublished":"2025-03-04T15:12:27+00:00","dateModified":"2025-04-17T12:59:42+00:00","description":"Entdecken Sie La Locanda del Delta durch Bilder, die die Essenz eines Aufenthalts inmitten von Geschichte und Natur erz\u00e4hlen. Von den eleganten und komfortablen Zimmern bis zu den Gemeinschaftsr\u00e4umen, die bis ins kleinste Detail durchdacht sind, vom atemberaubenden Blick auf den Delta-Park bis zu den gastronomischen Erlebnissen, die nur unser Restaurant bieten kann, entdecken Sie jeden Winkel, der f\u00fcr Ihre Entspannung und Ihr Wohlbefinden gedacht ist","breadcrumb":{"@id":"https:\/\/www.locandadeldelta.com\/de\/galerie\/#breadcrumb"},"inLanguage":"de-DE","potentialAction":[{"@type":"ReadAction","target":["https:\/\/www.locandadeldelta.com\/de\/galerie\/"]}]},{"@type":"BreadcrumbList","@id":"https:\/\/www.locandadeldelta.com\/de\/galerie\/#breadcrumb","itemListElement":[{"@type":"ListItem","position":1,"name":"Home","item":"https:\/\/www.locandadeldelta.com\/de\/"},{"@type":"ListItem","position":2,"name":"Galerie"}]},{"@type":"WebSite","@id":"https:\/\/www.locandadeldelta.com\/de\/#website","url":"https:\/\/www.locandadeldelta.com\/de\/","name":"Locanda del Delta","description":"","potentialAction":[{"@type":"SearchAction","target":{"@type":"EntryPoint","urlTemplate":"https:\/\/www.locandadeldelta.com\/de\/?s={search_term_string}"},"query-input":{"@type":"PropertyValueSpecification","valueRequired":true,"valueName":"search_term_string"}}],"inLanguage":"de-DE"}]}},"acf":[],"_links":{"self":[{"href":"https:\/\/www.locandadeldelta.com\/de\/wp-json\/wp\/v2\/pages\/348","targetHints":{"allow":["GET"]}}],"collection":[{"href":"https:\/\/www.locandadeldelta.com\/de\/wp-json\/wp\/v2\/pages"}],"about":[{"href":"https:\/\/www.locandadeldelta.com\/de\/wp-json\/wp\/v2\/types\/page"}],"author":[{"embeddable":true,"href":"https:\/\/www.locandadeldelta.com\/de\/wp-json\/wp\/v2\/users\/13"}],"replies":[{"embeddable":true,"href":"https:\/\/www.locandadeldelta.com\/de\/wp-json\/wp\/v2\/comments?post=348"}],"version-history":[{"count":0,"href":"https:\/\/www.locandadeldelta.com\/de\/wp-json\/wp\/v2\/pages\/348\/revisions"}],"wp:attachment":[{"href":"https:\/\/www.locandadeldelta.com\/de\/wp-json\/wp\/v2\/media?parent=348"}],"curies":[{"name":"wp","href":"https:\/\/api.w.org\/{rel}","templated":true}]}}