   {"id":380,"date":"2025-03-04T16:12:58","date_gmt":"2025-03-04T16:12:58","guid":{"rendered":"https:\/\/www.locandadeldelta.com\/?page_id=380"},"modified":"2025-04-24T09:12:12","modified_gmt":"2025-04-24T09:12:12","slug":"ihren-urlaub","status":"publish","type":"page","link":"https:\/\/www.locandadeldelta.com\/de\/ihren-urlaub\/","title":{"rendered":"Ihren Urlaub"},"content":{"rendered":"<p>Gestalten Sie Ihren Urlaub mit uns: Ob Sie von einem romantischen Ausflug, einem Abenteuer mit Freunden oder einem Familienurlaub tr\u00e4umen, wir schneidern Ihnen ein Erlebnis, das Ihren Bed\u00fcrfnissen entspricht. Von der Unterkunft bis zu den Aktivit\u00e4ten, von den Dienstleistungen bis zu den Erlebnissen vor Ort k\u00fcmmern wir uns um jedes Detail, um Ihnen Entspannung und unbeschwerten Spa\u00df zu garantieren und Ihnen einen Urlaub zu bieten, der Ihrem Geschmack und Ihren Bed\u00fcrfnissen entspricht. Ihre ideale Reise, genau wie Sie sie sich vorstellen!<\/p>\n","protected":false},"excerpt":{"rendered":"<p>Gestalten Sie Ihren Urlaub mit uns: Ob Sie von einem romantischen Ausflug, einem Abenteuer mit Freunden oder einem Familienurlaub tr\u00e4umen, wir schneidern Ihnen ein Erlebnis, das Ihren Bed\u00fcrfnissen entspricht. Von der Unterkunft bis zu den Aktivit\u00e4ten, von den Dienstleistungen bis zu den Erlebnissen vor Ort k\u00fcmmern wir uns um jedes Detail, um Ihnen Entspannung und [&hellip;]<\/p>\n","protected":false},"author":13,"featured_media":0,"parent":0,"menu_order":40,"comment_status":"closed","ping_status":"closed","template":"template-your-holiday-hub.php","meta":{"footnotes":""},"class_list":["post-380","page","type-page","status-publish","hentry"],"yoast_head":"<!-- This site is optimized with the Yoast SEO plugin v27.3 - https:\/\/yoast.com\/product\/yoast-seo-wordpress\/ -->\n<title>Ihren Urlaub - Locanda del Delta -<\/title>\n<meta name=\"description\" content=\"Gestalten Sie Ihren Urlaub mit uns: Ob Sie von einem romantischen Ausflug, einem Abenteuer mit Freunden oder einem Familienurlaub tr\u00e4umen, wir schneidern Ihnen ein Erlebnis, das Ihren Bed\u00fcrfnissen entspricht. Von der Unterkunft bis zu den Aktivit\u00e4ten, von den Dienstleistungen bis zu den Erlebnissen vor Ort k\u00fcmmern wir uns um jedes Detail, um Ihnen Entspannung und unbeschwerten Spa\u00df zu garantieren und Ihnen einen Urlaub zu bieten, der Ihrem Geschmack und Ihren Bed\u00fcrfnissen entspricht\" \/>\n<meta name=\"robots\" content=\"index, follow, max-snippet:-1, max-image-preview:large, max-video-preview:-1\" \/>\n<link rel=\"canonical\" href=\"https:\/\/www.locandadeldelta.com\/de\/ihren-urlaub\/\" \/>\n<meta property=\"og:locale\" content=\"de_DE\" \/>\n<meta property=\"og:type\" content=\"article\" \/>\n<meta property=\"og:title\" content=\"Ihren Urlaub - Locanda del Delta -\" \/>\n<meta property=\"og:description\" content=\"Gestalten Sie Ihren Urlaub mit uns: Ob Sie von einem romantischen Ausflug, einem Abenteuer mit Freunden oder einem Familienurlaub tr\u00e4umen, wir schneidern Ihnen ein Erlebnis, das Ihren Bed\u00fcrfnissen entspricht. Von der Unterkunft bis zu den Aktivit\u00e4ten, von den Dienstleistungen bis zu den Erlebnissen vor Ort k\u00fcmmern wir uns um jedes Detail, um Ihnen Entspannung und unbeschwerten Spa\u00df zu garantieren und Ihnen einen Urlaub zu bieten, der Ihrem Geschmack und Ihren Bed\u00fcrfnissen entspricht\" \/>\n<meta property=\"og:url\" content=\"https:\/\/www.locandadeldelta.com\/de\/ihren-urlaub\/\" \/>\n<meta property=\"og:site_name\" content=\"Locanda del Delta\" \/>\n<meta property=\"article:publisher\" content=\"https:\/\/www.facebook.com\/LaLocandaDelDelta\/\" \/>\n<meta property=\"article:modified_time\" content=\"2025-04-24T09:12:12+00:00\" \/>\n<meta name=\"twitter:card\" content=\"summary_large_image\" \/>\n<meta name=\"twitter:label1\" content=\"Gesch\u00e4tzte Lesezeit\" \/>\n\t<meta name=\"twitter:data1\" content=\"1 Minute\" \/>\n<script type=\"application\/ld+json\" class=\"yoast-schema-graph\">{\"@context\":\"https:\\\/\\\/schema.org\",\"@graph\":[{\"@type\":\"WebPage\",\"@id\":\"https:\\\/\\\/www.locandadeldelta.com\\\/de\\\/ihren-urlaub\\\/\",\"url\":\"https:\\\/\\\/www.locandadeldelta.com\\\/de\\\/ihren-urlaub\\\/\",\"name\":\"Ihren Urlaub - Locanda del Delta -\",\"isPartOf\":{\"@id\":\"https:\\\/\\\/www.locandadeldelta.com\\\/de\\\/#website\"},\"datePublished\":\"2025-03-04T16:12:58+00:00\",\"dateModified\":\"2025-04-24T09:12:12+00:00\",\"description\":\"Gestalten Sie Ihren Urlaub mit uns: Ob Sie von einem romantischen Ausflug, einem Abenteuer mit Freunden oder einem Familienurlaub tr\u00e4umen, wir schneidern Ihnen ein Erlebnis, das Ihren Bed\u00fcrfnissen entspricht. Von der Unterkunft bis zu den Aktivit\u00e4ten, von den Dienstleistungen bis zu den Erlebnissen vor Ort k\u00fcmmern wir uns um jedes Detail, um Ihnen Entspannung und unbeschwerten Spa\u00df zu garantieren und Ihnen einen Urlaub zu bieten, der Ihrem Geschmack und Ihren Bed\u00fcrfnissen entspricht\",\"breadcrumb\":{\"@id\":\"https:\\\/\\\/www.locandadeldelta.com\\\/de\\\/ihren-urlaub\\\/#breadcrumb\"},\"inLanguage\":\"de-DE\",\"potentialAction\":[{\"@type\":\"ReadAction\",\"target\":[\"https:\\\/\\\/www.locandadeldelta.com\\\/de\\\/ihren-urlaub\\\/\"]}]},{\"@type\":\"BreadcrumbList\",\"@id\":\"https:\\\/\\\/www.locandadeldelta.com\\\/de\\\/ihren-urlaub\\\/#breadcrumb\",\"itemListElement\":[{\"@type\":\"ListItem\",\"position\":1,\"name\":\"Home\",\"item\":\"https:\\\/\\\/www.locandadeldelta.com\\\/de\\\/\"},{\"@type\":\"ListItem\",\"position\":2,\"name\":\"Ihren Urlaub\"}]},{\"@type\":\"WebSite\",\"@id\":\"https:\\\/\\\/www.locandadeldelta.com\\\/de\\\/#website\",\"url\":\"https:\\\/\\\/www.locandadeldelta.com\\\/de\\\/\",\"name\":\"Locanda del Delta\",\"description\":\"\",\"potentialAction\":[{\"@type\":\"SearchAction\",\"target\":{\"@type\":\"EntryPoint\",\"urlTemplate\":\"https:\\\/\\\/www.locandadeldelta.com\\\/de\\\/?s={search_term_string}\"},\"query-input\":{\"@type\":\"PropertyValueSpecification\",\"valueRequired\":true,\"valueName\":\"search_term_string\"}}],\"inLanguage\":\"de-DE\"}]}<\/script>\n<!-- \/ Yoast SEO plugin. -->","yoast_head_json":{"title":"Ihren Urlaub - Locanda del Delta -","description":"Gestalten Sie Ihren Urlaub mit uns: Ob Sie von einem romantischen Ausflug, einem Abenteuer mit Freunden oder einem Familienurlaub tr\u00e4umen, wir schneidern Ihnen ein Erlebnis, das Ihren Bed\u00fcrfnissen entspricht. Von der Unterkunft bis zu den Aktivit\u00e4ten, von den Dienstleistungen bis zu den Erlebnissen vor Ort k\u00fcmmern wir uns um jedes Detail, um Ihnen Entspannung und unbeschwerten Spa\u00df zu garantieren und Ihnen einen Urlaub zu bieten, der Ihrem Geschmack und Ihren Bed\u00fcrfnissen entspricht","robots":{"index":"index","follow":"follow","max-snippet":"max-snippet:-1","max-image-preview":"max-image-preview:large","max-video-preview":"max-video-preview:-1"},"canonical":"https:\/\/www.locandadeldelta.com\/de\/ihren-urlaub\/","og_locale":"de_DE","og_type":"article","og_title":"Ihren Urlaub - Locanda del Delta -","og_description":"Gestalten Sie Ihren Urlaub mit uns: Ob Sie von einem romantischen Ausflug, einem Abenteuer mit Freunden oder einem Familienurlaub tr\u00e4umen, wir schneidern Ihnen ein Erlebnis, das Ihren Bed\u00fcrfnissen entspricht. Von der Unterkunft bis zu den Aktivit\u00e4ten, von den Dienstleistungen bis zu den Erlebnissen vor Ort k\u00fcmmern wir uns um jedes Detail, um Ihnen Entspannung und unbeschwerten Spa\u00df zu garantieren und Ihnen einen Urlaub zu bieten, der Ihrem Geschmack und Ihren Bed\u00fcrfnissen entspricht","og_url":"https:\/\/www.locandadeldelta.com\/de\/ihren-urlaub\/","og_site_name":"Locanda del Delta","article_publisher":"https:\/\/www.facebook.com\/LaLocandaDelDelta\/","article_modified_time":"2025-04-24T09:12:12+00:00","twitter_card":"summary_large_image","twitter_misc":{"Gesch\u00e4tzte Lesezeit":"1 Minute"},"schema":{"@context":"https:\/\/schema.org","@graph":[{"@type":"WebPage","@id":"https:\/\/www.locandadeldelta.com\/de\/ihren-urlaub\/","url":"https:\/\/www.locandadeldelta.com\/de\/ihren-urlaub\/","name":"Ihren Urlaub - Locanda del Delta -","isPartOf":{"@id":"https:\/\/www.locandadeldelta.com\/de\/#website"},"datePublished":"2025-03-04T16:12:58+00:00","dateModified":"2025-04-24T09:12:12+00:00","description":"Gestalten Sie Ihren Urlaub mit uns: Ob Sie von einem romantischen Ausflug, einem Abenteuer mit Freunden oder einem Familienurlaub tr\u00e4umen, wir schneidern Ihnen ein Erlebnis, das Ihren Bed\u00fcrfnissen entspricht. Von der Unterkunft bis zu den Aktivit\u00e4ten, von den Dienstleistungen bis zu den Erlebnissen vor Ort k\u00fcmmern wir uns um jedes Detail, um Ihnen Entspannung und unbeschwerten Spa\u00df zu garantieren und Ihnen einen Urlaub zu bieten, der Ihrem Geschmack und Ihren Bed\u00fcrfnissen entspricht","breadcrumb":{"@id":"https:\/\/www.locandadeldelta.com\/de\/ihren-urlaub\/#breadcrumb"},"inLanguage":"de-DE","potentialAction":[{"@type":"ReadAction","target":["https:\/\/www.locandadeldelta.com\/de\/ihren-urlaub\/"]}]},{"@type":"BreadcrumbList","@id":"https:\/\/www.locandadeldelta.com\/de\/ihren-urlaub\/#breadcrumb","itemListElement":[{"@type":"ListItem","position":1,"name":"Home","item":"https:\/\/www.locandadeldelta.com\/de\/"},{"@type":"ListItem","position":2,"name":"Ihren Urlaub"}]},{"@type":"WebSite","@id":"https:\/\/www.locandadeldelta.com\/de\/#website","url":"https:\/\/www.locandadeldelta.com\/de\/","name":"Locanda del Delta","description":"","potentialAction":[{"@type":"SearchAction","target":{"@type":"EntryPoint","urlTemplate":"https:\/\/www.locandadeldelta.com\/de\/?s={search_term_string}"},"query-input":{"@type":"PropertyValueSpecification","valueRequired":true,"valueName":"search_term_string"}}],"inLanguage":"de-DE"}]}},"acf":[],"_links":{"self":[{"href":"https:\/\/www.locandadeldelta.com\/de\/wp-json\/wp\/v2\/pages\/380","targetHints":{"allow":["GET"]}}],"collection":[{"href":"https:\/\/www.locandadeldelta.com\/de\/wp-json\/wp\/v2\/pages"}],"about":[{"href":"https:\/\/www.locandadeldelta.com\/de\/wp-json\/wp\/v2\/types\/page"}],"author":[{"embeddable":true,"href":"https:\/\/www.locandadeldelta.com\/de\/wp-json\/wp\/v2\/users\/13"}],"replies":[{"embeddable":true,"href":"https:\/\/www.locandadeldelta.com\/de\/wp-json\/wp\/v2\/comments?post=380"}],"version-history":[{"count":0,"href":"https:\/\/www.locandadeldelta.com\/de\/wp-json\/wp\/v2\/pages\/380\/revisions"}],"wp:attachment":[{"href":"https:\/\/www.locandadeldelta.com\/de\/wp-json\/wp\/v2\/media?parent=380"}],"curies":[{"name":"wp","href":"https:\/\/api.w.org\/{rel}","templated":true}]}}