   {"id":388,"date":"2025-03-04T16:15:51","date_gmt":"2025-03-04T16:15:51","guid":{"rendered":"https:\/\/www.locandadeldelta.com\/?page_id=388"},"modified":"2025-04-24T09:50:22","modified_gmt":"2025-04-24T09:50:22","slug":"fahrradliebhaber","status":"publish","type":"page","link":"https:\/\/www.locandadeldelta.com\/de\/ihren-urlaub\/fahrradliebhaber\/","title":{"rendered":"Fahrradliebhaber"},"content":{"rendered":"<p>Entdecken Sie das Vergn\u00fcgen eines Urlaubs auf zwei R\u00e4dern, eingetaucht in die Natur und die Sch\u00f6nheit der Gegend. Unsere Anlage ist f\u00fcr Fahrradliebhaber konzipiert, mit exklusiven Radwegen, der M\u00f6glichkeit, Fahrr\u00e4der in der Umgebung zu mieten und einem speziellen Service. Egal, ob Sie ein erfahrener Radfahrer oder ein Enthusiast sind, der gerne neue Strecken erkundet, bei uns finden Sie die ideale Erfahrung, um die Freiheit des Radfahrens zu genie\u00dfen und versteckte Ecken zu entdecken, weit weg vom Stress.<\/p>\n","protected":false},"excerpt":{"rendered":"<p>Entdecken Sie das Vergn\u00fcgen eines Urlaubs auf zwei R\u00e4dern, eingetaucht in die Natur und die Sch\u00f6nheit der Gegend. Unsere Anlage ist f\u00fcr Fahrradliebhaber konzipiert, mit exklusiven Radwegen, der M\u00f6glichkeit, Fahrr\u00e4der in der Umgebung zu mieten und einem speziellen Service. Egal, ob Sie ein erfahrener Radfahrer oder ein Enthusiast sind, der gerne neue Strecken erkundet, bei [&hellip;]<\/p>\n","protected":false},"author":13,"featured_media":0,"parent":380,"menu_order":5,"comment_status":"closed","ping_status":"closed","template":"template-your-holiday.php","meta":{"footnotes":""},"class_list":["post-388","page","type-page","status-publish","hentry"],"yoast_head":"<!-- This site is optimized with the Yoast SEO plugin v27.3 - https:\/\/yoast.com\/product\/yoast-seo-wordpress\/ -->\n<title>Fahrradliebhaber - Locanda del Delta -<\/title>\n<meta name=\"description\" content=\"Entdecken Sie das Vergn\u00fcgen eines Urlaubs auf zwei R\u00e4dern, eingetaucht in die Natur und die Sch\u00f6nheit der Gegend. Unsere Anlage ist f\u00fcr Fahrradliebhaber konzipiert, mit exklusiven Radwegen, der M\u00f6glichkeit, Fahrr\u00e4der in der Umgebung zu mieten und einem speziellen Service\" \/>\n<meta name=\"robots\" content=\"index, follow, max-snippet:-1, max-image-preview:large, max-video-preview:-1\" \/>\n<link rel=\"canonical\" href=\"https:\/\/www.locandadeldelta.com\/de\/ihren-urlaub\/fahrradliebhaber\/\" \/>\n<meta property=\"og:locale\" content=\"de_DE\" \/>\n<meta property=\"og:type\" content=\"article\" \/>\n<meta property=\"og:title\" content=\"Fahrradliebhaber - Locanda del Delta -\" \/>\n<meta property=\"og:description\" content=\"Entdecken Sie das Vergn\u00fcgen eines Urlaubs auf zwei R\u00e4dern, eingetaucht in die Natur und die Sch\u00f6nheit der Gegend. Unsere Anlage ist f\u00fcr Fahrradliebhaber konzipiert, mit exklusiven Radwegen, der M\u00f6glichkeit, Fahrr\u00e4der in der Umgebung zu mieten und einem speziellen Service\" \/>\n<meta property=\"og:url\" content=\"https:\/\/www.locandadeldelta.com\/de\/ihren-urlaub\/fahrradliebhaber\/\" \/>\n<meta property=\"og:site_name\" content=\"Locanda del Delta\" \/>\n<meta property=\"article:publisher\" content=\"https:\/\/www.facebook.com\/LaLocandaDelDelta\/\" \/>\n<meta property=\"article:modified_time\" content=\"2025-04-24T09:50:22+00:00\" \/>\n<meta name=\"twitter:card\" content=\"summary_large_image\" \/>\n<meta name=\"twitter:label1\" content=\"Gesch\u00e4tzte Lesezeit\" \/>\n\t<meta name=\"twitter:data1\" content=\"1 Minute\" \/>\n<script type=\"application\/ld+json\" class=\"yoast-schema-graph\">{\"@context\":\"https:\\\/\\\/schema.org\",\"@graph\":[{\"@type\":\"WebPage\",\"@id\":\"https:\\\/\\\/www.locandadeldelta.com\\\/de\\\/ihren-urlaub\\\/fahrradliebhaber\\\/\",\"url\":\"https:\\\/\\\/www.locandadeldelta.com\\\/de\\\/ihren-urlaub\\\/fahrradliebhaber\\\/\",\"name\":\"Fahrradliebhaber - Locanda del Delta -\",\"isPartOf\":{\"@id\":\"https:\\\/\\\/www.locandadeldelta.com\\\/de\\\/#website\"},\"datePublished\":\"2025-03-04T16:15:51+00:00\",\"dateModified\":\"2025-04-24T09:50:22+00:00\",\"description\":\"Entdecken Sie das Vergn\u00fcgen eines Urlaubs auf zwei R\u00e4dern, eingetaucht in die Natur und die Sch\u00f6nheit der Gegend. Unsere Anlage ist f\u00fcr Fahrradliebhaber konzipiert, mit exklusiven Radwegen, der M\u00f6glichkeit, Fahrr\u00e4der in der Umgebung zu mieten und einem speziellen Service\",\"breadcrumb\":{\"@id\":\"https:\\\/\\\/www.locandadeldelta.com\\\/de\\\/ihren-urlaub\\\/fahrradliebhaber\\\/#breadcrumb\"},\"inLanguage\":\"de-DE\",\"potentialAction\":[{\"@type\":\"ReadAction\",\"target\":[\"https:\\\/\\\/www.locandadeldelta.com\\\/de\\\/ihren-urlaub\\\/fahrradliebhaber\\\/\"]}]},{\"@type\":\"BreadcrumbList\",\"@id\":\"https:\\\/\\\/www.locandadeldelta.com\\\/de\\\/ihren-urlaub\\\/fahrradliebhaber\\\/#breadcrumb\",\"itemListElement\":[{\"@type\":\"ListItem\",\"position\":1,\"name\":\"Home\",\"item\":\"https:\\\/\\\/www.locandadeldelta.com\\\/de\\\/\"},{\"@type\":\"ListItem\",\"position\":2,\"name\":\"Ihren Urlaub\",\"item\":\"https:\\\/\\\/www.locandadeldelta.com\\\/de\\\/ihren-urlaub\\\/\"},{\"@type\":\"ListItem\",\"position\":3,\"name\":\"Fahrradliebhaber\"}]},{\"@type\":\"WebSite\",\"@id\":\"https:\\\/\\\/www.locandadeldelta.com\\\/de\\\/#website\",\"url\":\"https:\\\/\\\/www.locandadeldelta.com\\\/de\\\/\",\"name\":\"Locanda del Delta\",\"description\":\"\",\"potentialAction\":[{\"@type\":\"SearchAction\",\"target\":{\"@type\":\"EntryPoint\",\"urlTemplate\":\"https:\\\/\\\/www.locandadeldelta.com\\\/de\\\/?s={search_term_string}\"},\"query-input\":{\"@type\":\"PropertyValueSpecification\",\"valueRequired\":true,\"valueName\":\"search_term_string\"}}],\"inLanguage\":\"de-DE\"}]}<\/script>\n<!-- \/ Yoast SEO plugin. -->","yoast_head_json":{"title":"Fahrradliebhaber - Locanda del Delta -","description":"Entdecken Sie das Vergn\u00fcgen eines Urlaubs auf zwei R\u00e4dern, eingetaucht in die Natur und die Sch\u00f6nheit der Gegend. Unsere Anlage ist f\u00fcr Fahrradliebhaber konzipiert, mit exklusiven Radwegen, der M\u00f6glichkeit, Fahrr\u00e4der in der Umgebung zu mieten und einem speziellen Service","robots":{"index":"index","follow":"follow","max-snippet":"max-snippet:-1","max-image-preview":"max-image-preview:large","max-video-preview":"max-video-preview:-1"},"canonical":"https:\/\/www.locandadeldelta.com\/de\/ihren-urlaub\/fahrradliebhaber\/","og_locale":"de_DE","og_type":"article","og_title":"Fahrradliebhaber - Locanda del Delta -","og_description":"Entdecken Sie das Vergn\u00fcgen eines Urlaubs auf zwei R\u00e4dern, eingetaucht in die Natur und die Sch\u00f6nheit der Gegend. Unsere Anlage ist f\u00fcr Fahrradliebhaber konzipiert, mit exklusiven Radwegen, der M\u00f6glichkeit, Fahrr\u00e4der in der Umgebung zu mieten und einem speziellen Service","og_url":"https:\/\/www.locandadeldelta.com\/de\/ihren-urlaub\/fahrradliebhaber\/","og_site_name":"Locanda del Delta","article_publisher":"https:\/\/www.facebook.com\/LaLocandaDelDelta\/","article_modified_time":"2025-04-24T09:50:22+00:00","twitter_card":"summary_large_image","twitter_misc":{"Gesch\u00e4tzte Lesezeit":"1 Minute"},"schema":{"@context":"https:\/\/schema.org","@graph":[{"@type":"WebPage","@id":"https:\/\/www.locandadeldelta.com\/de\/ihren-urlaub\/fahrradliebhaber\/","url":"https:\/\/www.locandadeldelta.com\/de\/ihren-urlaub\/fahrradliebhaber\/","name":"Fahrradliebhaber - Locanda del Delta -","isPartOf":{"@id":"https:\/\/www.locandadeldelta.com\/de\/#website"},"datePublished":"2025-03-04T16:15:51+00:00","dateModified":"2025-04-24T09:50:22+00:00","description":"Entdecken Sie das Vergn\u00fcgen eines Urlaubs auf zwei R\u00e4dern, eingetaucht in die Natur und die Sch\u00f6nheit der Gegend. Unsere Anlage ist f\u00fcr Fahrradliebhaber konzipiert, mit exklusiven Radwegen, der M\u00f6glichkeit, Fahrr\u00e4der in der Umgebung zu mieten und einem speziellen Service","breadcrumb":{"@id":"https:\/\/www.locandadeldelta.com\/de\/ihren-urlaub\/fahrradliebhaber\/#breadcrumb"},"inLanguage":"de-DE","potentialAction":[{"@type":"ReadAction","target":["https:\/\/www.locandadeldelta.com\/de\/ihren-urlaub\/fahrradliebhaber\/"]}]},{"@type":"BreadcrumbList","@id":"https:\/\/www.locandadeldelta.com\/de\/ihren-urlaub\/fahrradliebhaber\/#breadcrumb","itemListElement":[{"@type":"ListItem","position":1,"name":"Home","item":"https:\/\/www.locandadeldelta.com\/de\/"},{"@type":"ListItem","position":2,"name":"Ihren Urlaub","item":"https:\/\/www.locandadeldelta.com\/de\/ihren-urlaub\/"},{"@type":"ListItem","position":3,"name":"Fahrradliebhaber"}]},{"@type":"WebSite","@id":"https:\/\/www.locandadeldelta.com\/de\/#website","url":"https:\/\/www.locandadeldelta.com\/de\/","name":"Locanda del Delta","description":"","potentialAction":[{"@type":"SearchAction","target":{"@type":"EntryPoint","urlTemplate":"https:\/\/www.locandadeldelta.com\/de\/?s={search_term_string}"},"query-input":{"@type":"PropertyValueSpecification","valueRequired":true,"valueName":"search_term_string"}}],"inLanguage":"de-DE"}]}},"acf":[],"_links":{"self":[{"href":"https:\/\/www.locandadeldelta.com\/de\/wp-json\/wp\/v2\/pages\/388","targetHints":{"allow":["GET"]}}],"collection":[{"href":"https:\/\/www.locandadeldelta.com\/de\/wp-json\/wp\/v2\/pages"}],"about":[{"href":"https:\/\/www.locandadeldelta.com\/de\/wp-json\/wp\/v2\/types\/page"}],"author":[{"embeddable":true,"href":"https:\/\/www.locandadeldelta.com\/de\/wp-json\/wp\/v2\/users\/13"}],"replies":[{"embeddable":true,"href":"https:\/\/www.locandadeldelta.com\/de\/wp-json\/wp\/v2\/comments?post=388"}],"version-history":[{"count":0,"href":"https:\/\/www.locandadeldelta.com\/de\/wp-json\/wp\/v2\/pages\/388\/revisions"}],"up":[{"embeddable":true,"href":"https:\/\/www.locandadeldelta.com\/de\/wp-json\/wp\/v2\/pages\/380"}],"wp:attachment":[{"href":"https:\/\/www.locandadeldelta.com\/de\/wp-json\/wp\/v2\/media?parent=388"}],"curies":[{"name":"wp","href":"https:\/\/api.w.org\/{rel}","templated":true}]}}