   {"id":432,"date":"2025-03-05T11:23:04","date_gmt":"2025-03-05T11:23:04","guid":{"rendered":"https:\/\/www.locandadeldelta.com\/?page_id=432"},"modified":"2025-04-24T13:27:06","modified_gmt":"2025-04-24T13:27:06","slug":"ravenna","status":"publish","type":"page","link":"https:\/\/www.locandadeldelta.com\/de\/umgebung\/ravenna\/","title":{"rendered":"Ravenna"},"content":{"rendered":"<p>Ravenna ist eine historische Stadt in der italienischen Region Emilia-Romagna, die f\u00fcr ihr au\u00dferordentliches k\u00fcnstlerisches und kulturelles Erbe ber\u00fchmt ist, das sie zu einem der faszinierendsten Reiseziele Italiens macht. Die Stadt ist vor allem f\u00fcr ihre byzantinischen Mosaike bekannt, die zum UNESCO-Weltkulturerbe geh\u00f6ren, aber auch f\u00fcr ihre antike Geschichte und ihre Rolle als Hauptstadt in verschiedenen historischen Epochen, darunter das Ostgotenreich und das byzantinische Reich.<\/p>\n<p>Ravenna ist dank seines Handelshafens und seiner strategischen Lage auch ein wichtiges Wirtschaftszentrum. Die Stadt bewahrt handwerkliche Traditionen wie die Herstellung von Mosaiken, die auch heute noch mit traditionellen Techniken gefertigt werden. Die Gastronomie Ravennas, die auf Fisch, Meeresfr\u00fcchten und lokalen Produkten basiert, ist ein weiterer Aspekt, der die Stadt noch interessanter macht<\/p>\n","protected":false},"excerpt":{"rendered":"<p>Ravenna ist eine historische Stadt in der italienischen Region Emilia-Romagna, die f\u00fcr ihr au\u00dferordentliches k\u00fcnstlerisches und kulturelles Erbe ber\u00fchmt ist, das sie zu einem der faszinierendsten Reiseziele Italiens macht. Die Stadt ist vor allem f\u00fcr ihre byzantinischen Mosaike bekannt, die zum UNESCO-Weltkulturerbe geh\u00f6ren, aber auch f\u00fcr ihre antike Geschichte und ihre Rolle als Hauptstadt in [&hellip;]<\/p>\n","protected":false},"author":13,"featured_media":0,"parent":354,"menu_order":10,"comment_status":"closed","ping_status":"closed","template":"template-territory-single.php","meta":{"footnotes":""},"class_list":["post-432","page","type-page","status-publish","hentry"],"yoast_head":"<!-- This site is optimized with the Yoast SEO plugin v27.3 - https:\/\/yoast.com\/product\/yoast-seo-wordpress\/ -->\n<title>Ravenna - Locanda del Delta -<\/title>\n<meta name=\"description\" content=\"Ravenna ist eine historische Stadt in der italienischen Region Emilia-Romagna, die f\u00fcr ihr au\u00dferordentliches k\u00fcnstlerisches und kulturelles Erbe ber\u00fchmt ist, das sie zu einem der faszinierendsten Reiseziele Italiens macht. Die Stadt ist vor allem f\u00fcr ihre byzantinischen Mosaike bekannt, die zum UNESCO-Weltkulturerbe geh\u00f6ren, aber auch f\u00fcr ihre antike Geschichte und ihre Rolle als Hauptstadt in verschiedenen historischen Epochen, darunter das Ostgotenreich und das byzantinische Reich.  Ravenna ist dank seines Handelshafens und seiner strategischen Lage auch ein wichtiges Wirtschaftszentrum\" \/>\n<meta name=\"robots\" content=\"index, follow, max-snippet:-1, max-image-preview:large, max-video-preview:-1\" \/>\n<link rel=\"canonical\" href=\"https:\/\/www.locandadeldelta.com\/de\/umgebung\/ravenna\/\" \/>\n<meta property=\"og:locale\" content=\"de_DE\" \/>\n<meta property=\"og:type\" content=\"article\" \/>\n<meta property=\"og:title\" content=\"Ravenna - Locanda del Delta -\" \/>\n<meta property=\"og:description\" content=\"Ravenna ist eine historische Stadt in der italienischen Region Emilia-Romagna, die f\u00fcr ihr au\u00dferordentliches k\u00fcnstlerisches und kulturelles Erbe ber\u00fchmt ist, das sie zu einem der faszinierendsten Reiseziele Italiens macht. Die Stadt ist vor allem f\u00fcr ihre byzantinischen Mosaike bekannt, die zum UNESCO-Weltkulturerbe geh\u00f6ren, aber auch f\u00fcr ihre antike Geschichte und ihre Rolle als Hauptstadt in verschiedenen historischen Epochen, darunter das Ostgotenreich und das byzantinische Reich.  Ravenna ist dank seines Handelshafens und seiner strategischen Lage auch ein wichtiges Wirtschaftszentrum\" \/>\n<meta property=\"og:url\" content=\"https:\/\/www.locandadeldelta.com\/de\/umgebung\/ravenna\/\" \/>\n<meta property=\"og:site_name\" content=\"Locanda del Delta\" \/>\n<meta property=\"article:publisher\" content=\"https:\/\/www.facebook.com\/LaLocandaDelDelta\/\" \/>\n<meta property=\"article:modified_time\" content=\"2025-04-24T13:27:06+00:00\" \/>\n<meta name=\"twitter:card\" content=\"summary_large_image\" \/>\n<meta name=\"twitter:label1\" content=\"Gesch\u00e4tzte Lesezeit\" \/>\n\t<meta name=\"twitter:data1\" content=\"1 Minute\" \/>\n<script type=\"application\/ld+json\" class=\"yoast-schema-graph\">{\"@context\":\"https:\\\/\\\/schema.org\",\"@graph\":[{\"@type\":\"WebPage\",\"@id\":\"https:\\\/\\\/www.locandadeldelta.com\\\/de\\\/umgebung\\\/ravenna\\\/\",\"url\":\"https:\\\/\\\/www.locandadeldelta.com\\\/de\\\/umgebung\\\/ravenna\\\/\",\"name\":\"Ravenna - Locanda del Delta -\",\"isPartOf\":{\"@id\":\"https:\\\/\\\/www.locandadeldelta.com\\\/de\\\/#website\"},\"datePublished\":\"2025-03-05T11:23:04+00:00\",\"dateModified\":\"2025-04-24T13:27:06+00:00\",\"description\":\"Ravenna ist eine historische Stadt in der italienischen Region Emilia-Romagna, die f\u00fcr ihr au\u00dferordentliches k\u00fcnstlerisches und kulturelles Erbe ber\u00fchmt ist, das sie zu einem der faszinierendsten Reiseziele Italiens macht. Die Stadt ist vor allem f\u00fcr ihre byzantinischen Mosaike bekannt, die zum UNESCO-Weltkulturerbe geh\u00f6ren, aber auch f\u00fcr ihre antike Geschichte und ihre Rolle als Hauptstadt in verschiedenen historischen Epochen, darunter das Ostgotenreich und das byzantinische Reich. Ravenna ist dank seines Handelshafens und seiner strategischen Lage auch ein wichtiges Wirtschaftszentrum\",\"breadcrumb\":{\"@id\":\"https:\\\/\\\/www.locandadeldelta.com\\\/de\\\/umgebung\\\/ravenna\\\/#breadcrumb\"},\"inLanguage\":\"de-DE\",\"potentialAction\":[{\"@type\":\"ReadAction\",\"target\":[\"https:\\\/\\\/www.locandadeldelta.com\\\/de\\\/umgebung\\\/ravenna\\\/\"]}]},{\"@type\":\"BreadcrumbList\",\"@id\":\"https:\\\/\\\/www.locandadeldelta.com\\\/de\\\/umgebung\\\/ravenna\\\/#breadcrumb\",\"itemListElement\":[{\"@type\":\"ListItem\",\"position\":1,\"name\":\"Home\",\"item\":\"https:\\\/\\\/www.locandadeldelta.com\\\/de\\\/\"},{\"@type\":\"ListItem\",\"position\":2,\"name\":\"Umgebung\",\"item\":\"https:\\\/\\\/www.locandadeldelta.com\\\/de\\\/umgebung\\\/\"},{\"@type\":\"ListItem\",\"position\":3,\"name\":\"Ravenna\"}]},{\"@type\":\"WebSite\",\"@id\":\"https:\\\/\\\/www.locandadeldelta.com\\\/de\\\/#website\",\"url\":\"https:\\\/\\\/www.locandadeldelta.com\\\/de\\\/\",\"name\":\"Locanda del Delta\",\"description\":\"\",\"potentialAction\":[{\"@type\":\"SearchAction\",\"target\":{\"@type\":\"EntryPoint\",\"urlTemplate\":\"https:\\\/\\\/www.locandadeldelta.com\\\/de\\\/?s={search_term_string}\"},\"query-input\":{\"@type\":\"PropertyValueSpecification\",\"valueRequired\":true,\"valueName\":\"search_term_string\"}}],\"inLanguage\":\"de-DE\"}]}<\/script>\n<!-- \/ Yoast SEO plugin. -->","yoast_head_json":{"title":"Ravenna - Locanda del Delta -","description":"Ravenna ist eine historische Stadt in der italienischen Region Emilia-Romagna, die f\u00fcr ihr au\u00dferordentliches k\u00fcnstlerisches und kulturelles Erbe ber\u00fchmt ist, das sie zu einem der faszinierendsten Reiseziele Italiens macht. Die Stadt ist vor allem f\u00fcr ihre byzantinischen Mosaike bekannt, die zum UNESCO-Weltkulturerbe geh\u00f6ren, aber auch f\u00fcr ihre antike Geschichte und ihre Rolle als Hauptstadt in verschiedenen historischen Epochen, darunter das Ostgotenreich und das byzantinische Reich.  Ravenna ist dank seines Handelshafens und seiner strategischen Lage auch ein wichtiges Wirtschaftszentrum","robots":{"index":"index","follow":"follow","max-snippet":"max-snippet:-1","max-image-preview":"max-image-preview:large","max-video-preview":"max-video-preview:-1"},"canonical":"https:\/\/www.locandadeldelta.com\/de\/umgebung\/ravenna\/","og_locale":"de_DE","og_type":"article","og_title":"Ravenna - Locanda del Delta -","og_description":"Ravenna ist eine historische Stadt in der italienischen Region Emilia-Romagna, die f\u00fcr ihr au\u00dferordentliches k\u00fcnstlerisches und kulturelles Erbe ber\u00fchmt ist, das sie zu einem der faszinierendsten Reiseziele Italiens macht. Die Stadt ist vor allem f\u00fcr ihre byzantinischen Mosaike bekannt, die zum UNESCO-Weltkulturerbe geh\u00f6ren, aber auch f\u00fcr ihre antike Geschichte und ihre Rolle als Hauptstadt in verschiedenen historischen Epochen, darunter das Ostgotenreich und das byzantinische Reich.  Ravenna ist dank seines Handelshafens und seiner strategischen Lage auch ein wichtiges Wirtschaftszentrum","og_url":"https:\/\/www.locandadeldelta.com\/de\/umgebung\/ravenna\/","og_site_name":"Locanda del Delta","article_publisher":"https:\/\/www.facebook.com\/LaLocandaDelDelta\/","article_modified_time":"2025-04-24T13:27:06+00:00","twitter_card":"summary_large_image","twitter_misc":{"Gesch\u00e4tzte Lesezeit":"1 Minute"},"schema":{"@context":"https:\/\/schema.org","@graph":[{"@type":"WebPage","@id":"https:\/\/www.locandadeldelta.com\/de\/umgebung\/ravenna\/","url":"https:\/\/www.locandadeldelta.com\/de\/umgebung\/ravenna\/","name":"Ravenna - Locanda del Delta -","isPartOf":{"@id":"https:\/\/www.locandadeldelta.com\/de\/#website"},"datePublished":"2025-03-05T11:23:04+00:00","dateModified":"2025-04-24T13:27:06+00:00","description":"Ravenna ist eine historische Stadt in der italienischen Region Emilia-Romagna, die f\u00fcr ihr au\u00dferordentliches k\u00fcnstlerisches und kulturelles Erbe ber\u00fchmt ist, das sie zu einem der faszinierendsten Reiseziele Italiens macht. Die Stadt ist vor allem f\u00fcr ihre byzantinischen Mosaike bekannt, die zum UNESCO-Weltkulturerbe geh\u00f6ren, aber auch f\u00fcr ihre antike Geschichte und ihre Rolle als Hauptstadt in verschiedenen historischen Epochen, darunter das Ostgotenreich und das byzantinische Reich. Ravenna ist dank seines Handelshafens und seiner strategischen Lage auch ein wichtiges Wirtschaftszentrum","breadcrumb":{"@id":"https:\/\/www.locandadeldelta.com\/de\/umgebung\/ravenna\/#breadcrumb"},"inLanguage":"de-DE","potentialAction":[{"@type":"ReadAction","target":["https:\/\/www.locandadeldelta.com\/de\/umgebung\/ravenna\/"]}]},{"@type":"BreadcrumbList","@id":"https:\/\/www.locandadeldelta.com\/de\/umgebung\/ravenna\/#breadcrumb","itemListElement":[{"@type":"ListItem","position":1,"name":"Home","item":"https:\/\/www.locandadeldelta.com\/de\/"},{"@type":"ListItem","position":2,"name":"Umgebung","item":"https:\/\/www.locandadeldelta.com\/de\/umgebung\/"},{"@type":"ListItem","position":3,"name":"Ravenna"}]},{"@type":"WebSite","@id":"https:\/\/www.locandadeldelta.com\/de\/#website","url":"https:\/\/www.locandadeldelta.com\/de\/","name":"Locanda del Delta","description":"","potentialAction":[{"@type":"SearchAction","target":{"@type":"EntryPoint","urlTemplate":"https:\/\/www.locandadeldelta.com\/de\/?s={search_term_string}"},"query-input":{"@type":"PropertyValueSpecification","valueRequired":true,"valueName":"search_term_string"}}],"inLanguage":"de-DE"}]}},"acf":[],"_links":{"self":[{"href":"https:\/\/www.locandadeldelta.com\/de\/wp-json\/wp\/v2\/pages\/432","targetHints":{"allow":["GET"]}}],"collection":[{"href":"https:\/\/www.locandadeldelta.com\/de\/wp-json\/wp\/v2\/pages"}],"about":[{"href":"https:\/\/www.locandadeldelta.com\/de\/wp-json\/wp\/v2\/types\/page"}],"author":[{"embeddable":true,"href":"https:\/\/www.locandadeldelta.com\/de\/wp-json\/wp\/v2\/users\/13"}],"replies":[{"embeddable":true,"href":"https:\/\/www.locandadeldelta.com\/de\/wp-json\/wp\/v2\/comments?post=432"}],"version-history":[{"count":0,"href":"https:\/\/www.locandadeldelta.com\/de\/wp-json\/wp\/v2\/pages\/432\/revisions"}],"up":[{"embeddable":true,"href":"https:\/\/www.locandadeldelta.com\/de\/wp-json\/wp\/v2\/pages\/354"}],"wp:attachment":[{"href":"https:\/\/www.locandadeldelta.com\/de\/wp-json\/wp\/v2\/media?parent=432"}],"curies":[{"name":"wp","href":"https:\/\/api.w.org\/{rel}","templated":true}]}}