   {"id":654,"date":"2025-09-04T14:11:37","date_gmt":"2025-09-04T14:11:37","guid":{"rendered":"https:\/\/www.locandadeldelta.com\/?page_id=654"},"modified":"2025-09-04T14:46:21","modified_gmt":"2025-09-04T14:46:21","slug":"junior-suite-locandina","status":"publish","type":"page","link":"https:\/\/www.locandadeldelta.com\/de\/zimmer-suites\/junior-suite-locandina\/","title":{"rendered":"Junior Suite Locandina"},"content":{"rendered":"<p>Die Junior Suite der Locandina ist ein intimer und komfortabler R\u00fcckzugsort, perfekt f\u00fcr Paare, die Ruhe und Entspannung suchen. Elegant eingerichtet und mit viel Liebe zum Detail, verf\u00fcgt das Zimmer \u00fcber ein Doppelbett.<br \/>\nAusgestattet mit allem modernen Komfort, darunter kostenloses WLAN, Klimaanlage, Flachbild-TV sowie ein eigenes Badezimmer mit Dusche und Badewanne, garantiert das Zimmer einen angenehmen und unbeschwerten Aufenthalt. Die Fenster blicken auf einen kleinen Innenhofgarten \u2013 ideal zum Entspannen.<\/p>\n","protected":false},"excerpt":{"rendered":"<p>Die Junior Suite der Locandina ist ein intimer und komfortabler R\u00fcckzugsort, perfekt f\u00fcr Paare, die Ruhe und Entspannung suchen. Elegant eingerichtet und mit viel Liebe zum Detail, verf\u00fcgt das Zimmer \u00fcber ein Doppelbett. Ausgestattet mit allem modernen Komfort, darunter kostenloses WLAN, Klimaanlage, Flachbild-TV sowie ein eigenes Badezimmer mit Dusche und Badewanne, garantiert das Zimmer einen [&hellip;]<\/p>\n","protected":false},"author":238,"featured_media":659,"parent":292,"menu_order":5,"comment_status":"closed","ping_status":"closed","template":"template-room.php","meta":{"footnotes":""},"class_list":["post-654","page","type-page","status-publish","has-post-thumbnail","hentry"],"yoast_head":"<!-- This site is optimized with the Yoast SEO plugin v27.3 - https:\/\/yoast.com\/product\/yoast-seo-wordpress\/ -->\n<title>Junior Suite Locandina - Locanda del Delta -<\/title>\n<meta name=\"description\" content=\"Die Junior Suite der Locandina ist ein intimer und komfortabler R\u00fcckzugsort, perfekt f\u00fcr Paare, die Ruhe und Entspannung suchen. Elegant eingerichtet und mit viel Liebe zum Detail, verf\u00fcgt das Zimmer \u00fcber ein Doppelbett. Ausgestattet mit allem modernen Komfort, darunter kostenloses WLAN, Klimaanlage, Flachbild-TV sowie ein eigenes Badezimmer mit Dusche und Badewanne, garantiert das Zimmer einen angenehmen und unbeschwerten Aufenthalt\" \/>\n<meta name=\"robots\" content=\"index, follow, max-snippet:-1, max-image-preview:large, max-video-preview:-1\" \/>\n<link rel=\"canonical\" href=\"https:\/\/www.locandadeldelta.com\/de\/zimmer-suites\/junior-suite-locandina\/\" \/>\n<meta property=\"og:locale\" content=\"de_DE\" \/>\n<meta property=\"og:type\" content=\"article\" \/>\n<meta property=\"og:title\" content=\"Junior Suite Locandina - Locanda del Delta -\" \/>\n<meta property=\"og:description\" content=\"Die Junior Suite der Locandina ist ein intimer und komfortabler R\u00fcckzugsort, perfekt f\u00fcr Paare, die Ruhe und Entspannung suchen. Elegant eingerichtet und mit viel Liebe zum Detail, verf\u00fcgt das Zimmer \u00fcber ein Doppelbett. Ausgestattet mit allem modernen Komfort, darunter kostenloses WLAN, Klimaanlage, Flachbild-TV sowie ein eigenes Badezimmer mit Dusche und Badewanne, garantiert das Zimmer einen angenehmen und unbeschwerten Aufenthalt\" \/>\n<meta property=\"og:url\" content=\"https:\/\/www.locandadeldelta.com\/de\/zimmer-suites\/junior-suite-locandina\/\" \/>\n<meta property=\"og:site_name\" content=\"Locanda del Delta\" \/>\n<meta property=\"article:publisher\" content=\"https:\/\/www.facebook.com\/LaLocandaDelDelta\/\" \/>\n<meta property=\"article:modified_time\" content=\"2025-09-04T14:46:21+00:00\" \/>\n<meta property=\"og:image\" content=\"https:\/\/www.locandadeldelta.com\/wp-content\/uploads\/sites\/212\/2025\/09\/Junior-Suite-Finestra.jpg\" \/>\n\t<meta property=\"og:image:width\" content=\"1800\" \/>\n\t<meta property=\"og:image:height\" content=\"1200\" \/>\n\t<meta property=\"og:image:type\" content=\"image\/jpeg\" \/>\n<meta name=\"twitter:card\" content=\"summary_large_image\" \/>\n<meta name=\"twitter:label1\" content=\"Gesch\u00e4tzte Lesezeit\" \/>\n\t<meta name=\"twitter:data1\" content=\"1 Minute\" \/>\n<script type=\"application\/ld+json\" class=\"yoast-schema-graph\">{\"@context\":\"https:\\\/\\\/schema.org\",\"@graph\":[{\"@type\":\"WebPage\",\"@id\":\"https:\\\/\\\/www.locandadeldelta.com\\\/de\\\/zimmer-suites\\\/junior-suite-locandina\\\/\",\"url\":\"https:\\\/\\\/www.locandadeldelta.com\\\/de\\\/zimmer-suites\\\/junior-suite-locandina\\\/\",\"name\":\"Junior Suite Locandina - Locanda del Delta -\",\"isPartOf\":{\"@id\":\"https:\\\/\\\/www.locandadeldelta.com\\\/de\\\/#website\"},\"primaryImageOfPage\":{\"@id\":\"https:\\\/\\\/www.locandadeldelta.com\\\/de\\\/zimmer-suites\\\/junior-suite-locandina\\\/#primaryimage\"},\"image\":{\"@id\":\"https:\\\/\\\/www.locandadeldelta.com\\\/de\\\/zimmer-suites\\\/junior-suite-locandina\\\/#primaryimage\"},\"thumbnailUrl\":\"https:\\\/\\\/www.locandadeldelta.com\\\/wp-content\\\/uploads\\\/sites\\\/212\\\/2025\\\/09\\\/Junior-Suite-Finestra.jpg\",\"datePublished\":\"2025-09-04T14:11:37+00:00\",\"dateModified\":\"2025-09-04T14:46:21+00:00\",\"description\":\"Die Junior Suite der Locandina ist ein intimer und komfortabler R\u00fcckzugsort, perfekt f\u00fcr Paare, die Ruhe und Entspannung suchen. Elegant eingerichtet und mit viel Liebe zum Detail, verf\u00fcgt das Zimmer \u00fcber ein Doppelbett. Ausgestattet mit allem modernen Komfort, darunter kostenloses WLAN, Klimaanlage, Flachbild-TV sowie ein eigenes Badezimmer mit Dusche und Badewanne, garantiert das Zimmer einen angenehmen und unbeschwerten Aufenthalt\",\"breadcrumb\":{\"@id\":\"https:\\\/\\\/www.locandadeldelta.com\\\/de\\\/zimmer-suites\\\/junior-suite-locandina\\\/#breadcrumb\"},\"inLanguage\":\"de-DE\",\"potentialAction\":[{\"@type\":\"ReadAction\",\"target\":[\"https:\\\/\\\/www.locandadeldelta.com\\\/de\\\/zimmer-suites\\\/junior-suite-locandina\\\/\"]}]},{\"@type\":\"ImageObject\",\"inLanguage\":\"de-DE\",\"@id\":\"https:\\\/\\\/www.locandadeldelta.com\\\/de\\\/zimmer-suites\\\/junior-suite-locandina\\\/#primaryimage\",\"url\":\"https:\\\/\\\/www.locandadeldelta.com\\\/wp-content\\\/uploads\\\/sites\\\/212\\\/2025\\\/09\\\/Junior-Suite-Finestra.jpg\",\"contentUrl\":\"https:\\\/\\\/www.locandadeldelta.com\\\/wp-content\\\/uploads\\\/sites\\\/212\\\/2025\\\/09\\\/Junior-Suite-Finestra.jpg\",\"width\":1800,\"height\":1200},{\"@type\":\"BreadcrumbList\",\"@id\":\"https:\\\/\\\/www.locandadeldelta.com\\\/de\\\/zimmer-suites\\\/junior-suite-locandina\\\/#breadcrumb\",\"itemListElement\":[{\"@type\":\"ListItem\",\"position\":1,\"name\":\"Home\",\"item\":\"https:\\\/\\\/www.locandadeldelta.com\\\/de\\\/\"},{\"@type\":\"ListItem\",\"position\":2,\"name\":\"Zimmer &#038; Suites\",\"item\":\"https:\\\/\\\/www.locandadeldelta.com\\\/de\\\/zimmer-suites\\\/\"},{\"@type\":\"ListItem\",\"position\":3,\"name\":\"Junior Suite Locandina\"}]},{\"@type\":\"WebSite\",\"@id\":\"https:\\\/\\\/www.locandadeldelta.com\\\/de\\\/#website\",\"url\":\"https:\\\/\\\/www.locandadeldelta.com\\\/de\\\/\",\"name\":\"Locanda del Delta\",\"description\":\"\",\"potentialAction\":[{\"@type\":\"SearchAction\",\"target\":{\"@type\":\"EntryPoint\",\"urlTemplate\":\"https:\\\/\\\/www.locandadeldelta.com\\\/de\\\/?s={search_term_string}\"},\"query-input\":{\"@type\":\"PropertyValueSpecification\",\"valueRequired\":true,\"valueName\":\"search_term_string\"}}],\"inLanguage\":\"de-DE\"}]}<\/script>\n<!-- \/ Yoast SEO plugin. -->","yoast_head_json":{"title":"Junior Suite Locandina - Locanda del Delta -","description":"Die Junior Suite der Locandina ist ein intimer und komfortabler R\u00fcckzugsort, perfekt f\u00fcr Paare, die Ruhe und Entspannung suchen. Elegant eingerichtet und mit viel Liebe zum Detail, verf\u00fcgt das Zimmer \u00fcber ein Doppelbett. Ausgestattet mit allem modernen Komfort, darunter kostenloses WLAN, Klimaanlage, Flachbild-TV sowie ein eigenes Badezimmer mit Dusche und Badewanne, garantiert das Zimmer einen angenehmen und unbeschwerten Aufenthalt","robots":{"index":"index","follow":"follow","max-snippet":"max-snippet:-1","max-image-preview":"max-image-preview:large","max-video-preview":"max-video-preview:-1"},"canonical":"https:\/\/www.locandadeldelta.com\/de\/zimmer-suites\/junior-suite-locandina\/","og_locale":"de_DE","og_type":"article","og_title":"Junior Suite Locandina - Locanda del Delta -","og_description":"Die Junior Suite der Locandina ist ein intimer und komfortabler R\u00fcckzugsort, perfekt f\u00fcr Paare, die Ruhe und Entspannung suchen. Elegant eingerichtet und mit viel Liebe zum Detail, verf\u00fcgt das Zimmer \u00fcber ein Doppelbett. Ausgestattet mit allem modernen Komfort, darunter kostenloses WLAN, Klimaanlage, Flachbild-TV sowie ein eigenes Badezimmer mit Dusche und Badewanne, garantiert das Zimmer einen angenehmen und unbeschwerten Aufenthalt","og_url":"https:\/\/www.locandadeldelta.com\/de\/zimmer-suites\/junior-suite-locandina\/","og_site_name":"Locanda del Delta","article_publisher":"https:\/\/www.facebook.com\/LaLocandaDelDelta\/","article_modified_time":"2025-09-04T14:46:21+00:00","og_image":[{"width":1800,"height":1200,"url":"https:\/\/www.locandadeldelta.com\/wp-content\/uploads\/sites\/212\/2025\/09\/Junior-Suite-Finestra.jpg","type":"image\/jpeg"}],"twitter_card":"summary_large_image","twitter_misc":{"Gesch\u00e4tzte Lesezeit":"1 Minute"},"schema":{"@context":"https:\/\/schema.org","@graph":[{"@type":"WebPage","@id":"https:\/\/www.locandadeldelta.com\/de\/zimmer-suites\/junior-suite-locandina\/","url":"https:\/\/www.locandadeldelta.com\/de\/zimmer-suites\/junior-suite-locandina\/","name":"Junior Suite Locandina - Locanda del Delta -","isPartOf":{"@id":"https:\/\/www.locandadeldelta.com\/de\/#website"},"primaryImageOfPage":{"@id":"https:\/\/www.locandadeldelta.com\/de\/zimmer-suites\/junior-suite-locandina\/#primaryimage"},"image":{"@id":"https:\/\/www.locandadeldelta.com\/de\/zimmer-suites\/junior-suite-locandina\/#primaryimage"},"thumbnailUrl":"https:\/\/www.locandadeldelta.com\/wp-content\/uploads\/sites\/212\/2025\/09\/Junior-Suite-Finestra.jpg","datePublished":"2025-09-04T14:11:37+00:00","dateModified":"2025-09-04T14:46:21+00:00","description":"Die Junior Suite der Locandina ist ein intimer und komfortabler R\u00fcckzugsort, perfekt f\u00fcr Paare, die Ruhe und Entspannung suchen. Elegant eingerichtet und mit viel Liebe zum Detail, verf\u00fcgt das Zimmer \u00fcber ein Doppelbett. Ausgestattet mit allem modernen Komfort, darunter kostenloses WLAN, Klimaanlage, Flachbild-TV sowie ein eigenes Badezimmer mit Dusche und Badewanne, garantiert das Zimmer einen angenehmen und unbeschwerten Aufenthalt","breadcrumb":{"@id":"https:\/\/www.locandadeldelta.com\/de\/zimmer-suites\/junior-suite-locandina\/#breadcrumb"},"inLanguage":"de-DE","potentialAction":[{"@type":"ReadAction","target":["https:\/\/www.locandadeldelta.com\/de\/zimmer-suites\/junior-suite-locandina\/"]}]},{"@type":"ImageObject","inLanguage":"de-DE","@id":"https:\/\/www.locandadeldelta.com\/de\/zimmer-suites\/junior-suite-locandina\/#primaryimage","url":"https:\/\/www.locandadeldelta.com\/wp-content\/uploads\/sites\/212\/2025\/09\/Junior-Suite-Finestra.jpg","contentUrl":"https:\/\/www.locandadeldelta.com\/wp-content\/uploads\/sites\/212\/2025\/09\/Junior-Suite-Finestra.jpg","width":1800,"height":1200},{"@type":"BreadcrumbList","@id":"https:\/\/www.locandadeldelta.com\/de\/zimmer-suites\/junior-suite-locandina\/#breadcrumb","itemListElement":[{"@type":"ListItem","position":1,"name":"Home","item":"https:\/\/www.locandadeldelta.com\/de\/"},{"@type":"ListItem","position":2,"name":"Zimmer &#038; Suites","item":"https:\/\/www.locandadeldelta.com\/de\/zimmer-suites\/"},{"@type":"ListItem","position":3,"name":"Junior Suite Locandina"}]},{"@type":"WebSite","@id":"https:\/\/www.locandadeldelta.com\/de\/#website","url":"https:\/\/www.locandadeldelta.com\/de\/","name":"Locanda del Delta","description":"","potentialAction":[{"@type":"SearchAction","target":{"@type":"EntryPoint","urlTemplate":"https:\/\/www.locandadeldelta.com\/de\/?s={search_term_string}"},"query-input":{"@type":"PropertyValueSpecification","valueRequired":true,"valueName":"search_term_string"}}],"inLanguage":"de-DE"}]}},"acf":[],"_links":{"self":[{"href":"https:\/\/www.locandadeldelta.com\/de\/wp-json\/wp\/v2\/pages\/654","targetHints":{"allow":["GET"]}}],"collection":[{"href":"https:\/\/www.locandadeldelta.com\/de\/wp-json\/wp\/v2\/pages"}],"about":[{"href":"https:\/\/www.locandadeldelta.com\/de\/wp-json\/wp\/v2\/types\/page"}],"author":[{"embeddable":true,"href":"https:\/\/www.locandadeldelta.com\/de\/wp-json\/wp\/v2\/users\/238"}],"replies":[{"embeddable":true,"href":"https:\/\/www.locandadeldelta.com\/de\/wp-json\/wp\/v2\/comments?post=654"}],"version-history":[{"count":0,"href":"https:\/\/www.locandadeldelta.com\/de\/wp-json\/wp\/v2\/pages\/654\/revisions"}],"up":[{"embeddable":true,"href":"https:\/\/www.locandadeldelta.com\/de\/wp-json\/wp\/v2\/pages\/292"}],"wp:featuredmedia":[{"embeddable":true,"href":"https:\/\/www.locandadeldelta.com\/de\/wp-json\/wp\/v2\/media\/659"}],"wp:attachment":[{"href":"https:\/\/www.locandadeldelta.com\/de\/wp-json\/wp\/v2\/media?parent=654"}],"curies":[{"name":"wp","href":"https:\/\/api.w.org\/{rel}","templated":true}]}}