   {"id":661,"date":"2025-09-12T15:01:58","date_gmt":"2025-09-12T15:01:58","guid":{"rendered":"https:\/\/www.locandadeldelta.com\/?page_id=661"},"modified":"2025-09-12T15:31:02","modified_gmt":"2025-09-12T15:31:02","slug":"vierbettzimmer-mit-kanalblick-locandina","status":"publish","type":"page","link":"https:\/\/www.locandadeldelta.com\/de\/zimmer-suites\/vierbettzimmer-mit-kanalblick-locandina\/","title":{"rendered":"Vierbettzimmer mit Kanalblick Locandina"},"content":{"rendered":"<p>Das Vierbettzimmer mit Kanalblick der Locandina ist ein intimer und komfortabler R\u00fcckzugsort, perfekt f\u00fcr Familien, die Entspannung und Ruhe suchen.<br \/>\nMit Eleganz und Liebe zum Detail eingerichtet, verf\u00fcgt es \u00fcber zwei Bereiche: einen mit einem Doppelbett und einen weiteren mit einem Etagenbett.<\/p>\n<p>Ausgestattet mit allen modernen Annehmlichkeiten, darunter kostenloses WLAN, Klimaanlage, Flachbild-TV und ein eigenes Bad mit Dusche, garantiert das Zimmer einen angenehmen und unbeschwerten Aufenthalt. Die Fenster bieten einen reizvollen Blick auf den Kanal \u2013 ideal zum Entspannen.<\/p>\n","protected":false},"excerpt":{"rendered":"<p>Das Vierbettzimmer mit Kanalblick der Locandina ist ein intimer und komfortabler R\u00fcckzugsort, perfekt f\u00fcr Familien, die Entspannung und Ruhe suchen. Mit Eleganz und Liebe zum Detail eingerichtet, verf\u00fcgt es \u00fcber zwei Bereiche: einen mit einem Doppelbett und einen weiteren mit einem Etagenbett. Ausgestattet mit allen modernen Annehmlichkeiten, darunter kostenloses WLAN, Klimaanlage, Flachbild-TV und ein eigenes [&hellip;]<\/p>\n","protected":false},"author":238,"featured_media":671,"parent":292,"menu_order":5,"comment_status":"closed","ping_status":"closed","template":"template-room.php","meta":{"footnotes":""},"class_list":["post-661","page","type-page","status-publish","has-post-thumbnail","hentry"],"yoast_head":"<!-- This site is optimized with the Yoast SEO plugin v27.3 - https:\/\/yoast.com\/product\/yoast-seo-wordpress\/ -->\n<title>Vierbettzimmer mit Kanalblick Locandina - Locanda del Delta -<\/title>\n<meta name=\"description\" content=\"Das Vierbettzimmer mit Kanalblick der Locandina ist ein intimer und komfortabler R\u00fcckzugsort, perfekt f\u00fcr Familien, die Entspannung und Ruhe suchen.  Mit Eleganz und Liebe zum Detail eingerichtet, verf\u00fcgt es \u00fcber zwei Bereiche: einen mit einem Doppelbett und einen weiteren mit einem Etagenbett.   Ausgestattet mit allen modernen Annehmlichkeiten, darunter kostenloses WLAN, Klimaanlage, Flachbild-TV und ein eigenes Bad mit Dusche, garantiert das Zimmer einen angenehmen und unbeschwerten Aufenthalt\" \/>\n<meta name=\"robots\" content=\"index, follow, max-snippet:-1, max-image-preview:large, max-video-preview:-1\" \/>\n<link rel=\"canonical\" href=\"https:\/\/www.locandadeldelta.com\/de\/zimmer-suites\/vierbettzimmer-mit-kanalblick-locandina\/\" \/>\n<meta property=\"og:locale\" content=\"de_DE\" \/>\n<meta property=\"og:type\" content=\"article\" \/>\n<meta property=\"og:title\" content=\"Vierbettzimmer mit Kanalblick Locandina - Locanda del Delta -\" \/>\n<meta property=\"og:description\" content=\"Das Vierbettzimmer mit Kanalblick der Locandina ist ein intimer und komfortabler R\u00fcckzugsort, perfekt f\u00fcr Familien, die Entspannung und Ruhe suchen.  Mit Eleganz und Liebe zum Detail eingerichtet, verf\u00fcgt es \u00fcber zwei Bereiche: einen mit einem Doppelbett und einen weiteren mit einem Etagenbett.   Ausgestattet mit allen modernen Annehmlichkeiten, darunter kostenloses WLAN, Klimaanlage, Flachbild-TV und ein eigenes Bad mit Dusche, garantiert das Zimmer einen angenehmen und unbeschwerten Aufenthalt\" \/>\n<meta property=\"og:url\" content=\"https:\/\/www.locandadeldelta.com\/de\/zimmer-suites\/vierbettzimmer-mit-kanalblick-locandina\/\" \/>\n<meta property=\"og:site_name\" content=\"Locanda del Delta\" \/>\n<meta property=\"article:publisher\" content=\"https:\/\/www.facebook.com\/LaLocandaDelDelta\/\" \/>\n<meta property=\"article:modified_time\" content=\"2025-09-12T15:31:02+00:00\" \/>\n<meta property=\"og:image\" content=\"https:\/\/www.locandadeldelta.com\/wp-content\/uploads\/sites\/212\/2025\/09\/Stanza-Tripla.jpg\" \/>\n\t<meta property=\"og:image:width\" content=\"1800\" \/>\n\t<meta property=\"og:image:height\" content=\"1200\" \/>\n\t<meta property=\"og:image:type\" content=\"image\/jpeg\" \/>\n<meta name=\"twitter:card\" content=\"summary_large_image\" \/>\n<meta name=\"twitter:label1\" content=\"Gesch\u00e4tzte Lesezeit\" \/>\n\t<meta name=\"twitter:data1\" content=\"1 Minute\" \/>\n<script type=\"application\/ld+json\" class=\"yoast-schema-graph\">{\"@context\":\"https:\\\/\\\/schema.org\",\"@graph\":[{\"@type\":\"WebPage\",\"@id\":\"https:\\\/\\\/www.locandadeldelta.com\\\/de\\\/zimmer-suites\\\/vierbettzimmer-mit-kanalblick-locandina\\\/\",\"url\":\"https:\\\/\\\/www.locandadeldelta.com\\\/de\\\/zimmer-suites\\\/vierbettzimmer-mit-kanalblick-locandina\\\/\",\"name\":\"Vierbettzimmer mit Kanalblick Locandina - Locanda del Delta -\",\"isPartOf\":{\"@id\":\"https:\\\/\\\/www.locandadeldelta.com\\\/de\\\/#website\"},\"primaryImageOfPage\":{\"@id\":\"https:\\\/\\\/www.locandadeldelta.com\\\/de\\\/zimmer-suites\\\/vierbettzimmer-mit-kanalblick-locandina\\\/#primaryimage\"},\"image\":{\"@id\":\"https:\\\/\\\/www.locandadeldelta.com\\\/de\\\/zimmer-suites\\\/vierbettzimmer-mit-kanalblick-locandina\\\/#primaryimage\"},\"thumbnailUrl\":\"https:\\\/\\\/www.locandadeldelta.com\\\/wp-content\\\/uploads\\\/sites\\\/212\\\/2025\\\/09\\\/Stanza-Tripla.jpg\",\"datePublished\":\"2025-09-12T15:01:58+00:00\",\"dateModified\":\"2025-09-12T15:31:02+00:00\",\"description\":\"Das Vierbettzimmer mit Kanalblick der Locandina ist ein intimer und komfortabler R\u00fcckzugsort, perfekt f\u00fcr Familien, die Entspannung und Ruhe suchen. Mit Eleganz und Liebe zum Detail eingerichtet, verf\u00fcgt es \u00fcber zwei Bereiche: einen mit einem Doppelbett und einen weiteren mit einem Etagenbett. Ausgestattet mit allen modernen Annehmlichkeiten, darunter kostenloses WLAN, Klimaanlage, Flachbild-TV und ein eigenes Bad mit Dusche, garantiert das Zimmer einen angenehmen und unbeschwerten Aufenthalt\",\"breadcrumb\":{\"@id\":\"https:\\\/\\\/www.locandadeldelta.com\\\/de\\\/zimmer-suites\\\/vierbettzimmer-mit-kanalblick-locandina\\\/#breadcrumb\"},\"inLanguage\":\"de-DE\",\"potentialAction\":[{\"@type\":\"ReadAction\",\"target\":[\"https:\\\/\\\/www.locandadeldelta.com\\\/de\\\/zimmer-suites\\\/vierbettzimmer-mit-kanalblick-locandina\\\/\"]}]},{\"@type\":\"ImageObject\",\"inLanguage\":\"de-DE\",\"@id\":\"https:\\\/\\\/www.locandadeldelta.com\\\/de\\\/zimmer-suites\\\/vierbettzimmer-mit-kanalblick-locandina\\\/#primaryimage\",\"url\":\"https:\\\/\\\/www.locandadeldelta.com\\\/wp-content\\\/uploads\\\/sites\\\/212\\\/2025\\\/09\\\/Stanza-Tripla.jpg\",\"contentUrl\":\"https:\\\/\\\/www.locandadeldelta.com\\\/wp-content\\\/uploads\\\/sites\\\/212\\\/2025\\\/09\\\/Stanza-Tripla.jpg\",\"width\":1800,\"height\":1200},{\"@type\":\"BreadcrumbList\",\"@id\":\"https:\\\/\\\/www.locandadeldelta.com\\\/de\\\/zimmer-suites\\\/vierbettzimmer-mit-kanalblick-locandina\\\/#breadcrumb\",\"itemListElement\":[{\"@type\":\"ListItem\",\"position\":1,\"name\":\"Home\",\"item\":\"https:\\\/\\\/www.locandadeldelta.com\\\/de\\\/\"},{\"@type\":\"ListItem\",\"position\":2,\"name\":\"Zimmer &#038; Suites\",\"item\":\"https:\\\/\\\/www.locandadeldelta.com\\\/de\\\/zimmer-suites\\\/\"},{\"@type\":\"ListItem\",\"position\":3,\"name\":\"Vierbettzimmer mit Kanalblick Locandina\"}]},{\"@type\":\"WebSite\",\"@id\":\"https:\\\/\\\/www.locandadeldelta.com\\\/de\\\/#website\",\"url\":\"https:\\\/\\\/www.locandadeldelta.com\\\/de\\\/\",\"name\":\"Locanda del Delta\",\"description\":\"\",\"potentialAction\":[{\"@type\":\"SearchAction\",\"target\":{\"@type\":\"EntryPoint\",\"urlTemplate\":\"https:\\\/\\\/www.locandadeldelta.com\\\/de\\\/?s={search_term_string}\"},\"query-input\":{\"@type\":\"PropertyValueSpecification\",\"valueRequired\":true,\"valueName\":\"search_term_string\"}}],\"inLanguage\":\"de-DE\"}]}<\/script>\n<!-- \/ Yoast SEO plugin. -->","yoast_head_json":{"title":"Vierbettzimmer mit Kanalblick Locandina - Locanda del Delta -","description":"Das Vierbettzimmer mit Kanalblick der Locandina ist ein intimer und komfortabler R\u00fcckzugsort, perfekt f\u00fcr Familien, die Entspannung und Ruhe suchen.  Mit Eleganz und Liebe zum Detail eingerichtet, verf\u00fcgt es \u00fcber zwei Bereiche: einen mit einem Doppelbett und einen weiteren mit einem Etagenbett.   Ausgestattet mit allen modernen Annehmlichkeiten, darunter kostenloses WLAN, Klimaanlage, Flachbild-TV und ein eigenes Bad mit Dusche, garantiert das Zimmer einen angenehmen und unbeschwerten Aufenthalt","robots":{"index":"index","follow":"follow","max-snippet":"max-snippet:-1","max-image-preview":"max-image-preview:large","max-video-preview":"max-video-preview:-1"},"canonical":"https:\/\/www.locandadeldelta.com\/de\/zimmer-suites\/vierbettzimmer-mit-kanalblick-locandina\/","og_locale":"de_DE","og_type":"article","og_title":"Vierbettzimmer mit Kanalblick Locandina - Locanda del Delta -","og_description":"Das Vierbettzimmer mit Kanalblick der Locandina ist ein intimer und komfortabler R\u00fcckzugsort, perfekt f\u00fcr Familien, die Entspannung und Ruhe suchen.  Mit Eleganz und Liebe zum Detail eingerichtet, verf\u00fcgt es \u00fcber zwei Bereiche: einen mit einem Doppelbett und einen weiteren mit einem Etagenbett.   Ausgestattet mit allen modernen Annehmlichkeiten, darunter kostenloses WLAN, Klimaanlage, Flachbild-TV und ein eigenes Bad mit Dusche, garantiert das Zimmer einen angenehmen und unbeschwerten Aufenthalt","og_url":"https:\/\/www.locandadeldelta.com\/de\/zimmer-suites\/vierbettzimmer-mit-kanalblick-locandina\/","og_site_name":"Locanda del Delta","article_publisher":"https:\/\/www.facebook.com\/LaLocandaDelDelta\/","article_modified_time":"2025-09-12T15:31:02+00:00","og_image":[{"width":1800,"height":1200,"url":"https:\/\/www.locandadeldelta.com\/wp-content\/uploads\/sites\/212\/2025\/09\/Stanza-Tripla.jpg","type":"image\/jpeg"}],"twitter_card":"summary_large_image","twitter_misc":{"Gesch\u00e4tzte Lesezeit":"1 Minute"},"schema":{"@context":"https:\/\/schema.org","@graph":[{"@type":"WebPage","@id":"https:\/\/www.locandadeldelta.com\/de\/zimmer-suites\/vierbettzimmer-mit-kanalblick-locandina\/","url":"https:\/\/www.locandadeldelta.com\/de\/zimmer-suites\/vierbettzimmer-mit-kanalblick-locandina\/","name":"Vierbettzimmer mit Kanalblick Locandina - Locanda del Delta -","isPartOf":{"@id":"https:\/\/www.locandadeldelta.com\/de\/#website"},"primaryImageOfPage":{"@id":"https:\/\/www.locandadeldelta.com\/de\/zimmer-suites\/vierbettzimmer-mit-kanalblick-locandina\/#primaryimage"},"image":{"@id":"https:\/\/www.locandadeldelta.com\/de\/zimmer-suites\/vierbettzimmer-mit-kanalblick-locandina\/#primaryimage"},"thumbnailUrl":"https:\/\/www.locandadeldelta.com\/wp-content\/uploads\/sites\/212\/2025\/09\/Stanza-Tripla.jpg","datePublished":"2025-09-12T15:01:58+00:00","dateModified":"2025-09-12T15:31:02+00:00","description":"Das Vierbettzimmer mit Kanalblick der Locandina ist ein intimer und komfortabler R\u00fcckzugsort, perfekt f\u00fcr Familien, die Entspannung und Ruhe suchen. Mit Eleganz und Liebe zum Detail eingerichtet, verf\u00fcgt es \u00fcber zwei Bereiche: einen mit einem Doppelbett und einen weiteren mit einem Etagenbett. Ausgestattet mit allen modernen Annehmlichkeiten, darunter kostenloses WLAN, Klimaanlage, Flachbild-TV und ein eigenes Bad mit Dusche, garantiert das Zimmer einen angenehmen und unbeschwerten Aufenthalt","breadcrumb":{"@id":"https:\/\/www.locandadeldelta.com\/de\/zimmer-suites\/vierbettzimmer-mit-kanalblick-locandina\/#breadcrumb"},"inLanguage":"de-DE","potentialAction":[{"@type":"ReadAction","target":["https:\/\/www.locandadeldelta.com\/de\/zimmer-suites\/vierbettzimmer-mit-kanalblick-locandina\/"]}]},{"@type":"ImageObject","inLanguage":"de-DE","@id":"https:\/\/www.locandadeldelta.com\/de\/zimmer-suites\/vierbettzimmer-mit-kanalblick-locandina\/#primaryimage","url":"https:\/\/www.locandadeldelta.com\/wp-content\/uploads\/sites\/212\/2025\/09\/Stanza-Tripla.jpg","contentUrl":"https:\/\/www.locandadeldelta.com\/wp-content\/uploads\/sites\/212\/2025\/09\/Stanza-Tripla.jpg","width":1800,"height":1200},{"@type":"BreadcrumbList","@id":"https:\/\/www.locandadeldelta.com\/de\/zimmer-suites\/vierbettzimmer-mit-kanalblick-locandina\/#breadcrumb","itemListElement":[{"@type":"ListItem","position":1,"name":"Home","item":"https:\/\/www.locandadeldelta.com\/de\/"},{"@type":"ListItem","position":2,"name":"Zimmer &#038; Suites","item":"https:\/\/www.locandadeldelta.com\/de\/zimmer-suites\/"},{"@type":"ListItem","position":3,"name":"Vierbettzimmer mit Kanalblick Locandina"}]},{"@type":"WebSite","@id":"https:\/\/www.locandadeldelta.com\/de\/#website","url":"https:\/\/www.locandadeldelta.com\/de\/","name":"Locanda del Delta","description":"","potentialAction":[{"@type":"SearchAction","target":{"@type":"EntryPoint","urlTemplate":"https:\/\/www.locandadeldelta.com\/de\/?s={search_term_string}"},"query-input":{"@type":"PropertyValueSpecification","valueRequired":true,"valueName":"search_term_string"}}],"inLanguage":"de-DE"}]}},"acf":[],"_links":{"self":[{"href":"https:\/\/www.locandadeldelta.com\/de\/wp-json\/wp\/v2\/pages\/661","targetHints":{"allow":["GET"]}}],"collection":[{"href":"https:\/\/www.locandadeldelta.com\/de\/wp-json\/wp\/v2\/pages"}],"about":[{"href":"https:\/\/www.locandadeldelta.com\/de\/wp-json\/wp\/v2\/types\/page"}],"author":[{"embeddable":true,"href":"https:\/\/www.locandadeldelta.com\/de\/wp-json\/wp\/v2\/users\/238"}],"replies":[{"embeddable":true,"href":"https:\/\/www.locandadeldelta.com\/de\/wp-json\/wp\/v2\/comments?post=661"}],"version-history":[{"count":0,"href":"https:\/\/www.locandadeldelta.com\/de\/wp-json\/wp\/v2\/pages\/661\/revisions"}],"up":[{"embeddable":true,"href":"https:\/\/www.locandadeldelta.com\/de\/wp-json\/wp\/v2\/pages\/292"}],"wp:featuredmedia":[{"embeddable":true,"href":"https:\/\/www.locandadeldelta.com\/de\/wp-json\/wp\/v2\/media\/671"}],"wp:attachment":[{"href":"https:\/\/www.locandadeldelta.com\/de\/wp-json\/wp\/v2\/media?parent=661"}],"curies":[{"name":"wp","href":"https:\/\/api.w.org\/{rel}","templated":true}]}}