   {"id":692,"date":"2025-09-12T16:02:20","date_gmt":"2025-09-12T16:02:20","guid":{"rendered":"https:\/\/www.locandadeldelta.com\/?page_id=692"},"modified":"2025-09-12T16:17:00","modified_gmt":"2025-09-12T16:17:00","slug":"apartment-locandina","status":"publish","type":"page","link":"https:\/\/www.locandadeldelta.com\/de\/zimmer-suites\/apartment-locandina\/","title":{"rendered":"Apartment Locandina"},"content":{"rendered":"<p>Das kleine Apartment der Locandina ist die ideale L\u00f6sung f\u00fcr Familien oder Freundesgruppen, die Komfort, Unabh\u00e4ngigkeit und Entspannung suchen.<\/p>\n<p>Im Erdgeschoss befinden sich ein einladender Eingangsbereich mit Schlafsofa (Doppelbett), ein Badezimmer mit Dusche und eine praktische Kochnische sowie der direkte Zugang zu einem kleinen Gemeinschaftsgarten \u2013 perfekt f\u00fcr ruhige Momente im Freien. Der Eingang bietet zudem einen reizvollen Blick auf den Kanal.<\/p>\n<p>Im ersten Stock gibt es ein Schlafzimmer mit Doppelbett, ein Badezimmer mit Dusche und ein ger\u00e4umiges Vierbettzimmer mit Doppelbett und einer Chaiselongue, die sich in ein Etagenbett verwandeln l\u00e4sst \u2013 ebenfalls mit sch\u00f6nem Blick auf den Kanal.<\/p>\n<p>Das Apartment ist mit allen modernen Annehmlichkeiten ausgestattet, darunter kostenloses WLAN, Klimaanlage, Flachbild-TV und zwei private Badezimmer, um einen angenehmen und sorglosen Aufenthalt zu garantieren.<\/p>\n","protected":false},"excerpt":{"rendered":"<p>Das kleine Apartment der Locandina ist die ideale L\u00f6sung f\u00fcr Familien oder Freundesgruppen, die Komfort, Unabh\u00e4ngigkeit und Entspannung suchen. Im Erdgeschoss befinden sich ein einladender Eingangsbereich mit Schlafsofa (Doppelbett), ein Badezimmer mit Dusche und eine praktische Kochnische sowie der direkte Zugang zu einem kleinen Gemeinschaftsgarten \u2013 perfekt f\u00fcr ruhige Momente im Freien. Der Eingang bietet [&hellip;]<\/p>\n","protected":false},"author":238,"featured_media":687,"parent":292,"menu_order":5,"comment_status":"closed","ping_status":"closed","template":"template-room.php","meta":{"footnotes":""},"class_list":["post-692","page","type-page","status-publish","has-post-thumbnail","hentry"],"yoast_head":"<!-- This site is optimized with the Yoast SEO plugin v27.3 - https:\/\/yoast.com\/product\/yoast-seo-wordpress\/ -->\n<title>Apartment Locandina - Locanda del Delta -<\/title>\n<meta name=\"description\" content=\"Das kleine Apartment der Locandina ist die ideale L\u00f6sung f\u00fcr Familien oder Freundesgruppen, die Komfort, Unabh\u00e4ngigkeit und Entspannung suchen.  Im Erdgeschoss befinden sich ein einladender Eingangsbereich mit Schlafsofa (Doppelbett), ein Badezimmer mit Dusche und eine praktische Kochnische sowie der direkte Zugang zu einem kleinen Gemeinschaftsgarten \u2013 perfekt f\u00fcr ruhige Momente im Freien. Der Eingang bietet zudem einen reizvollen Blick auf den Kanal.  Im ersten Stock gibt es ein Schlafzimmer mit Doppelbett, ein Badezimmer mit Dusche und ein ger\u00e4umiges Vierbettzimmer mit Doppelbett und einer Chaiselongue, die sich in ein Etagenbett verwandeln l\u00e4sst \u2013 ebenfalls mit sch\u00f6nem Blick auf den Kanal.  Das Apartment ist mit allen modernen Annehmlichkeiten ausgestattet, darunter kostenloses WLAN, Klimaanlage, Flachbild-TV und zwei private Badezimmer, um einen angenehmen und sorglosen Aufenthalt zu garantieren.\" \/>\n<meta name=\"robots\" content=\"index, follow, max-snippet:-1, max-image-preview:large, max-video-preview:-1\" \/>\n<link rel=\"canonical\" href=\"https:\/\/www.locandadeldelta.com\/de\/zimmer-suites\/apartment-locandina\/\" \/>\n<meta property=\"og:locale\" content=\"de_DE\" \/>\n<meta property=\"og:type\" content=\"article\" \/>\n<meta property=\"og:title\" content=\"Apartment Locandina - Locanda del Delta -\" \/>\n<meta property=\"og:description\" content=\"Das kleine Apartment der Locandina ist die ideale L\u00f6sung f\u00fcr Familien oder Freundesgruppen, die Komfort, Unabh\u00e4ngigkeit und Entspannung suchen.  Im Erdgeschoss befinden sich ein einladender Eingangsbereich mit Schlafsofa (Doppelbett), ein Badezimmer mit Dusche und eine praktische Kochnische sowie der direkte Zugang zu einem kleinen Gemeinschaftsgarten \u2013 perfekt f\u00fcr ruhige Momente im Freien. Der Eingang bietet zudem einen reizvollen Blick auf den Kanal.  Im ersten Stock gibt es ein Schlafzimmer mit Doppelbett, ein Badezimmer mit Dusche und ein ger\u00e4umiges Vierbettzimmer mit Doppelbett und einer Chaiselongue, die sich in ein Etagenbett verwandeln l\u00e4sst \u2013 ebenfalls mit sch\u00f6nem Blick auf den Kanal.  Das Apartment ist mit allen modernen Annehmlichkeiten ausgestattet, darunter kostenloses WLAN, Klimaanlage, Flachbild-TV und zwei private Badezimmer, um einen angenehmen und sorglosen Aufenthalt zu garantieren.\" \/>\n<meta property=\"og:url\" content=\"https:\/\/www.locandadeldelta.com\/de\/zimmer-suites\/apartment-locandina\/\" \/>\n<meta property=\"og:site_name\" content=\"Locanda del Delta\" \/>\n<meta property=\"article:publisher\" content=\"https:\/\/www.facebook.com\/LaLocandaDelDelta\/\" \/>\n<meta property=\"article:modified_time\" content=\"2025-09-12T16:17:00+00:00\" \/>\n<meta property=\"og:image\" content=\"https:\/\/www.locandadeldelta.com\/wp-content\/uploads\/sites\/212\/2025\/09\/IMG_5179.jpg\" \/>\n\t<meta property=\"og:image:width\" content=\"1600\" \/>\n\t<meta property=\"og:image:height\" content=\"1200\" \/>\n\t<meta property=\"og:image:type\" content=\"image\/jpeg\" \/>\n<meta name=\"twitter:card\" content=\"summary_large_image\" \/>\n<meta name=\"twitter:label1\" content=\"Gesch\u00e4tzte Lesezeit\" \/>\n\t<meta name=\"twitter:data1\" content=\"1 Minute\" \/>\n<script type=\"application\/ld+json\" class=\"yoast-schema-graph\">{\"@context\":\"https:\\\/\\\/schema.org\",\"@graph\":[{\"@type\":\"WebPage\",\"@id\":\"https:\\\/\\\/www.locandadeldelta.com\\\/de\\\/zimmer-suites\\\/apartment-locandina\\\/\",\"url\":\"https:\\\/\\\/www.locandadeldelta.com\\\/de\\\/zimmer-suites\\\/apartment-locandina\\\/\",\"name\":\"Apartment Locandina - Locanda del Delta -\",\"isPartOf\":{\"@id\":\"https:\\\/\\\/www.locandadeldelta.com\\\/de\\\/#website\"},\"primaryImageOfPage\":{\"@id\":\"https:\\\/\\\/www.locandadeldelta.com\\\/de\\\/zimmer-suites\\\/apartment-locandina\\\/#primaryimage\"},\"image\":{\"@id\":\"https:\\\/\\\/www.locandadeldelta.com\\\/de\\\/zimmer-suites\\\/apartment-locandina\\\/#primaryimage\"},\"thumbnailUrl\":\"https:\\\/\\\/www.locandadeldelta.com\\\/wp-content\\\/uploads\\\/sites\\\/212\\\/2025\\\/09\\\/IMG_5179.jpg\",\"datePublished\":\"2025-09-12T16:02:20+00:00\",\"dateModified\":\"2025-09-12T16:17:00+00:00\",\"description\":\"Das kleine Apartment der Locandina ist die ideale L\u00f6sung f\u00fcr Familien oder Freundesgruppen, die Komfort, Unabh\u00e4ngigkeit und Entspannung suchen. Im Erdgeschoss befinden sich ein einladender Eingangsbereich mit Schlafsofa (Doppelbett), ein Badezimmer mit Dusche und eine praktische Kochnische sowie der direkte Zugang zu einem kleinen Gemeinschaftsgarten \u2013 perfekt f\u00fcr ruhige Momente im Freien. Der Eingang bietet zudem einen reizvollen Blick auf den Kanal. Im ersten Stock gibt es ein Schlafzimmer mit Doppelbett, ein Badezimmer mit Dusche und ein ger\u00e4umiges Vierbettzimmer mit Doppelbett und einer Chaiselongue, die sich in ein Etagenbett verwandeln l\u00e4sst \u2013 ebenfalls mit sch\u00f6nem Blick auf den Kanal. Das Apartment ist mit allen modernen Annehmlichkeiten ausgestattet, darunter kostenloses WLAN, Klimaanlage, Flachbild-TV und zwei private Badezimmer, um einen angenehmen und sorglosen Aufenthalt zu garantieren.\",\"breadcrumb\":{\"@id\":\"https:\\\/\\\/www.locandadeldelta.com\\\/de\\\/zimmer-suites\\\/apartment-locandina\\\/#breadcrumb\"},\"inLanguage\":\"de-DE\",\"potentialAction\":[{\"@type\":\"ReadAction\",\"target\":[\"https:\\\/\\\/www.locandadeldelta.com\\\/de\\\/zimmer-suites\\\/apartment-locandina\\\/\"]}]},{\"@type\":\"ImageObject\",\"inLanguage\":\"de-DE\",\"@id\":\"https:\\\/\\\/www.locandadeldelta.com\\\/de\\\/zimmer-suites\\\/apartment-locandina\\\/#primaryimage\",\"url\":\"https:\\\/\\\/www.locandadeldelta.com\\\/wp-content\\\/uploads\\\/sites\\\/212\\\/2025\\\/09\\\/IMG_5179.jpg\",\"contentUrl\":\"https:\\\/\\\/www.locandadeldelta.com\\\/wp-content\\\/uploads\\\/sites\\\/212\\\/2025\\\/09\\\/IMG_5179.jpg\",\"width\":1600,\"height\":1200},{\"@type\":\"BreadcrumbList\",\"@id\":\"https:\\\/\\\/www.locandadeldelta.com\\\/de\\\/zimmer-suites\\\/apartment-locandina\\\/#breadcrumb\",\"itemListElement\":[{\"@type\":\"ListItem\",\"position\":1,\"name\":\"Home\",\"item\":\"https:\\\/\\\/www.locandadeldelta.com\\\/de\\\/\"},{\"@type\":\"ListItem\",\"position\":2,\"name\":\"Zimmer &#038; Suites\",\"item\":\"https:\\\/\\\/www.locandadeldelta.com\\\/de\\\/zimmer-suites\\\/\"},{\"@type\":\"ListItem\",\"position\":3,\"name\":\"Apartment Locandina\"}]},{\"@type\":\"WebSite\",\"@id\":\"https:\\\/\\\/www.locandadeldelta.com\\\/de\\\/#website\",\"url\":\"https:\\\/\\\/www.locandadeldelta.com\\\/de\\\/\",\"name\":\"Locanda del Delta\",\"description\":\"\",\"potentialAction\":[{\"@type\":\"SearchAction\",\"target\":{\"@type\":\"EntryPoint\",\"urlTemplate\":\"https:\\\/\\\/www.locandadeldelta.com\\\/de\\\/?s={search_term_string}\"},\"query-input\":{\"@type\":\"PropertyValueSpecification\",\"valueRequired\":true,\"valueName\":\"search_term_string\"}}],\"inLanguage\":\"de-DE\"}]}<\/script>\n<!-- \/ Yoast SEO plugin. -->","yoast_head_json":{"title":"Apartment Locandina - Locanda del Delta -","description":"Das kleine Apartment der Locandina ist die ideale L\u00f6sung f\u00fcr Familien oder Freundesgruppen, die Komfort, Unabh\u00e4ngigkeit und Entspannung suchen.  Im Erdgeschoss befinden sich ein einladender Eingangsbereich mit Schlafsofa (Doppelbett), ein Badezimmer mit Dusche und eine praktische Kochnische sowie der direkte Zugang zu einem kleinen Gemeinschaftsgarten \u2013 perfekt f\u00fcr ruhige Momente im Freien. Der Eingang bietet zudem einen reizvollen Blick auf den Kanal.  Im ersten Stock gibt es ein Schlafzimmer mit Doppelbett, ein Badezimmer mit Dusche und ein ger\u00e4umiges Vierbettzimmer mit Doppelbett und einer Chaiselongue, die sich in ein Etagenbett verwandeln l\u00e4sst \u2013 ebenfalls mit sch\u00f6nem Blick auf den Kanal.  Das Apartment ist mit allen modernen Annehmlichkeiten ausgestattet, darunter kostenloses WLAN, Klimaanlage, Flachbild-TV und zwei private Badezimmer, um einen angenehmen und sorglosen Aufenthalt zu garantieren.","robots":{"index":"index","follow":"follow","max-snippet":"max-snippet:-1","max-image-preview":"max-image-preview:large","max-video-preview":"max-video-preview:-1"},"canonical":"https:\/\/www.locandadeldelta.com\/de\/zimmer-suites\/apartment-locandina\/","og_locale":"de_DE","og_type":"article","og_title":"Apartment Locandina - Locanda del Delta -","og_description":"Das kleine Apartment der Locandina ist die ideale L\u00f6sung f\u00fcr Familien oder Freundesgruppen, die Komfort, Unabh\u00e4ngigkeit und Entspannung suchen.  Im Erdgeschoss befinden sich ein einladender Eingangsbereich mit Schlafsofa (Doppelbett), ein Badezimmer mit Dusche und eine praktische Kochnische sowie der direkte Zugang zu einem kleinen Gemeinschaftsgarten \u2013 perfekt f\u00fcr ruhige Momente im Freien. Der Eingang bietet zudem einen reizvollen Blick auf den Kanal.  Im ersten Stock gibt es ein Schlafzimmer mit Doppelbett, ein Badezimmer mit Dusche und ein ger\u00e4umiges Vierbettzimmer mit Doppelbett und einer Chaiselongue, die sich in ein Etagenbett verwandeln l\u00e4sst \u2013 ebenfalls mit sch\u00f6nem Blick auf den Kanal.  Das Apartment ist mit allen modernen Annehmlichkeiten ausgestattet, darunter kostenloses WLAN, Klimaanlage, Flachbild-TV und zwei private Badezimmer, um einen angenehmen und sorglosen Aufenthalt zu garantieren.","og_url":"https:\/\/www.locandadeldelta.com\/de\/zimmer-suites\/apartment-locandina\/","og_site_name":"Locanda del Delta","article_publisher":"https:\/\/www.facebook.com\/LaLocandaDelDelta\/","article_modified_time":"2025-09-12T16:17:00+00:00","og_image":[{"width":1600,"height":1200,"url":"https:\/\/www.locandadeldelta.com\/wp-content\/uploads\/sites\/212\/2025\/09\/IMG_5179.jpg","type":"image\/jpeg"}],"twitter_card":"summary_large_image","twitter_misc":{"Gesch\u00e4tzte Lesezeit":"1 Minute"},"schema":{"@context":"https:\/\/schema.org","@graph":[{"@type":"WebPage","@id":"https:\/\/www.locandadeldelta.com\/de\/zimmer-suites\/apartment-locandina\/","url":"https:\/\/www.locandadeldelta.com\/de\/zimmer-suites\/apartment-locandina\/","name":"Apartment Locandina - Locanda del Delta -","isPartOf":{"@id":"https:\/\/www.locandadeldelta.com\/de\/#website"},"primaryImageOfPage":{"@id":"https:\/\/www.locandadeldelta.com\/de\/zimmer-suites\/apartment-locandina\/#primaryimage"},"image":{"@id":"https:\/\/www.locandadeldelta.com\/de\/zimmer-suites\/apartment-locandina\/#primaryimage"},"thumbnailUrl":"https:\/\/www.locandadeldelta.com\/wp-content\/uploads\/sites\/212\/2025\/09\/IMG_5179.jpg","datePublished":"2025-09-12T16:02:20+00:00","dateModified":"2025-09-12T16:17:00+00:00","description":"Das kleine Apartment der Locandina ist die ideale L\u00f6sung f\u00fcr Familien oder Freundesgruppen, die Komfort, Unabh\u00e4ngigkeit und Entspannung suchen. Im Erdgeschoss befinden sich ein einladender Eingangsbereich mit Schlafsofa (Doppelbett), ein Badezimmer mit Dusche und eine praktische Kochnische sowie der direkte Zugang zu einem kleinen Gemeinschaftsgarten \u2013 perfekt f\u00fcr ruhige Momente im Freien. Der Eingang bietet zudem einen reizvollen Blick auf den Kanal. Im ersten Stock gibt es ein Schlafzimmer mit Doppelbett, ein Badezimmer mit Dusche und ein ger\u00e4umiges Vierbettzimmer mit Doppelbett und einer Chaiselongue, die sich in ein Etagenbett verwandeln l\u00e4sst \u2013 ebenfalls mit sch\u00f6nem Blick auf den Kanal. Das Apartment ist mit allen modernen Annehmlichkeiten ausgestattet, darunter kostenloses WLAN, Klimaanlage, Flachbild-TV und zwei private Badezimmer, um einen angenehmen und sorglosen Aufenthalt zu garantieren.","breadcrumb":{"@id":"https:\/\/www.locandadeldelta.com\/de\/zimmer-suites\/apartment-locandina\/#breadcrumb"},"inLanguage":"de-DE","potentialAction":[{"@type":"ReadAction","target":["https:\/\/www.locandadeldelta.com\/de\/zimmer-suites\/apartment-locandina\/"]}]},{"@type":"ImageObject","inLanguage":"de-DE","@id":"https:\/\/www.locandadeldelta.com\/de\/zimmer-suites\/apartment-locandina\/#primaryimage","url":"https:\/\/www.locandadeldelta.com\/wp-content\/uploads\/sites\/212\/2025\/09\/IMG_5179.jpg","contentUrl":"https:\/\/www.locandadeldelta.com\/wp-content\/uploads\/sites\/212\/2025\/09\/IMG_5179.jpg","width":1600,"height":1200},{"@type":"BreadcrumbList","@id":"https:\/\/www.locandadeldelta.com\/de\/zimmer-suites\/apartment-locandina\/#breadcrumb","itemListElement":[{"@type":"ListItem","position":1,"name":"Home","item":"https:\/\/www.locandadeldelta.com\/de\/"},{"@type":"ListItem","position":2,"name":"Zimmer &#038; Suites","item":"https:\/\/www.locandadeldelta.com\/de\/zimmer-suites\/"},{"@type":"ListItem","position":3,"name":"Apartment Locandina"}]},{"@type":"WebSite","@id":"https:\/\/www.locandadeldelta.com\/de\/#website","url":"https:\/\/www.locandadeldelta.com\/de\/","name":"Locanda del Delta","description":"","potentialAction":[{"@type":"SearchAction","target":{"@type":"EntryPoint","urlTemplate":"https:\/\/www.locandadeldelta.com\/de\/?s={search_term_string}"},"query-input":{"@type":"PropertyValueSpecification","valueRequired":true,"valueName":"search_term_string"}}],"inLanguage":"de-DE"}]}},"acf":[],"_links":{"self":[{"href":"https:\/\/www.locandadeldelta.com\/de\/wp-json\/wp\/v2\/pages\/692","targetHints":{"allow":["GET"]}}],"collection":[{"href":"https:\/\/www.locandadeldelta.com\/de\/wp-json\/wp\/v2\/pages"}],"about":[{"href":"https:\/\/www.locandadeldelta.com\/de\/wp-json\/wp\/v2\/types\/page"}],"author":[{"embeddable":true,"href":"https:\/\/www.locandadeldelta.com\/de\/wp-json\/wp\/v2\/users\/238"}],"replies":[{"embeddable":true,"href":"https:\/\/www.locandadeldelta.com\/de\/wp-json\/wp\/v2\/comments?post=692"}],"version-history":[{"count":0,"href":"https:\/\/www.locandadeldelta.com\/de\/wp-json\/wp\/v2\/pages\/692\/revisions"}],"up":[{"embeddable":true,"href":"https:\/\/www.locandadeldelta.com\/de\/wp-json\/wp\/v2\/pages\/292"}],"wp:featuredmedia":[{"embeddable":true,"href":"https:\/\/www.locandadeldelta.com\/de\/wp-json\/wp\/v2\/media\/687"}],"wp:attachment":[{"href":"https:\/\/www.locandadeldelta.com\/de\/wp-json\/wp\/v2\/media?parent=692"}],"curies":[{"name":"wp","href":"https:\/\/api.w.org\/{rel}","templated":true}]}}