   {"id":282,"date":"2025-01-31T15:42:26","date_gmt":"2025-01-31T15:42:26","guid":{"rendered":"https:\/\/www.locandadeldelta.com\/?page_id=282"},"modified":"2025-04-24T16:24:50","modified_gmt":"2025-04-24T16:24:50","slug":"locanda-del-delta","status":"publish","type":"page","link":"https:\/\/www.locandadeldelta.com\/fr\/","title":{"rendered":"Locanda del Delta"},"content":{"rendered":"<p>D\u00e9couvrez l&rsquo;enchantement du<strong> delta du P\u00f4<\/strong> en s\u00e9journant \u00e0 la <strong>Locanda del Delta<\/strong>, un \u00e9tablissement accueillant situ\u00e9 au c\u0153ur de <strong>Comacchio<\/strong>, en <strong>\u00c9milie-Romagne<\/strong>.<\/p>\n<p>&nbsp;<\/p>\n<p>Nich\u00e9e dans un cadre unique, notre auberge propose des chambres confortables, une cuisine typique qui c\u00e9l\u00e8bre les saveurs locales et la proximit\u00e9 des merveilles historiques et naturelles de la r\u00e9gion. Elle est id\u00e9ale pour ceux qui recherchent un s\u00e9jour relaxant et authentique au milieu des lagunes, de la mer et des traditions ancestrales. R\u00e9servez d\u00e8s maintenant pour vivre une exp\u00e9rience inoubliable !<\/p>\n","protected":false},"excerpt":{"rendered":"<p>D\u00e9couvrez l&rsquo;enchantement du delta du P\u00f4 en s\u00e9journant \u00e0 la Locanda del Delta, un \u00e9tablissement accueillant situ\u00e9 au c\u0153ur de Comacchio, en \u00c9milie-Romagne. &nbsp; Nich\u00e9e dans un cadre unique, notre auberge propose des chambres confortables, une cuisine typique qui c\u00e9l\u00e8bre les saveurs locales et la proximit\u00e9 des merveilles historiques et naturelles de la r\u00e9gion. Elle [&hellip;]<\/p>\n","protected":false},"author":13,"featured_media":0,"parent":0,"menu_order":0,"comment_status":"closed","ping_status":"closed","template":"","meta":{"footnotes":""},"class_list":["post-282","page","type-page","status-publish","hentry"],"yoast_head":"<!-- This site is optimized with the Yoast SEO plugin v27.3 - https:\/\/yoast.com\/product\/yoast-seo-wordpress\/ -->\n<title>Locanda del Delta - Locanda del Delta -<\/title>\n<meta name=\"description\" content=\"D\u00e9couvrez l&#039;enchantement du delta du P\u00f4 en s\u00e9journant \u00e0 la Locanda del Delta, un \u00e9tablissement accueillant situ\u00e9 au c\u0153ur de Comacchio, en \u00c9milie-Romagne.  &nbsp;  Nich\u00e9e dans un cadre unique, notre auberge propose des chambres confortables, une cuisine typique qui c\u00e9l\u00e8bre les saveurs locales et la proximit\u00e9 des merveilles historiques et naturelles de la r\u00e9gion. Elle est id\u00e9ale pour ceux qui recherchent un s\u00e9jour relaxant et authentique au milieu des lagunes, de la mer et des traditions ancestrales\" \/>\n<meta name=\"robots\" content=\"index, follow, max-snippet:-1, max-image-preview:large, max-video-preview:-1\" \/>\n<link rel=\"canonical\" href=\"https:\/\/www.locandadeldelta.com\/fr\/\" \/>\n<meta property=\"og:locale\" content=\"fr_FR\" \/>\n<meta property=\"og:type\" content=\"article\" \/>\n<meta property=\"og:title\" content=\"Locanda del Delta - Locanda del Delta -\" \/>\n<meta property=\"og:description\" content=\"D\u00e9couvrez l&#039;enchantement du delta du P\u00f4 en s\u00e9journant \u00e0 la Locanda del Delta, un \u00e9tablissement accueillant situ\u00e9 au c\u0153ur de Comacchio, en \u00c9milie-Romagne.  &nbsp;  Nich\u00e9e dans un cadre unique, notre auberge propose des chambres confortables, une cuisine typique qui c\u00e9l\u00e8bre les saveurs locales et la proximit\u00e9 des merveilles historiques et naturelles de la r\u00e9gion. Elle est id\u00e9ale pour ceux qui recherchent un s\u00e9jour relaxant et authentique au milieu des lagunes, de la mer et des traditions ancestrales\" \/>\n<meta property=\"og:url\" content=\"https:\/\/www.locandadeldelta.com\/fr\/\" \/>\n<meta property=\"og:site_name\" content=\"Locanda del Delta\" \/>\n<meta property=\"article:publisher\" content=\"https:\/\/www.facebook.com\/LaLocandaDelDelta\/\" \/>\n<meta property=\"article:modified_time\" content=\"2025-04-24T16:24:50+00:00\" \/>\n<meta name=\"twitter:card\" content=\"summary_large_image\" \/>\n<meta name=\"twitter:label1\" content=\"Dur\u00e9e de lecture estim\u00e9e\" \/>\n\t<meta name=\"twitter:data1\" content=\"1 minute\" \/>\n<script type=\"application\/ld+json\" class=\"yoast-schema-graph\">{\"@context\":\"https:\\\/\\\/schema.org\",\"@graph\":[{\"@type\":\"WebPage\",\"@id\":\"https:\\\/\\\/www.locandadeldelta.com\\\/fr\\\/\",\"url\":\"https:\\\/\\\/www.locandadeldelta.com\\\/fr\\\/\",\"name\":\"Locanda del Delta - Locanda del Delta -\",\"isPartOf\":{\"@id\":\"https:\\\/\\\/www.locandadeldelta.com\\\/fr\\\/#website\"},\"datePublished\":\"2025-01-31T15:42:26+00:00\",\"dateModified\":\"2025-04-24T16:24:50+00:00\",\"description\":\"D\u00e9couvrez l'enchantement du delta du P\u00f4 en s\u00e9journant \u00e0 la Locanda del Delta, un \u00e9tablissement accueillant situ\u00e9 au c\u0153ur de Comacchio, en \u00c9milie-Romagne. &nbsp; Nich\u00e9e dans un cadre unique, notre auberge propose des chambres confortables, une cuisine typique qui c\u00e9l\u00e8bre les saveurs locales et la proximit\u00e9 des merveilles historiques et naturelles de la r\u00e9gion. Elle est id\u00e9ale pour ceux qui recherchent un s\u00e9jour relaxant et authentique au milieu des lagunes, de la mer et des traditions ancestrales\",\"breadcrumb\":{\"@id\":\"https:\\\/\\\/www.locandadeldelta.com\\\/fr\\\/#breadcrumb\"},\"inLanguage\":\"fr-FR\",\"potentialAction\":[{\"@type\":\"ReadAction\",\"target\":[\"https:\\\/\\\/www.locandadeldelta.com\\\/fr\\\/\"]}]},{\"@type\":\"BreadcrumbList\",\"@id\":\"https:\\\/\\\/www.locandadeldelta.com\\\/fr\\\/#breadcrumb\",\"itemListElement\":[{\"@type\":\"ListItem\",\"position\":1,\"name\":\"Home\",\"item\":\"https:\\\/\\\/www.locandadeldelta.com\\\/fr\\\/\"},{\"@type\":\"ListItem\",\"position\":2,\"name\":\"Locanda del Delta\"}]},{\"@type\":\"WebSite\",\"@id\":\"https:\\\/\\\/www.locandadeldelta.com\\\/fr\\\/#website\",\"url\":\"https:\\\/\\\/www.locandadeldelta.com\\\/fr\\\/\",\"name\":\"Locanda del Delta\",\"description\":\"\",\"potentialAction\":[{\"@type\":\"SearchAction\",\"target\":{\"@type\":\"EntryPoint\",\"urlTemplate\":\"https:\\\/\\\/www.locandadeldelta.com\\\/fr\\\/?s={search_term_string}\"},\"query-input\":{\"@type\":\"PropertyValueSpecification\",\"valueRequired\":true,\"valueName\":\"search_term_string\"}}],\"inLanguage\":\"fr-FR\"}]}<\/script>\n<!-- \/ Yoast SEO plugin. -->","yoast_head_json":{"title":"Locanda del Delta - Locanda del Delta -","description":"D\u00e9couvrez l'enchantement du delta du P\u00f4 en s\u00e9journant \u00e0 la Locanda del Delta, un \u00e9tablissement accueillant situ\u00e9 au c\u0153ur de Comacchio, en \u00c9milie-Romagne.  &nbsp;  Nich\u00e9e dans un cadre unique, notre auberge propose des chambres confortables, une cuisine typique qui c\u00e9l\u00e8bre les saveurs locales et la proximit\u00e9 des merveilles historiques et naturelles de la r\u00e9gion. Elle est id\u00e9ale pour ceux qui recherchent un s\u00e9jour relaxant et authentique au milieu des lagunes, de la mer et des traditions ancestrales","robots":{"index":"index","follow":"follow","max-snippet":"max-snippet:-1","max-image-preview":"max-image-preview:large","max-video-preview":"max-video-preview:-1"},"canonical":"https:\/\/www.locandadeldelta.com\/fr\/","og_locale":"fr_FR","og_type":"article","og_title":"Locanda del Delta - Locanda del Delta -","og_description":"D\u00e9couvrez l'enchantement du delta du P\u00f4 en s\u00e9journant \u00e0 la Locanda del Delta, un \u00e9tablissement accueillant situ\u00e9 au c\u0153ur de Comacchio, en \u00c9milie-Romagne.  &nbsp;  Nich\u00e9e dans un cadre unique, notre auberge propose des chambres confortables, une cuisine typique qui c\u00e9l\u00e8bre les saveurs locales et la proximit\u00e9 des merveilles historiques et naturelles de la r\u00e9gion. Elle est id\u00e9ale pour ceux qui recherchent un s\u00e9jour relaxant et authentique au milieu des lagunes, de la mer et des traditions ancestrales","og_url":"https:\/\/www.locandadeldelta.com\/fr\/","og_site_name":"Locanda del Delta","article_publisher":"https:\/\/www.facebook.com\/LaLocandaDelDelta\/","article_modified_time":"2025-04-24T16:24:50+00:00","twitter_card":"summary_large_image","twitter_misc":{"Dur\u00e9e de lecture estim\u00e9e":"1 minute"},"schema":{"@context":"https:\/\/schema.org","@graph":[{"@type":"WebPage","@id":"https:\/\/www.locandadeldelta.com\/fr\/","url":"https:\/\/www.locandadeldelta.com\/fr\/","name":"Locanda del Delta - Locanda del Delta -","isPartOf":{"@id":"https:\/\/www.locandadeldelta.com\/fr\/#website"},"datePublished":"2025-01-31T15:42:26+00:00","dateModified":"2025-04-24T16:24:50+00:00","description":"D\u00e9couvrez l'enchantement du delta du P\u00f4 en s\u00e9journant \u00e0 la Locanda del Delta, un \u00e9tablissement accueillant situ\u00e9 au c\u0153ur de Comacchio, en \u00c9milie-Romagne. &nbsp; Nich\u00e9e dans un cadre unique, notre auberge propose des chambres confortables, une cuisine typique qui c\u00e9l\u00e8bre les saveurs locales et la proximit\u00e9 des merveilles historiques et naturelles de la r\u00e9gion. Elle est id\u00e9ale pour ceux qui recherchent un s\u00e9jour relaxant et authentique au milieu des lagunes, de la mer et des traditions ancestrales","breadcrumb":{"@id":"https:\/\/www.locandadeldelta.com\/fr\/#breadcrumb"},"inLanguage":"fr-FR","potentialAction":[{"@type":"ReadAction","target":["https:\/\/www.locandadeldelta.com\/fr\/"]}]},{"@type":"BreadcrumbList","@id":"https:\/\/www.locandadeldelta.com\/fr\/#breadcrumb","itemListElement":[{"@type":"ListItem","position":1,"name":"Home","item":"https:\/\/www.locandadeldelta.com\/fr\/"},{"@type":"ListItem","position":2,"name":"Locanda del Delta"}]},{"@type":"WebSite","@id":"https:\/\/www.locandadeldelta.com\/fr\/#website","url":"https:\/\/www.locandadeldelta.com\/fr\/","name":"Locanda del Delta","description":"","potentialAction":[{"@type":"SearchAction","target":{"@type":"EntryPoint","urlTemplate":"https:\/\/www.locandadeldelta.com\/fr\/?s={search_term_string}"},"query-input":{"@type":"PropertyValueSpecification","valueRequired":true,"valueName":"search_term_string"}}],"inLanguage":"fr-FR"}]}},"acf":[],"_links":{"self":[{"href":"https:\/\/www.locandadeldelta.com\/fr\/wp-json\/wp\/v2\/pages\/282","targetHints":{"allow":["GET"]}}],"collection":[{"href":"https:\/\/www.locandadeldelta.com\/fr\/wp-json\/wp\/v2\/pages"}],"about":[{"href":"https:\/\/www.locandadeldelta.com\/fr\/wp-json\/wp\/v2\/types\/page"}],"author":[{"embeddable":true,"href":"https:\/\/www.locandadeldelta.com\/fr\/wp-json\/wp\/v2\/users\/13"}],"replies":[{"embeddable":true,"href":"https:\/\/www.locandadeldelta.com\/fr\/wp-json\/wp\/v2\/comments?post=282"}],"version-history":[{"count":0,"href":"https:\/\/www.locandadeldelta.com\/fr\/wp-json\/wp\/v2\/pages\/282\/revisions"}],"wp:attachment":[{"href":"https:\/\/www.locandadeldelta.com\/fr\/wp-json\/wp\/v2\/media?parent=282"}],"curies":[{"name":"wp","href":"https:\/\/api.w.org\/{rel}","templated":true}]}}