   {"id":311,"date":"2025-03-04T10:25:15","date_gmt":"2025-03-04T10:25:15","guid":{"rendered":"https:\/\/www.locandadeldelta.com\/?page_id=311"},"modified":"2025-04-16T13:45:34","modified_gmt":"2025-04-16T13:45:34","slug":"chambre-triple-avec-vue","status":"publish","type":"page","link":"https:\/\/www.locandadeldelta.com\/fr\/chambres-suites\/chambre-triple-avec-vue\/","title":{"rendered":"Chambre triple avec vue"},"content":{"rendered":"<p>La chambre triple de la Locanda del Delta est le choix id\u00e9al pour les familles ou les petits groupes qui souhaitent un s\u00e9jour pratique et relaxant. Meubl\u00e9e avec go\u00fbt, la chambre dispose d&rsquo;un grand lit double et d&rsquo;un lit simple, ce dernier sous forme de fauteuil-lit, pour garantir un maximum de confort et de praticit\u00e9. La chambre est dot\u00e9e de tous les \u00e9quipements modernes, notamment le Wi-Fi gratuit, la climatisation, une t\u00e9l\u00e9vision \u00e0 \u00e9cran plat et une salle de bains priv\u00e9e avec douche. La vue panoramique sur le pittoresque canal de Comacchio cr\u00e9e une atmosph\u00e8re unique, permettant aux clients de profiter de la tranquillit\u00e9 et de la beaut\u00e9 naturelle entourant l&rsquo;auberge. Une oasis de paix accueillante au c\u0153ur du delta du P\u00f4.<\/p>\n","protected":false},"excerpt":{"rendered":"<p>La chambre triple de la Locanda del Delta est le choix id\u00e9al pour les familles ou les petits groupes qui souhaitent un s\u00e9jour pratique et relaxant. Meubl\u00e9e avec go\u00fbt, la chambre dispose d&rsquo;un grand lit double et d&rsquo;un lit simple, ce dernier sous forme de fauteuil-lit, pour garantir un maximum de confort et de praticit\u00e9. [&hellip;]<\/p>\n","protected":false},"author":13,"featured_media":0,"parent":291,"menu_order":15,"comment_status":"closed","ping_status":"closed","template":"template-room.php","meta":{"footnotes":""},"class_list":["post-311","page","type-page","status-publish","hentry"],"yoast_head":"<!-- This site is optimized with the Yoast SEO plugin v27.3 - https:\/\/yoast.com\/product\/yoast-seo-wordpress\/ -->\n<title>Chambre triple avec vue - Locanda del Delta -<\/title>\n<meta name=\"description\" content=\"La chambre triple de la Locanda del Delta est le choix id\u00e9al pour les familles ou les petits groupes qui souhaitent un s\u00e9jour pratique et relaxant. Meubl\u00e9e avec go\u00fbt, la chambre dispose d&#039;un grand lit double et d&#039;un lit simple, ce dernier sous forme de fauteuil-lit, pour garantir un maximum de confort et de praticit\u00e9\" \/>\n<meta name=\"robots\" content=\"index, follow, max-snippet:-1, max-image-preview:large, max-video-preview:-1\" \/>\n<link rel=\"canonical\" href=\"https:\/\/www.locandadeldelta.com\/fr\/chambres-suites\/chambre-triple-avec-vue\/\" \/>\n<meta property=\"og:locale\" content=\"fr_FR\" \/>\n<meta property=\"og:type\" content=\"article\" \/>\n<meta property=\"og:title\" content=\"Chambre triple avec vue - Locanda del Delta -\" \/>\n<meta property=\"og:description\" content=\"La chambre triple de la Locanda del Delta est le choix id\u00e9al pour les familles ou les petits groupes qui souhaitent un s\u00e9jour pratique et relaxant. Meubl\u00e9e avec go\u00fbt, la chambre dispose d&#039;un grand lit double et d&#039;un lit simple, ce dernier sous forme de fauteuil-lit, pour garantir un maximum de confort et de praticit\u00e9\" \/>\n<meta property=\"og:url\" content=\"https:\/\/www.locandadeldelta.com\/fr\/chambres-suites\/chambre-triple-avec-vue\/\" \/>\n<meta property=\"og:site_name\" content=\"Locanda del Delta\" \/>\n<meta property=\"article:publisher\" content=\"https:\/\/www.facebook.com\/LaLocandaDelDelta\/\" \/>\n<meta property=\"article:modified_time\" content=\"2025-04-16T13:45:34+00:00\" \/>\n<meta name=\"twitter:card\" content=\"summary_large_image\" \/>\n<meta name=\"twitter:label1\" content=\"Dur\u00e9e de lecture estim\u00e9e\" \/>\n\t<meta name=\"twitter:data1\" content=\"1 minute\" \/>\n<script type=\"application\/ld+json\" class=\"yoast-schema-graph\">{\"@context\":\"https:\\\/\\\/schema.org\",\"@graph\":[{\"@type\":\"WebPage\",\"@id\":\"https:\\\/\\\/www.locandadeldelta.com\\\/fr\\\/chambres-suites\\\/chambre-triple-avec-vue\\\/\",\"url\":\"https:\\\/\\\/www.locandadeldelta.com\\\/fr\\\/chambres-suites\\\/chambre-triple-avec-vue\\\/\",\"name\":\"Chambre triple avec vue - Locanda del Delta -\",\"isPartOf\":{\"@id\":\"https:\\\/\\\/www.locandadeldelta.com\\\/fr\\\/#website\"},\"datePublished\":\"2025-03-04T10:25:15+00:00\",\"dateModified\":\"2025-04-16T13:45:34+00:00\",\"description\":\"La chambre triple de la Locanda del Delta est le choix id\u00e9al pour les familles ou les petits groupes qui souhaitent un s\u00e9jour pratique et relaxant. Meubl\u00e9e avec go\u00fbt, la chambre dispose d'un grand lit double et d'un lit simple, ce dernier sous forme de fauteuil-lit, pour garantir un maximum de confort et de praticit\u00e9\",\"breadcrumb\":{\"@id\":\"https:\\\/\\\/www.locandadeldelta.com\\\/fr\\\/chambres-suites\\\/chambre-triple-avec-vue\\\/#breadcrumb\"},\"inLanguage\":\"fr-FR\",\"potentialAction\":[{\"@type\":\"ReadAction\",\"target\":[\"https:\\\/\\\/www.locandadeldelta.com\\\/fr\\\/chambres-suites\\\/chambre-triple-avec-vue\\\/\"]}]},{\"@type\":\"BreadcrumbList\",\"@id\":\"https:\\\/\\\/www.locandadeldelta.com\\\/fr\\\/chambres-suites\\\/chambre-triple-avec-vue\\\/#breadcrumb\",\"itemListElement\":[{\"@type\":\"ListItem\",\"position\":1,\"name\":\"Home\",\"item\":\"https:\\\/\\\/www.locandadeldelta.com\\\/fr\\\/\"},{\"@type\":\"ListItem\",\"position\":2,\"name\":\"Chambres &#038; Suites\",\"item\":\"https:\\\/\\\/www.locandadeldelta.com\\\/fr\\\/chambres-suites\\\/\"},{\"@type\":\"ListItem\",\"position\":3,\"name\":\"Chambre triple avec vue\"}]},{\"@type\":\"WebSite\",\"@id\":\"https:\\\/\\\/www.locandadeldelta.com\\\/fr\\\/#website\",\"url\":\"https:\\\/\\\/www.locandadeldelta.com\\\/fr\\\/\",\"name\":\"Locanda del Delta\",\"description\":\"\",\"potentialAction\":[{\"@type\":\"SearchAction\",\"target\":{\"@type\":\"EntryPoint\",\"urlTemplate\":\"https:\\\/\\\/www.locandadeldelta.com\\\/fr\\\/?s={search_term_string}\"},\"query-input\":{\"@type\":\"PropertyValueSpecification\",\"valueRequired\":true,\"valueName\":\"search_term_string\"}}],\"inLanguage\":\"fr-FR\"}]}<\/script>\n<!-- \/ Yoast SEO plugin. -->","yoast_head_json":{"title":"Chambre triple avec vue - Locanda del Delta -","description":"La chambre triple de la Locanda del Delta est le choix id\u00e9al pour les familles ou les petits groupes qui souhaitent un s\u00e9jour pratique et relaxant. Meubl\u00e9e avec go\u00fbt, la chambre dispose d'un grand lit double et d'un lit simple, ce dernier sous forme de fauteuil-lit, pour garantir un maximum de confort et de praticit\u00e9","robots":{"index":"index","follow":"follow","max-snippet":"max-snippet:-1","max-image-preview":"max-image-preview:large","max-video-preview":"max-video-preview:-1"},"canonical":"https:\/\/www.locandadeldelta.com\/fr\/chambres-suites\/chambre-triple-avec-vue\/","og_locale":"fr_FR","og_type":"article","og_title":"Chambre triple avec vue - Locanda del Delta -","og_description":"La chambre triple de la Locanda del Delta est le choix id\u00e9al pour les familles ou les petits groupes qui souhaitent un s\u00e9jour pratique et relaxant. Meubl\u00e9e avec go\u00fbt, la chambre dispose d'un grand lit double et d'un lit simple, ce dernier sous forme de fauteuil-lit, pour garantir un maximum de confort et de praticit\u00e9","og_url":"https:\/\/www.locandadeldelta.com\/fr\/chambres-suites\/chambre-triple-avec-vue\/","og_site_name":"Locanda del Delta","article_publisher":"https:\/\/www.facebook.com\/LaLocandaDelDelta\/","article_modified_time":"2025-04-16T13:45:34+00:00","twitter_card":"summary_large_image","twitter_misc":{"Dur\u00e9e de lecture estim\u00e9e":"1 minute"},"schema":{"@context":"https:\/\/schema.org","@graph":[{"@type":"WebPage","@id":"https:\/\/www.locandadeldelta.com\/fr\/chambres-suites\/chambre-triple-avec-vue\/","url":"https:\/\/www.locandadeldelta.com\/fr\/chambres-suites\/chambre-triple-avec-vue\/","name":"Chambre triple avec vue - Locanda del Delta -","isPartOf":{"@id":"https:\/\/www.locandadeldelta.com\/fr\/#website"},"datePublished":"2025-03-04T10:25:15+00:00","dateModified":"2025-04-16T13:45:34+00:00","description":"La chambre triple de la Locanda del Delta est le choix id\u00e9al pour les familles ou les petits groupes qui souhaitent un s\u00e9jour pratique et relaxant. Meubl\u00e9e avec go\u00fbt, la chambre dispose d'un grand lit double et d'un lit simple, ce dernier sous forme de fauteuil-lit, pour garantir un maximum de confort et de praticit\u00e9","breadcrumb":{"@id":"https:\/\/www.locandadeldelta.com\/fr\/chambres-suites\/chambre-triple-avec-vue\/#breadcrumb"},"inLanguage":"fr-FR","potentialAction":[{"@type":"ReadAction","target":["https:\/\/www.locandadeldelta.com\/fr\/chambres-suites\/chambre-triple-avec-vue\/"]}]},{"@type":"BreadcrumbList","@id":"https:\/\/www.locandadeldelta.com\/fr\/chambres-suites\/chambre-triple-avec-vue\/#breadcrumb","itemListElement":[{"@type":"ListItem","position":1,"name":"Home","item":"https:\/\/www.locandadeldelta.com\/fr\/"},{"@type":"ListItem","position":2,"name":"Chambres &#038; Suites","item":"https:\/\/www.locandadeldelta.com\/fr\/chambres-suites\/"},{"@type":"ListItem","position":3,"name":"Chambre triple avec vue"}]},{"@type":"WebSite","@id":"https:\/\/www.locandadeldelta.com\/fr\/#website","url":"https:\/\/www.locandadeldelta.com\/fr\/","name":"Locanda del Delta","description":"","potentialAction":[{"@type":"SearchAction","target":{"@type":"EntryPoint","urlTemplate":"https:\/\/www.locandadeldelta.com\/fr\/?s={search_term_string}"},"query-input":{"@type":"PropertyValueSpecification","valueRequired":true,"valueName":"search_term_string"}}],"inLanguage":"fr-FR"}]}},"acf":[],"_links":{"self":[{"href":"https:\/\/www.locandadeldelta.com\/fr\/wp-json\/wp\/v2\/pages\/311","targetHints":{"allow":["GET"]}}],"collection":[{"href":"https:\/\/www.locandadeldelta.com\/fr\/wp-json\/wp\/v2\/pages"}],"about":[{"href":"https:\/\/www.locandadeldelta.com\/fr\/wp-json\/wp\/v2\/types\/page"}],"author":[{"embeddable":true,"href":"https:\/\/www.locandadeldelta.com\/fr\/wp-json\/wp\/v2\/users\/13"}],"replies":[{"embeddable":true,"href":"https:\/\/www.locandadeldelta.com\/fr\/wp-json\/wp\/v2\/comments?post=311"}],"version-history":[{"count":0,"href":"https:\/\/www.locandadeldelta.com\/fr\/wp-json\/wp\/v2\/pages\/311\/revisions"}],"up":[{"embeddable":true,"href":"https:\/\/www.locandadeldelta.com\/fr\/wp-json\/wp\/v2\/pages\/291"}],"wp:attachment":[{"href":"https:\/\/www.locandadeldelta.com\/fr\/wp-json\/wp\/v2\/media?parent=311"}],"curies":[{"name":"wp","href":"https:\/\/api.w.org\/{rel}","templated":true}]}}