   {"id":335,"date":"2025-02-28T16:12:20","date_gmt":"2025-02-28T16:12:20","guid":{"rendered":"https:\/\/www.locandadeldelta.com\/?page_id=335"},"modified":"2025-04-16T14:59:56","modified_gmt":"2025-04-16T14:59:56","slug":"a-propos-de-nous","status":"publish","type":"page","link":"https:\/\/www.locandadeldelta.com\/fr\/a-propos-de-nous\/","title":{"rendered":"A propos de nous"},"content":{"rendered":"<p>Situ\u00e9e dans le c\u0153ur battant de Comacchio, la Locanda del Delta sera inaugur\u00e9e en mai 2019, devenant un nouveau point de r\u00e9f\u00e9rence pour les visiteurs souhaitant d\u00e9couvrir le Parc du Delta du P\u00f4 sous toutes ses facettes. Avec l&rsquo;intention d&rsquo;enrichir l&rsquo;offre touristique et gastronomique de la ville, cette structure repr\u00e9sente une occasion unique de vivre une exp\u00e9rience compl\u00e8te dans l&rsquo;une des zones naturelles les plus \u00e9vocatrices et historiquement riches de l&rsquo;\u00c9milie-Romagne.<\/p>\n","protected":false},"excerpt":{"rendered":"<p>Situ\u00e9e dans le c\u0153ur battant de Comacchio, la Locanda del Delta sera inaugur\u00e9e en mai 2019, devenant un nouveau point de r\u00e9f\u00e9rence pour les visiteurs souhaitant d\u00e9couvrir le Parc du Delta du P\u00f4 sous toutes ses facettes. Avec l&rsquo;intention d&rsquo;enrichir l&rsquo;offre touristique et gastronomique de la ville, cette structure repr\u00e9sente une occasion unique de vivre [&hellip;]<\/p>\n","protected":false},"author":13,"featured_media":0,"parent":0,"menu_order":20,"comment_status":"closed","ping_status":"closed","template":"","meta":{"footnotes":""},"class_list":["post-335","page","type-page","status-publish","hentry"],"yoast_head":"<!-- This site is optimized with the Yoast SEO plugin v27.3 - https:\/\/yoast.com\/product\/yoast-seo-wordpress\/ -->\n<title>A propos de nous - Locanda del Delta -<\/title>\n<meta name=\"description\" content=\"Situ\u00e9e dans le c\u0153ur battant de Comacchio, la Locanda del Delta sera inaugur\u00e9e en mai 2019, devenant un nouveau point de r\u00e9f\u00e9rence pour les visiteurs souhaitant d\u00e9couvrir le Parc du Delta du P\u00f4 sous toutes ses facettes. Avec l&#039;intention d&#039;enrichir l&#039;offre touristique et gastronomique de la ville, cette structure repr\u00e9sente une occasion unique de vivre une exp\u00e9rience compl\u00e8te dans l&#039;une des zones naturelles les plus \u00e9vocatrices et historiquement riches de l&#039;\u00c9milie-Romagne.\" \/>\n<meta name=\"robots\" content=\"index, follow, max-snippet:-1, max-image-preview:large, max-video-preview:-1\" \/>\n<link rel=\"canonical\" href=\"https:\/\/www.locandadeldelta.com\/fr\/a-propos-de-nous\/\" \/>\n<meta property=\"og:locale\" content=\"fr_FR\" \/>\n<meta property=\"og:type\" content=\"article\" \/>\n<meta property=\"og:title\" content=\"A propos de nous - Locanda del Delta -\" \/>\n<meta property=\"og:description\" content=\"Situ\u00e9e dans le c\u0153ur battant de Comacchio, la Locanda del Delta sera inaugur\u00e9e en mai 2019, devenant un nouveau point de r\u00e9f\u00e9rence pour les visiteurs souhaitant d\u00e9couvrir le Parc du Delta du P\u00f4 sous toutes ses facettes. Avec l&#039;intention d&#039;enrichir l&#039;offre touristique et gastronomique de la ville, cette structure repr\u00e9sente une occasion unique de vivre une exp\u00e9rience compl\u00e8te dans l&#039;une des zones naturelles les plus \u00e9vocatrices et historiquement riches de l&#039;\u00c9milie-Romagne.\" \/>\n<meta property=\"og:url\" content=\"https:\/\/www.locandadeldelta.com\/fr\/a-propos-de-nous\/\" \/>\n<meta property=\"og:site_name\" content=\"Locanda del Delta\" \/>\n<meta property=\"article:publisher\" content=\"https:\/\/www.facebook.com\/LaLocandaDelDelta\/\" \/>\n<meta property=\"article:modified_time\" content=\"2025-04-16T14:59:56+00:00\" \/>\n<meta name=\"twitter:card\" content=\"summary_large_image\" \/>\n<meta name=\"twitter:label1\" content=\"Dur\u00e9e de lecture estim\u00e9e\" \/>\n\t<meta name=\"twitter:data1\" content=\"1 minute\" \/>\n<script type=\"application\/ld+json\" class=\"yoast-schema-graph\">{\"@context\":\"https:\\\/\\\/schema.org\",\"@graph\":[{\"@type\":\"WebPage\",\"@id\":\"https:\\\/\\\/www.locandadeldelta.com\\\/fr\\\/a-propos-de-nous\\\/\",\"url\":\"https:\\\/\\\/www.locandadeldelta.com\\\/fr\\\/a-propos-de-nous\\\/\",\"name\":\"A propos de nous - Locanda del Delta -\",\"isPartOf\":{\"@id\":\"https:\\\/\\\/www.locandadeldelta.com\\\/fr\\\/#website\"},\"datePublished\":\"2025-02-28T16:12:20+00:00\",\"dateModified\":\"2025-04-16T14:59:56+00:00\",\"description\":\"Situ\u00e9e dans le c\u0153ur battant de Comacchio, la Locanda del Delta sera inaugur\u00e9e en mai 2019, devenant un nouveau point de r\u00e9f\u00e9rence pour les visiteurs souhaitant d\u00e9couvrir le Parc du Delta du P\u00f4 sous toutes ses facettes. Avec l'intention d'enrichir l'offre touristique et gastronomique de la ville, cette structure repr\u00e9sente une occasion unique de vivre une exp\u00e9rience compl\u00e8te dans l'une des zones naturelles les plus \u00e9vocatrices et historiquement riches de l'\u00c9milie-Romagne.\",\"breadcrumb\":{\"@id\":\"https:\\\/\\\/www.locandadeldelta.com\\\/fr\\\/a-propos-de-nous\\\/#breadcrumb\"},\"inLanguage\":\"fr-FR\",\"potentialAction\":[{\"@type\":\"ReadAction\",\"target\":[\"https:\\\/\\\/www.locandadeldelta.com\\\/fr\\\/a-propos-de-nous\\\/\"]}]},{\"@type\":\"BreadcrumbList\",\"@id\":\"https:\\\/\\\/www.locandadeldelta.com\\\/fr\\\/a-propos-de-nous\\\/#breadcrumb\",\"itemListElement\":[{\"@type\":\"ListItem\",\"position\":1,\"name\":\"Home\",\"item\":\"https:\\\/\\\/www.locandadeldelta.com\\\/fr\\\/\"},{\"@type\":\"ListItem\",\"position\":2,\"name\":\"A propos de nous\"}]},{\"@type\":\"WebSite\",\"@id\":\"https:\\\/\\\/www.locandadeldelta.com\\\/fr\\\/#website\",\"url\":\"https:\\\/\\\/www.locandadeldelta.com\\\/fr\\\/\",\"name\":\"Locanda del Delta\",\"description\":\"\",\"potentialAction\":[{\"@type\":\"SearchAction\",\"target\":{\"@type\":\"EntryPoint\",\"urlTemplate\":\"https:\\\/\\\/www.locandadeldelta.com\\\/fr\\\/?s={search_term_string}\"},\"query-input\":{\"@type\":\"PropertyValueSpecification\",\"valueRequired\":true,\"valueName\":\"search_term_string\"}}],\"inLanguage\":\"fr-FR\"}]}<\/script>\n<!-- \/ Yoast SEO plugin. -->","yoast_head_json":{"title":"A propos de nous - Locanda del Delta -","description":"Situ\u00e9e dans le c\u0153ur battant de Comacchio, la Locanda del Delta sera inaugur\u00e9e en mai 2019, devenant un nouveau point de r\u00e9f\u00e9rence pour les visiteurs souhaitant d\u00e9couvrir le Parc du Delta du P\u00f4 sous toutes ses facettes. Avec l'intention d'enrichir l'offre touristique et gastronomique de la ville, cette structure repr\u00e9sente une occasion unique de vivre une exp\u00e9rience compl\u00e8te dans l'une des zones naturelles les plus \u00e9vocatrices et historiquement riches de l'\u00c9milie-Romagne.","robots":{"index":"index","follow":"follow","max-snippet":"max-snippet:-1","max-image-preview":"max-image-preview:large","max-video-preview":"max-video-preview:-1"},"canonical":"https:\/\/www.locandadeldelta.com\/fr\/a-propos-de-nous\/","og_locale":"fr_FR","og_type":"article","og_title":"A propos de nous - Locanda del Delta -","og_description":"Situ\u00e9e dans le c\u0153ur battant de Comacchio, la Locanda del Delta sera inaugur\u00e9e en mai 2019, devenant un nouveau point de r\u00e9f\u00e9rence pour les visiteurs souhaitant d\u00e9couvrir le Parc du Delta du P\u00f4 sous toutes ses facettes. Avec l'intention d'enrichir l'offre touristique et gastronomique de la ville, cette structure repr\u00e9sente une occasion unique de vivre une exp\u00e9rience compl\u00e8te dans l'une des zones naturelles les plus \u00e9vocatrices et historiquement riches de l'\u00c9milie-Romagne.","og_url":"https:\/\/www.locandadeldelta.com\/fr\/a-propos-de-nous\/","og_site_name":"Locanda del Delta","article_publisher":"https:\/\/www.facebook.com\/LaLocandaDelDelta\/","article_modified_time":"2025-04-16T14:59:56+00:00","twitter_card":"summary_large_image","twitter_misc":{"Dur\u00e9e de lecture estim\u00e9e":"1 minute"},"schema":{"@context":"https:\/\/schema.org","@graph":[{"@type":"WebPage","@id":"https:\/\/www.locandadeldelta.com\/fr\/a-propos-de-nous\/","url":"https:\/\/www.locandadeldelta.com\/fr\/a-propos-de-nous\/","name":"A propos de nous - Locanda del Delta -","isPartOf":{"@id":"https:\/\/www.locandadeldelta.com\/fr\/#website"},"datePublished":"2025-02-28T16:12:20+00:00","dateModified":"2025-04-16T14:59:56+00:00","description":"Situ\u00e9e dans le c\u0153ur battant de Comacchio, la Locanda del Delta sera inaugur\u00e9e en mai 2019, devenant un nouveau point de r\u00e9f\u00e9rence pour les visiteurs souhaitant d\u00e9couvrir le Parc du Delta du P\u00f4 sous toutes ses facettes. Avec l'intention d'enrichir l'offre touristique et gastronomique de la ville, cette structure repr\u00e9sente une occasion unique de vivre une exp\u00e9rience compl\u00e8te dans l'une des zones naturelles les plus \u00e9vocatrices et historiquement riches de l'\u00c9milie-Romagne.","breadcrumb":{"@id":"https:\/\/www.locandadeldelta.com\/fr\/a-propos-de-nous\/#breadcrumb"},"inLanguage":"fr-FR","potentialAction":[{"@type":"ReadAction","target":["https:\/\/www.locandadeldelta.com\/fr\/a-propos-de-nous\/"]}]},{"@type":"BreadcrumbList","@id":"https:\/\/www.locandadeldelta.com\/fr\/a-propos-de-nous\/#breadcrumb","itemListElement":[{"@type":"ListItem","position":1,"name":"Home","item":"https:\/\/www.locandadeldelta.com\/fr\/"},{"@type":"ListItem","position":2,"name":"A propos de nous"}]},{"@type":"WebSite","@id":"https:\/\/www.locandadeldelta.com\/fr\/#website","url":"https:\/\/www.locandadeldelta.com\/fr\/","name":"Locanda del Delta","description":"","potentialAction":[{"@type":"SearchAction","target":{"@type":"EntryPoint","urlTemplate":"https:\/\/www.locandadeldelta.com\/fr\/?s={search_term_string}"},"query-input":{"@type":"PropertyValueSpecification","valueRequired":true,"valueName":"search_term_string"}}],"inLanguage":"fr-FR"}]}},"acf":[],"_links":{"self":[{"href":"https:\/\/www.locandadeldelta.com\/fr\/wp-json\/wp\/v2\/pages\/335","targetHints":{"allow":["GET"]}}],"collection":[{"href":"https:\/\/www.locandadeldelta.com\/fr\/wp-json\/wp\/v2\/pages"}],"about":[{"href":"https:\/\/www.locandadeldelta.com\/fr\/wp-json\/wp\/v2\/types\/page"}],"author":[{"embeddable":true,"href":"https:\/\/www.locandadeldelta.com\/fr\/wp-json\/wp\/v2\/users\/13"}],"replies":[{"embeddable":true,"href":"https:\/\/www.locandadeldelta.com\/fr\/wp-json\/wp\/v2\/comments?post=335"}],"version-history":[{"count":0,"href":"https:\/\/www.locandadeldelta.com\/fr\/wp-json\/wp\/v2\/pages\/335\/revisions"}],"wp:attachment":[{"href":"https:\/\/www.locandadeldelta.com\/fr\/wp-json\/wp\/v2\/media?parent=335"}],"curies":[{"name":"wp","href":"https:\/\/api.w.org\/{rel}","templated":true}]}}