   {"id":341,"date":"2025-03-04T13:27:18","date_gmt":"2025-03-04T13:27:18","guid":{"rendered":"https:\/\/www.locandadeldelta.com\/?page_id=341"},"modified":"2025-04-17T12:56:34","modified_gmt":"2025-04-17T12:56:34","slug":"restaurant-pizzeria-locanda-del-delta","status":"publish","type":"page","link":"https:\/\/www.locandadeldelta.com\/fr\/restaurant-pizzeria-locanda-del-delta\/","title":{"rendered":"Restaurant Pizzeria \u00ab\u00a0Locanda del Delta\u00a0\u00bb"},"content":{"rendered":"<p>Le restaurant <strong>Locanda del Delta<\/strong> est un point de r\u00e9f\u00e9rence pour ceux qui recherchent une exp\u00e9rience gastronomique li\u00e9e au territoire, avec une cuisine qui met en valeur les saveurs authentiques du delta du P\u00f4.<br \/>\nLe b\u00e2timent judicieusement r\u00e9nov\u00e9 a un caract\u00e8re rustique mais \u00e9l\u00e9gant, avec une ambiance qui combine des \u00e9l\u00e9ments traditionnels et modernes.<\/p>\n<p>&nbsp;<\/p>\n<p>\u00c0 l&rsquo;int\u00e9rieur, la salle, qui peut accueillir 70 personnes, est meubl\u00e9e simplement mais avec go\u00fbt, ce qui cr\u00e9e une atmosph\u00e8re intime et chaleureuse, mais convient \u00e9galement \u00e0 des \u00e9v\u00e9nements organis\u00e9s et \u00e0 des f\u00eates. Par beau temps, il est possible de s&rsquo;asseoir \u00e0 l&rsquo;ext\u00e9rieur, pour profiter de la tranquillit\u00e9 et de l&rsquo;atmosph\u00e8re unique du centre historique.<\/p>\n","protected":false},"excerpt":{"rendered":"<p>Le restaurant Locanda del Delta est un point de r\u00e9f\u00e9rence pour ceux qui recherchent une exp\u00e9rience gastronomique li\u00e9e au territoire, avec une cuisine qui met en valeur les saveurs authentiques du delta du P\u00f4. Le b\u00e2timent judicieusement r\u00e9nov\u00e9 a un caract\u00e8re rustique mais \u00e9l\u00e9gant, avec une ambiance qui combine des \u00e9l\u00e9ments traditionnels et modernes. &nbsp; [&hellip;]<\/p>\n","protected":false},"author":13,"featured_media":0,"parent":0,"menu_order":20,"comment_status":"closed","ping_status":"closed","template":"template-restaurant.php","meta":{"footnotes":""},"class_list":["post-341","page","type-page","status-publish","hentry"],"yoast_head":"<!-- This site is optimized with the Yoast SEO plugin v27.3 - https:\/\/yoast.com\/product\/yoast-seo-wordpress\/ -->\n<title>Restaurant Pizzeria &quot;Locanda del Delta&quot; - Locanda del Delta -<\/title>\n<meta name=\"description\" content=\"Le restaurant Locanda del Delta est un point de r\u00e9f\u00e9rence pour ceux qui recherchent une exp\u00e9rience gastronomique li\u00e9e au territoire, avec une cuisine qui met en valeur les saveurs authentiques du delta du P\u00f4. Le b\u00e2timent judicieusement r\u00e9nov\u00e9 a un caract\u00e8re rustique mais \u00e9l\u00e9gant, avec une ambiance qui combine des \u00e9l\u00e9ments traditionnels et modernes.  &nbsp;  \u00c0 l&#039;int\u00e9rieur, la salle, qui peut accueillir 70 personnes, est meubl\u00e9e simplement mais avec go\u00fbt, ce qui cr\u00e9e une atmosph\u00e8re intime et chaleureuse, mais convient \u00e9galement \u00e0 des \u00e9v\u00e9nements organis\u00e9s et \u00e0 des f\u00eates. Par beau temps, il est possible de s&#039;asseoir \u00e0 l&#039;ext\u00e9rieur, pour profiter de la tranquillit\u00e9 et de l&#039;atmosph\u00e8re unique du centre historique.\" \/>\n<meta name=\"robots\" content=\"index, follow, max-snippet:-1, max-image-preview:large, max-video-preview:-1\" \/>\n<link rel=\"canonical\" href=\"https:\/\/www.locandadeldelta.com\/fr\/restaurant-pizzeria-locanda-del-delta\/\" \/>\n<meta property=\"og:locale\" content=\"fr_FR\" \/>\n<meta property=\"og:type\" content=\"article\" \/>\n<meta property=\"og:title\" content=\"Restaurant Pizzeria &quot;Locanda del Delta&quot; - Locanda del Delta -\" \/>\n<meta property=\"og:description\" content=\"Le restaurant Locanda del Delta est un point de r\u00e9f\u00e9rence pour ceux qui recherchent une exp\u00e9rience gastronomique li\u00e9e au territoire, avec une cuisine qui met en valeur les saveurs authentiques du delta du P\u00f4. Le b\u00e2timent judicieusement r\u00e9nov\u00e9 a un caract\u00e8re rustique mais \u00e9l\u00e9gant, avec une ambiance qui combine des \u00e9l\u00e9ments traditionnels et modernes.  &nbsp;  \u00c0 l&#039;int\u00e9rieur, la salle, qui peut accueillir 70 personnes, est meubl\u00e9e simplement mais avec go\u00fbt, ce qui cr\u00e9e une atmosph\u00e8re intime et chaleureuse, mais convient \u00e9galement \u00e0 des \u00e9v\u00e9nements organis\u00e9s et \u00e0 des f\u00eates. Par beau temps, il est possible de s&#039;asseoir \u00e0 l&#039;ext\u00e9rieur, pour profiter de la tranquillit\u00e9 et de l&#039;atmosph\u00e8re unique du centre historique.\" \/>\n<meta property=\"og:url\" content=\"https:\/\/www.locandadeldelta.com\/fr\/restaurant-pizzeria-locanda-del-delta\/\" \/>\n<meta property=\"og:site_name\" content=\"Locanda del Delta\" \/>\n<meta property=\"article:publisher\" content=\"https:\/\/www.facebook.com\/LaLocandaDelDelta\/\" \/>\n<meta property=\"article:modified_time\" content=\"2025-04-17T12:56:34+00:00\" \/>\n<meta name=\"twitter:card\" content=\"summary_large_image\" \/>\n<meta name=\"twitter:label1\" content=\"Dur\u00e9e de lecture estim\u00e9e\" \/>\n\t<meta name=\"twitter:data1\" content=\"1 minute\" \/>\n<script type=\"application\/ld+json\" class=\"yoast-schema-graph\">{\"@context\":\"https:\\\/\\\/schema.org\",\"@graph\":[{\"@type\":\"WebPage\",\"@id\":\"https:\\\/\\\/www.locandadeldelta.com\\\/fr\\\/restaurant-pizzeria-locanda-del-delta\\\/\",\"url\":\"https:\\\/\\\/www.locandadeldelta.com\\\/fr\\\/restaurant-pizzeria-locanda-del-delta\\\/\",\"name\":\"Restaurant Pizzeria \\\"Locanda del Delta\\\" - Locanda del Delta -\",\"isPartOf\":{\"@id\":\"https:\\\/\\\/www.locandadeldelta.com\\\/fr\\\/#website\"},\"datePublished\":\"2025-03-04T13:27:18+00:00\",\"dateModified\":\"2025-04-17T12:56:34+00:00\",\"description\":\"Le restaurant Locanda del Delta est un point de r\u00e9f\u00e9rence pour ceux qui recherchent une exp\u00e9rience gastronomique li\u00e9e au territoire, avec une cuisine qui met en valeur les saveurs authentiques du delta du P\u00f4. Le b\u00e2timent judicieusement r\u00e9nov\u00e9 a un caract\u00e8re rustique mais \u00e9l\u00e9gant, avec une ambiance qui combine des \u00e9l\u00e9ments traditionnels et modernes. &nbsp; \u00c0 l'int\u00e9rieur, la salle, qui peut accueillir 70 personnes, est meubl\u00e9e simplement mais avec go\u00fbt, ce qui cr\u00e9e une atmosph\u00e8re intime et chaleureuse, mais convient \u00e9galement \u00e0 des \u00e9v\u00e9nements organis\u00e9s et \u00e0 des f\u00eates. Par beau temps, il est possible de s'asseoir \u00e0 l'ext\u00e9rieur, pour profiter de la tranquillit\u00e9 et de l'atmosph\u00e8re unique du centre historique.\",\"breadcrumb\":{\"@id\":\"https:\\\/\\\/www.locandadeldelta.com\\\/fr\\\/restaurant-pizzeria-locanda-del-delta\\\/#breadcrumb\"},\"inLanguage\":\"fr-FR\",\"potentialAction\":[{\"@type\":\"ReadAction\",\"target\":[\"https:\\\/\\\/www.locandadeldelta.com\\\/fr\\\/restaurant-pizzeria-locanda-del-delta\\\/\"]}]},{\"@type\":\"BreadcrumbList\",\"@id\":\"https:\\\/\\\/www.locandadeldelta.com\\\/fr\\\/restaurant-pizzeria-locanda-del-delta\\\/#breadcrumb\",\"itemListElement\":[{\"@type\":\"ListItem\",\"position\":1,\"name\":\"Home\",\"item\":\"https:\\\/\\\/www.locandadeldelta.com\\\/fr\\\/\"},{\"@type\":\"ListItem\",\"position\":2,\"name\":\"Restaurant Pizzeria &#8220;Locanda del Delta&#8221;\"}]},{\"@type\":\"WebSite\",\"@id\":\"https:\\\/\\\/www.locandadeldelta.com\\\/fr\\\/#website\",\"url\":\"https:\\\/\\\/www.locandadeldelta.com\\\/fr\\\/\",\"name\":\"Locanda del Delta\",\"description\":\"\",\"potentialAction\":[{\"@type\":\"SearchAction\",\"target\":{\"@type\":\"EntryPoint\",\"urlTemplate\":\"https:\\\/\\\/www.locandadeldelta.com\\\/fr\\\/?s={search_term_string}\"},\"query-input\":{\"@type\":\"PropertyValueSpecification\",\"valueRequired\":true,\"valueName\":\"search_term_string\"}}],\"inLanguage\":\"fr-FR\"}]}<\/script>\n<!-- \/ Yoast SEO plugin. -->","yoast_head_json":{"title":"Restaurant Pizzeria \"Locanda del Delta\" - Locanda del Delta -","description":"Le restaurant Locanda del Delta est un point de r\u00e9f\u00e9rence pour ceux qui recherchent une exp\u00e9rience gastronomique li\u00e9e au territoire, avec une cuisine qui met en valeur les saveurs authentiques du delta du P\u00f4. Le b\u00e2timent judicieusement r\u00e9nov\u00e9 a un caract\u00e8re rustique mais \u00e9l\u00e9gant, avec une ambiance qui combine des \u00e9l\u00e9ments traditionnels et modernes.  &nbsp;  \u00c0 l'int\u00e9rieur, la salle, qui peut accueillir 70 personnes, est meubl\u00e9e simplement mais avec go\u00fbt, ce qui cr\u00e9e une atmosph\u00e8re intime et chaleureuse, mais convient \u00e9galement \u00e0 des \u00e9v\u00e9nements organis\u00e9s et \u00e0 des f\u00eates. Par beau temps, il est possible de s'asseoir \u00e0 l'ext\u00e9rieur, pour profiter de la tranquillit\u00e9 et de l'atmosph\u00e8re unique du centre historique.","robots":{"index":"index","follow":"follow","max-snippet":"max-snippet:-1","max-image-preview":"max-image-preview:large","max-video-preview":"max-video-preview:-1"},"canonical":"https:\/\/www.locandadeldelta.com\/fr\/restaurant-pizzeria-locanda-del-delta\/","og_locale":"fr_FR","og_type":"article","og_title":"Restaurant Pizzeria \"Locanda del Delta\" - Locanda del Delta -","og_description":"Le restaurant Locanda del Delta est un point de r\u00e9f\u00e9rence pour ceux qui recherchent une exp\u00e9rience gastronomique li\u00e9e au territoire, avec une cuisine qui met en valeur les saveurs authentiques du delta du P\u00f4. Le b\u00e2timent judicieusement r\u00e9nov\u00e9 a un caract\u00e8re rustique mais \u00e9l\u00e9gant, avec une ambiance qui combine des \u00e9l\u00e9ments traditionnels et modernes.  &nbsp;  \u00c0 l'int\u00e9rieur, la salle, qui peut accueillir 70 personnes, est meubl\u00e9e simplement mais avec go\u00fbt, ce qui cr\u00e9e une atmosph\u00e8re intime et chaleureuse, mais convient \u00e9galement \u00e0 des \u00e9v\u00e9nements organis\u00e9s et \u00e0 des f\u00eates. Par beau temps, il est possible de s'asseoir \u00e0 l'ext\u00e9rieur, pour profiter de la tranquillit\u00e9 et de l'atmosph\u00e8re unique du centre historique.","og_url":"https:\/\/www.locandadeldelta.com\/fr\/restaurant-pizzeria-locanda-del-delta\/","og_site_name":"Locanda del Delta","article_publisher":"https:\/\/www.facebook.com\/LaLocandaDelDelta\/","article_modified_time":"2025-04-17T12:56:34+00:00","twitter_card":"summary_large_image","twitter_misc":{"Dur\u00e9e de lecture estim\u00e9e":"1 minute"},"schema":{"@context":"https:\/\/schema.org","@graph":[{"@type":"WebPage","@id":"https:\/\/www.locandadeldelta.com\/fr\/restaurant-pizzeria-locanda-del-delta\/","url":"https:\/\/www.locandadeldelta.com\/fr\/restaurant-pizzeria-locanda-del-delta\/","name":"Restaurant Pizzeria \"Locanda del Delta\" - Locanda del Delta -","isPartOf":{"@id":"https:\/\/www.locandadeldelta.com\/fr\/#website"},"datePublished":"2025-03-04T13:27:18+00:00","dateModified":"2025-04-17T12:56:34+00:00","description":"Le restaurant Locanda del Delta est un point de r\u00e9f\u00e9rence pour ceux qui recherchent une exp\u00e9rience gastronomique li\u00e9e au territoire, avec une cuisine qui met en valeur les saveurs authentiques du delta du P\u00f4. Le b\u00e2timent judicieusement r\u00e9nov\u00e9 a un caract\u00e8re rustique mais \u00e9l\u00e9gant, avec une ambiance qui combine des \u00e9l\u00e9ments traditionnels et modernes. &nbsp; \u00c0 l'int\u00e9rieur, la salle, qui peut accueillir 70 personnes, est meubl\u00e9e simplement mais avec go\u00fbt, ce qui cr\u00e9e une atmosph\u00e8re intime et chaleureuse, mais convient \u00e9galement \u00e0 des \u00e9v\u00e9nements organis\u00e9s et \u00e0 des f\u00eates. Par beau temps, il est possible de s'asseoir \u00e0 l'ext\u00e9rieur, pour profiter de la tranquillit\u00e9 et de l'atmosph\u00e8re unique du centre historique.","breadcrumb":{"@id":"https:\/\/www.locandadeldelta.com\/fr\/restaurant-pizzeria-locanda-del-delta\/#breadcrumb"},"inLanguage":"fr-FR","potentialAction":[{"@type":"ReadAction","target":["https:\/\/www.locandadeldelta.com\/fr\/restaurant-pizzeria-locanda-del-delta\/"]}]},{"@type":"BreadcrumbList","@id":"https:\/\/www.locandadeldelta.com\/fr\/restaurant-pizzeria-locanda-del-delta\/#breadcrumb","itemListElement":[{"@type":"ListItem","position":1,"name":"Home","item":"https:\/\/www.locandadeldelta.com\/fr\/"},{"@type":"ListItem","position":2,"name":"Restaurant Pizzeria &#8220;Locanda del Delta&#8221;"}]},{"@type":"WebSite","@id":"https:\/\/www.locandadeldelta.com\/fr\/#website","url":"https:\/\/www.locandadeldelta.com\/fr\/","name":"Locanda del Delta","description":"","potentialAction":[{"@type":"SearchAction","target":{"@type":"EntryPoint","urlTemplate":"https:\/\/www.locandadeldelta.com\/fr\/?s={search_term_string}"},"query-input":{"@type":"PropertyValueSpecification","valueRequired":true,"valueName":"search_term_string"}}],"inLanguage":"fr-FR"}]}},"acf":[],"_links":{"self":[{"href":"https:\/\/www.locandadeldelta.com\/fr\/wp-json\/wp\/v2\/pages\/341","targetHints":{"allow":["GET"]}}],"collection":[{"href":"https:\/\/www.locandadeldelta.com\/fr\/wp-json\/wp\/v2\/pages"}],"about":[{"href":"https:\/\/www.locandadeldelta.com\/fr\/wp-json\/wp\/v2\/types\/page"}],"author":[{"embeddable":true,"href":"https:\/\/www.locandadeldelta.com\/fr\/wp-json\/wp\/v2\/users\/13"}],"replies":[{"embeddable":true,"href":"https:\/\/www.locandadeldelta.com\/fr\/wp-json\/wp\/v2\/comments?post=341"}],"version-history":[{"count":0,"href":"https:\/\/www.locandadeldelta.com\/fr\/wp-json\/wp\/v2\/pages\/341\/revisions"}],"wp:attachment":[{"href":"https:\/\/www.locandadeldelta.com\/fr\/wp-json\/wp\/v2\/media?parent=341"}],"curies":[{"name":"wp","href":"https:\/\/api.w.org\/{rel}","templated":true}]}}