   {"id":379,"date":"2025-03-04T16:12:58","date_gmt":"2025-03-04T16:12:58","guid":{"rendered":"https:\/\/www.locandadeldelta.com\/?page_id=379"},"modified":"2025-04-24T09:11:55","modified_gmt":"2025-04-24T09:11:55","slug":"vos-vacances","status":"publish","type":"page","link":"https:\/\/www.locandadeldelta.com\/fr\/vos-vacances\/","title":{"rendered":"Vos vacances"},"content":{"rendered":"<p>Personnalisez vos vacances avec nous : que vous r\u00eaviez d\u2019une escapade romantique, d\u2019une aventure entre amis ou de vacances en famille, nous construirons une exp\u00e9rience adapt\u00e9e \u00e0 vos besoins. Du s\u00e9jour aux activit\u00e9s, des services aux exp\u00e9riences locales, nous prenons soin de chaque d\u00e9tail, en vous garantissant d\u00e9tente et plaisir sans soucis pour vous offrir un s\u00e9jour qui refl\u00e8te vos go\u00fbts et vos besoins. Votre voyage id\u00e9al, exactement comme vous l\u2019imaginez !<\/p>\n","protected":false},"excerpt":{"rendered":"<p>Personnalisez vos vacances avec nous : que vous r\u00eaviez d\u2019une escapade romantique, d\u2019une aventure entre amis ou de vacances en famille, nous construirons une exp\u00e9rience adapt\u00e9e \u00e0 vos besoins. Du s\u00e9jour aux activit\u00e9s, des services aux exp\u00e9riences locales, nous prenons soin de chaque d\u00e9tail, en vous garantissant d\u00e9tente et plaisir sans soucis pour vous offrir [&hellip;]<\/p>\n","protected":false},"author":13,"featured_media":0,"parent":0,"menu_order":40,"comment_status":"closed","ping_status":"closed","template":"template-your-holiday-hub.php","meta":{"footnotes":""},"class_list":["post-379","page","type-page","status-publish","hentry"],"yoast_head":"<!-- This site is optimized with the Yoast SEO plugin v27.3 - https:\/\/yoast.com\/product\/yoast-seo-wordpress\/ -->\n<title>Vos vacances - Locanda del Delta -<\/title>\n<meta name=\"description\" content=\"Personnalisez vos vacances avec nous : que vous r\u00eaviez d\u2019une escapade romantique, d\u2019une aventure entre amis ou de vacances en famille, nous construirons une exp\u00e9rience adapt\u00e9e \u00e0 vos besoins. Du s\u00e9jour aux activit\u00e9s, des services aux exp\u00e9riences locales, nous prenons soin de chaque d\u00e9tail, en vous garantissant d\u00e9tente et plaisir sans soucis pour vous offrir un s\u00e9jour qui refl\u00e8te vos go\u00fbts et vos besoins\" \/>\n<meta name=\"robots\" content=\"index, follow, max-snippet:-1, max-image-preview:large, max-video-preview:-1\" \/>\n<link rel=\"canonical\" href=\"https:\/\/www.locandadeldelta.com\/fr\/vos-vacances\/\" \/>\n<meta property=\"og:locale\" content=\"fr_FR\" \/>\n<meta property=\"og:type\" content=\"article\" \/>\n<meta property=\"og:title\" content=\"Vos vacances - Locanda del Delta -\" \/>\n<meta property=\"og:description\" content=\"Personnalisez vos vacances avec nous : que vous r\u00eaviez d\u2019une escapade romantique, d\u2019une aventure entre amis ou de vacances en famille, nous construirons une exp\u00e9rience adapt\u00e9e \u00e0 vos besoins. Du s\u00e9jour aux activit\u00e9s, des services aux exp\u00e9riences locales, nous prenons soin de chaque d\u00e9tail, en vous garantissant d\u00e9tente et plaisir sans soucis pour vous offrir un s\u00e9jour qui refl\u00e8te vos go\u00fbts et vos besoins\" \/>\n<meta property=\"og:url\" content=\"https:\/\/www.locandadeldelta.com\/fr\/vos-vacances\/\" \/>\n<meta property=\"og:site_name\" content=\"Locanda del Delta\" \/>\n<meta property=\"article:publisher\" content=\"https:\/\/www.facebook.com\/LaLocandaDelDelta\/\" \/>\n<meta property=\"article:modified_time\" content=\"2025-04-24T09:11:55+00:00\" \/>\n<meta name=\"twitter:card\" content=\"summary_large_image\" \/>\n<meta name=\"twitter:label1\" content=\"Dur\u00e9e de lecture estim\u00e9e\" \/>\n\t<meta name=\"twitter:data1\" content=\"1 minute\" \/>\n<script type=\"application\/ld+json\" class=\"yoast-schema-graph\">{\"@context\":\"https:\\\/\\\/schema.org\",\"@graph\":[{\"@type\":\"WebPage\",\"@id\":\"https:\\\/\\\/www.locandadeldelta.com\\\/fr\\\/vos-vacances\\\/\",\"url\":\"https:\\\/\\\/www.locandadeldelta.com\\\/fr\\\/vos-vacances\\\/\",\"name\":\"Vos vacances - Locanda del Delta -\",\"isPartOf\":{\"@id\":\"https:\\\/\\\/www.locandadeldelta.com\\\/fr\\\/#website\"},\"datePublished\":\"2025-03-04T16:12:58+00:00\",\"dateModified\":\"2025-04-24T09:11:55+00:00\",\"description\":\"Personnalisez vos vacances avec nous : que vous r\u00eaviez d\u2019une escapade romantique, d\u2019une aventure entre amis ou de vacances en famille, nous construirons une exp\u00e9rience adapt\u00e9e \u00e0 vos besoins. Du s\u00e9jour aux activit\u00e9s, des services aux exp\u00e9riences locales, nous prenons soin de chaque d\u00e9tail, en vous garantissant d\u00e9tente et plaisir sans soucis pour vous offrir un s\u00e9jour qui refl\u00e8te vos go\u00fbts et vos besoins\",\"breadcrumb\":{\"@id\":\"https:\\\/\\\/www.locandadeldelta.com\\\/fr\\\/vos-vacances\\\/#breadcrumb\"},\"inLanguage\":\"fr-FR\",\"potentialAction\":[{\"@type\":\"ReadAction\",\"target\":[\"https:\\\/\\\/www.locandadeldelta.com\\\/fr\\\/vos-vacances\\\/\"]}]},{\"@type\":\"BreadcrumbList\",\"@id\":\"https:\\\/\\\/www.locandadeldelta.com\\\/fr\\\/vos-vacances\\\/#breadcrumb\",\"itemListElement\":[{\"@type\":\"ListItem\",\"position\":1,\"name\":\"Home\",\"item\":\"https:\\\/\\\/www.locandadeldelta.com\\\/fr\\\/\"},{\"@type\":\"ListItem\",\"position\":2,\"name\":\"Vos vacances\"}]},{\"@type\":\"WebSite\",\"@id\":\"https:\\\/\\\/www.locandadeldelta.com\\\/fr\\\/#website\",\"url\":\"https:\\\/\\\/www.locandadeldelta.com\\\/fr\\\/\",\"name\":\"Locanda del Delta\",\"description\":\"\",\"potentialAction\":[{\"@type\":\"SearchAction\",\"target\":{\"@type\":\"EntryPoint\",\"urlTemplate\":\"https:\\\/\\\/www.locandadeldelta.com\\\/fr\\\/?s={search_term_string}\"},\"query-input\":{\"@type\":\"PropertyValueSpecification\",\"valueRequired\":true,\"valueName\":\"search_term_string\"}}],\"inLanguage\":\"fr-FR\"}]}<\/script>\n<!-- \/ Yoast SEO plugin. -->","yoast_head_json":{"title":"Vos vacances - Locanda del Delta -","description":"Personnalisez vos vacances avec nous : que vous r\u00eaviez d\u2019une escapade romantique, d\u2019une aventure entre amis ou de vacances en famille, nous construirons une exp\u00e9rience adapt\u00e9e \u00e0 vos besoins. Du s\u00e9jour aux activit\u00e9s, des services aux exp\u00e9riences locales, nous prenons soin de chaque d\u00e9tail, en vous garantissant d\u00e9tente et plaisir sans soucis pour vous offrir un s\u00e9jour qui refl\u00e8te vos go\u00fbts et vos besoins","robots":{"index":"index","follow":"follow","max-snippet":"max-snippet:-1","max-image-preview":"max-image-preview:large","max-video-preview":"max-video-preview:-1"},"canonical":"https:\/\/www.locandadeldelta.com\/fr\/vos-vacances\/","og_locale":"fr_FR","og_type":"article","og_title":"Vos vacances - Locanda del Delta -","og_description":"Personnalisez vos vacances avec nous : que vous r\u00eaviez d\u2019une escapade romantique, d\u2019une aventure entre amis ou de vacances en famille, nous construirons une exp\u00e9rience adapt\u00e9e \u00e0 vos besoins. Du s\u00e9jour aux activit\u00e9s, des services aux exp\u00e9riences locales, nous prenons soin de chaque d\u00e9tail, en vous garantissant d\u00e9tente et plaisir sans soucis pour vous offrir un s\u00e9jour qui refl\u00e8te vos go\u00fbts et vos besoins","og_url":"https:\/\/www.locandadeldelta.com\/fr\/vos-vacances\/","og_site_name":"Locanda del Delta","article_publisher":"https:\/\/www.facebook.com\/LaLocandaDelDelta\/","article_modified_time":"2025-04-24T09:11:55+00:00","twitter_card":"summary_large_image","twitter_misc":{"Dur\u00e9e de lecture estim\u00e9e":"1 minute"},"schema":{"@context":"https:\/\/schema.org","@graph":[{"@type":"WebPage","@id":"https:\/\/www.locandadeldelta.com\/fr\/vos-vacances\/","url":"https:\/\/www.locandadeldelta.com\/fr\/vos-vacances\/","name":"Vos vacances - Locanda del Delta -","isPartOf":{"@id":"https:\/\/www.locandadeldelta.com\/fr\/#website"},"datePublished":"2025-03-04T16:12:58+00:00","dateModified":"2025-04-24T09:11:55+00:00","description":"Personnalisez vos vacances avec nous : que vous r\u00eaviez d\u2019une escapade romantique, d\u2019une aventure entre amis ou de vacances en famille, nous construirons une exp\u00e9rience adapt\u00e9e \u00e0 vos besoins. Du s\u00e9jour aux activit\u00e9s, des services aux exp\u00e9riences locales, nous prenons soin de chaque d\u00e9tail, en vous garantissant d\u00e9tente et plaisir sans soucis pour vous offrir un s\u00e9jour qui refl\u00e8te vos go\u00fbts et vos besoins","breadcrumb":{"@id":"https:\/\/www.locandadeldelta.com\/fr\/vos-vacances\/#breadcrumb"},"inLanguage":"fr-FR","potentialAction":[{"@type":"ReadAction","target":["https:\/\/www.locandadeldelta.com\/fr\/vos-vacances\/"]}]},{"@type":"BreadcrumbList","@id":"https:\/\/www.locandadeldelta.com\/fr\/vos-vacances\/#breadcrumb","itemListElement":[{"@type":"ListItem","position":1,"name":"Home","item":"https:\/\/www.locandadeldelta.com\/fr\/"},{"@type":"ListItem","position":2,"name":"Vos vacances"}]},{"@type":"WebSite","@id":"https:\/\/www.locandadeldelta.com\/fr\/#website","url":"https:\/\/www.locandadeldelta.com\/fr\/","name":"Locanda del Delta","description":"","potentialAction":[{"@type":"SearchAction","target":{"@type":"EntryPoint","urlTemplate":"https:\/\/www.locandadeldelta.com\/fr\/?s={search_term_string}"},"query-input":{"@type":"PropertyValueSpecification","valueRequired":true,"valueName":"search_term_string"}}],"inLanguage":"fr-FR"}]}},"acf":[],"_links":{"self":[{"href":"https:\/\/www.locandadeldelta.com\/fr\/wp-json\/wp\/v2\/pages\/379","targetHints":{"allow":["GET"]}}],"collection":[{"href":"https:\/\/www.locandadeldelta.com\/fr\/wp-json\/wp\/v2\/pages"}],"about":[{"href":"https:\/\/www.locandadeldelta.com\/fr\/wp-json\/wp\/v2\/types\/page"}],"author":[{"embeddable":true,"href":"https:\/\/www.locandadeldelta.com\/fr\/wp-json\/wp\/v2\/users\/13"}],"replies":[{"embeddable":true,"href":"https:\/\/www.locandadeldelta.com\/fr\/wp-json\/wp\/v2\/comments?post=379"}],"version-history":[{"count":0,"href":"https:\/\/www.locandadeldelta.com\/fr\/wp-json\/wp\/v2\/pages\/379\/revisions"}],"wp:attachment":[{"href":"https:\/\/www.locandadeldelta.com\/fr\/wp-json\/wp\/v2\/media?parent=379"}],"curies":[{"name":"wp","href":"https:\/\/api.w.org\/{rel}","templated":true}]}}