   {"id":387,"date":"2025-03-04T16:15:51","date_gmt":"2025-03-04T16:15:51","guid":{"rendered":"https:\/\/www.locandadeldelta.com\/?page_id=387"},"modified":"2025-04-24T09:48:10","modified_gmt":"2025-04-24T09:48:10","slug":"passionnes-de-velo","status":"publish","type":"page","link":"https:\/\/www.locandadeldelta.com\/fr\/vos-vacances\/passionnes-de-velo\/","title":{"rendered":"Passionn\u00e9s de v\u00e9lo"},"content":{"rendered":"<p>D\u00e9couvrez le plaisir de vacances sur deux roues, immerg\u00e9 dans la nature et les beaut\u00e9s du territoire. Notre structure est con\u00e7ue pour les amateurs de v\u00e9lo, avec des pistes cyclables exclusives, des possibilit\u00e9s de location de v\u00e9los dans les environs et des services d\u00e9di\u00e9s. Que vous soyez un cycliste exp\u00e9riment\u00e9 ou un passionn\u00e9 qui aime explorer de nouveaux itin\u00e9raires, vous trouverez l\u2019exp\u00e9rience id\u00e9ale pour profiter de la libert\u00e9 du v\u00e9lo et d\u00e9couvrir des coins cach\u00e9s, loin du stress.<\/p>\n","protected":false},"excerpt":{"rendered":"<p>D\u00e9couvrez le plaisir de vacances sur deux roues, immerg\u00e9 dans la nature et les beaut\u00e9s du territoire. Notre structure est con\u00e7ue pour les amateurs de v\u00e9lo, avec des pistes cyclables exclusives, des possibilit\u00e9s de location de v\u00e9los dans les environs et des services d\u00e9di\u00e9s. Que vous soyez un cycliste exp\u00e9riment\u00e9 ou un passionn\u00e9 qui aime [&hellip;]<\/p>\n","protected":false},"author":13,"featured_media":0,"parent":379,"menu_order":5,"comment_status":"closed","ping_status":"closed","template":"template-your-holiday.php","meta":{"footnotes":""},"class_list":["post-387","page","type-page","status-publish","hentry"],"yoast_head":"<!-- This site is optimized with the Yoast SEO plugin v27.3 - https:\/\/yoast.com\/product\/yoast-seo-wordpress\/ -->\n<title>Passionn\u00e9s de v\u00e9lo - Locanda del Delta -<\/title>\n<meta name=\"description\" content=\"D\u00e9couvrez le plaisir de vacances sur deux roues, immerg\u00e9 dans la nature et les beaut\u00e9s du territoire. Notre structure est con\u00e7ue pour les amateurs de v\u00e9lo, avec des pistes cyclables exclusives, des possibilit\u00e9s de location de v\u00e9los dans les environs et des services d\u00e9di\u00e9s\" \/>\n<meta name=\"robots\" content=\"index, follow, max-snippet:-1, max-image-preview:large, max-video-preview:-1\" \/>\n<link rel=\"canonical\" href=\"https:\/\/www.locandadeldelta.com\/fr\/vos-vacances\/passionnes-de-velo\/\" \/>\n<meta property=\"og:locale\" content=\"fr_FR\" \/>\n<meta property=\"og:type\" content=\"article\" \/>\n<meta property=\"og:title\" content=\"Passionn\u00e9s de v\u00e9lo - Locanda del Delta -\" \/>\n<meta property=\"og:description\" content=\"D\u00e9couvrez le plaisir de vacances sur deux roues, immerg\u00e9 dans la nature et les beaut\u00e9s du territoire. Notre structure est con\u00e7ue pour les amateurs de v\u00e9lo, avec des pistes cyclables exclusives, des possibilit\u00e9s de location de v\u00e9los dans les environs et des services d\u00e9di\u00e9s\" \/>\n<meta property=\"og:url\" content=\"https:\/\/www.locandadeldelta.com\/fr\/vos-vacances\/passionnes-de-velo\/\" \/>\n<meta property=\"og:site_name\" content=\"Locanda del Delta\" \/>\n<meta property=\"article:publisher\" content=\"https:\/\/www.facebook.com\/LaLocandaDelDelta\/\" \/>\n<meta property=\"article:modified_time\" content=\"2025-04-24T09:48:10+00:00\" \/>\n<meta name=\"twitter:card\" content=\"summary_large_image\" \/>\n<meta name=\"twitter:label1\" content=\"Dur\u00e9e de lecture estim\u00e9e\" \/>\n\t<meta name=\"twitter:data1\" content=\"1 minute\" \/>\n<script type=\"application\/ld+json\" class=\"yoast-schema-graph\">{\"@context\":\"https:\\\/\\\/schema.org\",\"@graph\":[{\"@type\":\"WebPage\",\"@id\":\"https:\\\/\\\/www.locandadeldelta.com\\\/fr\\\/vos-vacances\\\/passionnes-de-velo\\\/\",\"url\":\"https:\\\/\\\/www.locandadeldelta.com\\\/fr\\\/vos-vacances\\\/passionnes-de-velo\\\/\",\"name\":\"Passionn\u00e9s de v\u00e9lo - Locanda del Delta -\",\"isPartOf\":{\"@id\":\"https:\\\/\\\/www.locandadeldelta.com\\\/fr\\\/#website\"},\"datePublished\":\"2025-03-04T16:15:51+00:00\",\"dateModified\":\"2025-04-24T09:48:10+00:00\",\"description\":\"D\u00e9couvrez le plaisir de vacances sur deux roues, immerg\u00e9 dans la nature et les beaut\u00e9s du territoire. Notre structure est con\u00e7ue pour les amateurs de v\u00e9lo, avec des pistes cyclables exclusives, des possibilit\u00e9s de location de v\u00e9los dans les environs et des services d\u00e9di\u00e9s\",\"breadcrumb\":{\"@id\":\"https:\\\/\\\/www.locandadeldelta.com\\\/fr\\\/vos-vacances\\\/passionnes-de-velo\\\/#breadcrumb\"},\"inLanguage\":\"fr-FR\",\"potentialAction\":[{\"@type\":\"ReadAction\",\"target\":[\"https:\\\/\\\/www.locandadeldelta.com\\\/fr\\\/vos-vacances\\\/passionnes-de-velo\\\/\"]}]},{\"@type\":\"BreadcrumbList\",\"@id\":\"https:\\\/\\\/www.locandadeldelta.com\\\/fr\\\/vos-vacances\\\/passionnes-de-velo\\\/#breadcrumb\",\"itemListElement\":[{\"@type\":\"ListItem\",\"position\":1,\"name\":\"Home\",\"item\":\"https:\\\/\\\/www.locandadeldelta.com\\\/fr\\\/\"},{\"@type\":\"ListItem\",\"position\":2,\"name\":\"Vos vacances\",\"item\":\"https:\\\/\\\/www.locandadeldelta.com\\\/fr\\\/vos-vacances\\\/\"},{\"@type\":\"ListItem\",\"position\":3,\"name\":\"Passionn\u00e9s de v\u00e9lo\"}]},{\"@type\":\"WebSite\",\"@id\":\"https:\\\/\\\/www.locandadeldelta.com\\\/fr\\\/#website\",\"url\":\"https:\\\/\\\/www.locandadeldelta.com\\\/fr\\\/\",\"name\":\"Locanda del Delta\",\"description\":\"\",\"potentialAction\":[{\"@type\":\"SearchAction\",\"target\":{\"@type\":\"EntryPoint\",\"urlTemplate\":\"https:\\\/\\\/www.locandadeldelta.com\\\/fr\\\/?s={search_term_string}\"},\"query-input\":{\"@type\":\"PropertyValueSpecification\",\"valueRequired\":true,\"valueName\":\"search_term_string\"}}],\"inLanguage\":\"fr-FR\"}]}<\/script>\n<!-- \/ Yoast SEO plugin. -->","yoast_head_json":{"title":"Passionn\u00e9s de v\u00e9lo - Locanda del Delta -","description":"D\u00e9couvrez le plaisir de vacances sur deux roues, immerg\u00e9 dans la nature et les beaut\u00e9s du territoire. Notre structure est con\u00e7ue pour les amateurs de v\u00e9lo, avec des pistes cyclables exclusives, des possibilit\u00e9s de location de v\u00e9los dans les environs et des services d\u00e9di\u00e9s","robots":{"index":"index","follow":"follow","max-snippet":"max-snippet:-1","max-image-preview":"max-image-preview:large","max-video-preview":"max-video-preview:-1"},"canonical":"https:\/\/www.locandadeldelta.com\/fr\/vos-vacances\/passionnes-de-velo\/","og_locale":"fr_FR","og_type":"article","og_title":"Passionn\u00e9s de v\u00e9lo - Locanda del Delta -","og_description":"D\u00e9couvrez le plaisir de vacances sur deux roues, immerg\u00e9 dans la nature et les beaut\u00e9s du territoire. Notre structure est con\u00e7ue pour les amateurs de v\u00e9lo, avec des pistes cyclables exclusives, des possibilit\u00e9s de location de v\u00e9los dans les environs et des services d\u00e9di\u00e9s","og_url":"https:\/\/www.locandadeldelta.com\/fr\/vos-vacances\/passionnes-de-velo\/","og_site_name":"Locanda del Delta","article_publisher":"https:\/\/www.facebook.com\/LaLocandaDelDelta\/","article_modified_time":"2025-04-24T09:48:10+00:00","twitter_card":"summary_large_image","twitter_misc":{"Dur\u00e9e de lecture estim\u00e9e":"1 minute"},"schema":{"@context":"https:\/\/schema.org","@graph":[{"@type":"WebPage","@id":"https:\/\/www.locandadeldelta.com\/fr\/vos-vacances\/passionnes-de-velo\/","url":"https:\/\/www.locandadeldelta.com\/fr\/vos-vacances\/passionnes-de-velo\/","name":"Passionn\u00e9s de v\u00e9lo - Locanda del Delta -","isPartOf":{"@id":"https:\/\/www.locandadeldelta.com\/fr\/#website"},"datePublished":"2025-03-04T16:15:51+00:00","dateModified":"2025-04-24T09:48:10+00:00","description":"D\u00e9couvrez le plaisir de vacances sur deux roues, immerg\u00e9 dans la nature et les beaut\u00e9s du territoire. Notre structure est con\u00e7ue pour les amateurs de v\u00e9lo, avec des pistes cyclables exclusives, des possibilit\u00e9s de location de v\u00e9los dans les environs et des services d\u00e9di\u00e9s","breadcrumb":{"@id":"https:\/\/www.locandadeldelta.com\/fr\/vos-vacances\/passionnes-de-velo\/#breadcrumb"},"inLanguage":"fr-FR","potentialAction":[{"@type":"ReadAction","target":["https:\/\/www.locandadeldelta.com\/fr\/vos-vacances\/passionnes-de-velo\/"]}]},{"@type":"BreadcrumbList","@id":"https:\/\/www.locandadeldelta.com\/fr\/vos-vacances\/passionnes-de-velo\/#breadcrumb","itemListElement":[{"@type":"ListItem","position":1,"name":"Home","item":"https:\/\/www.locandadeldelta.com\/fr\/"},{"@type":"ListItem","position":2,"name":"Vos vacances","item":"https:\/\/www.locandadeldelta.com\/fr\/vos-vacances\/"},{"@type":"ListItem","position":3,"name":"Passionn\u00e9s de v\u00e9lo"}]},{"@type":"WebSite","@id":"https:\/\/www.locandadeldelta.com\/fr\/#website","url":"https:\/\/www.locandadeldelta.com\/fr\/","name":"Locanda del Delta","description":"","potentialAction":[{"@type":"SearchAction","target":{"@type":"EntryPoint","urlTemplate":"https:\/\/www.locandadeldelta.com\/fr\/?s={search_term_string}"},"query-input":{"@type":"PropertyValueSpecification","valueRequired":true,"valueName":"search_term_string"}}],"inLanguage":"fr-FR"}]}},"acf":[],"_links":{"self":[{"href":"https:\/\/www.locandadeldelta.com\/fr\/wp-json\/wp\/v2\/pages\/387","targetHints":{"allow":["GET"]}}],"collection":[{"href":"https:\/\/www.locandadeldelta.com\/fr\/wp-json\/wp\/v2\/pages"}],"about":[{"href":"https:\/\/www.locandadeldelta.com\/fr\/wp-json\/wp\/v2\/types\/page"}],"author":[{"embeddable":true,"href":"https:\/\/www.locandadeldelta.com\/fr\/wp-json\/wp\/v2\/users\/13"}],"replies":[{"embeddable":true,"href":"https:\/\/www.locandadeldelta.com\/fr\/wp-json\/wp\/v2\/comments?post=387"}],"version-history":[{"count":0,"href":"https:\/\/www.locandadeldelta.com\/fr\/wp-json\/wp\/v2\/pages\/387\/revisions"}],"up":[{"embeddable":true,"href":"https:\/\/www.locandadeldelta.com\/fr\/wp-json\/wp\/v2\/pages\/379"}],"wp:attachment":[{"href":"https:\/\/www.locandadeldelta.com\/fr\/wp-json\/wp\/v2\/media?parent=387"}],"curies":[{"name":"wp","href":"https:\/\/api.w.org\/{rel}","templated":true}]}}