   {"id":656,"date":"2025-09-04T14:11:37","date_gmt":"2025-09-04T14:11:37","guid":{"rendered":"https:\/\/www.locandadeldelta.com\/?page_id=656"},"modified":"2025-09-04T14:42:15","modified_gmt":"2025-09-04T14:42:15","slug":"junior-suite-locandina","status":"publish","type":"page","link":"https:\/\/www.locandadeldelta.com\/fr\/chambres-suites\/junior-suite-locandina\/","title":{"rendered":"Junior Suite Locandina"},"content":{"rendered":"<p>La chambre Junior Suite de la Locandina est un refuge intime et confortable, parfait pour les couples en qu\u00eate de d\u00e9tente et de tranquillit\u00e9. Meubl\u00e9e avec \u00e9l\u00e9gance et souci du d\u00e9tail, elle dispose d\u2019un lit double.<br \/>\nDot\u00e9e de tout le confort moderne, y compris le Wi-Fi gratuit, la climatisation, une t\u00e9l\u00e9vision \u00e0 \u00e9cran plat et une salle de bains priv\u00e9e avec douche et baignoire, la chambre garantit un s\u00e9jour agr\u00e9able et sans souci. Les fen\u00eatres s\u2019ouvrent sur un petit jardin int\u00e9rieur, id\u00e9al pour se d\u00e9tendre.<\/p>\n","protected":false},"excerpt":{"rendered":"<p>La chambre Junior Suite de la Locandina est un refuge intime et confortable, parfait pour les couples en qu\u00eate de d\u00e9tente et de tranquillit\u00e9. Meubl\u00e9e avec \u00e9l\u00e9gance et souci du d\u00e9tail, elle dispose d\u2019un lit double. Dot\u00e9e de tout le confort moderne, y compris le Wi-Fi gratuit, la climatisation, une t\u00e9l\u00e9vision \u00e0 \u00e9cran plat et [&hellip;]<\/p>\n","protected":false},"author":238,"featured_media":659,"parent":291,"menu_order":5,"comment_status":"closed","ping_status":"closed","template":"template-room.php","meta":{"footnotes":""},"class_list":["post-656","page","type-page","status-publish","has-post-thumbnail","hentry"],"yoast_head":"<!-- This site is optimized with the Yoast SEO plugin v27.3 - https:\/\/yoast.com\/product\/yoast-seo-wordpress\/ -->\n<title>Junior Suite Locandina - Locanda del Delta -<\/title>\n<meta name=\"description\" content=\"La chambre Junior Suite de la Locandina est un refuge intime et confortable, parfait pour les couples en qu\u00eate de d\u00e9tente et de tranquillit\u00e9. Meubl\u00e9e avec \u00e9l\u00e9gance et souci du d\u00e9tail, elle dispose d\u2019un lit double. Dot\u00e9e de tout le confort moderne, y compris le Wi-Fi gratuit, la climatisation, une t\u00e9l\u00e9vision \u00e0 \u00e9cran plat et une salle de bains priv\u00e9e avec douche et baignoire, la chambre garantit un s\u00e9jour agr\u00e9able et sans souci\" \/>\n<meta name=\"robots\" content=\"index, follow, max-snippet:-1, max-image-preview:large, max-video-preview:-1\" \/>\n<link rel=\"canonical\" href=\"https:\/\/www.locandadeldelta.com\/fr\/chambres-suites\/junior-suite-locandina\/\" \/>\n<meta property=\"og:locale\" content=\"fr_FR\" \/>\n<meta property=\"og:type\" content=\"article\" \/>\n<meta property=\"og:title\" content=\"Junior Suite Locandina - Locanda del Delta -\" \/>\n<meta property=\"og:description\" content=\"La chambre Junior Suite de la Locandina est un refuge intime et confortable, parfait pour les couples en qu\u00eate de d\u00e9tente et de tranquillit\u00e9. Meubl\u00e9e avec \u00e9l\u00e9gance et souci du d\u00e9tail, elle dispose d\u2019un lit double. Dot\u00e9e de tout le confort moderne, y compris le Wi-Fi gratuit, la climatisation, une t\u00e9l\u00e9vision \u00e0 \u00e9cran plat et une salle de bains priv\u00e9e avec douche et baignoire, la chambre garantit un s\u00e9jour agr\u00e9able et sans souci\" \/>\n<meta property=\"og:url\" content=\"https:\/\/www.locandadeldelta.com\/fr\/chambres-suites\/junior-suite-locandina\/\" \/>\n<meta property=\"og:site_name\" content=\"Locanda del Delta\" \/>\n<meta property=\"article:publisher\" content=\"https:\/\/www.facebook.com\/LaLocandaDelDelta\/\" \/>\n<meta property=\"article:modified_time\" content=\"2025-09-04T14:42:15+00:00\" \/>\n<meta property=\"og:image\" content=\"https:\/\/www.locandadeldelta.com\/wp-content\/uploads\/sites\/212\/2025\/09\/Junior-Suite-Finestra.jpg\" \/>\n\t<meta property=\"og:image:width\" content=\"1800\" \/>\n\t<meta property=\"og:image:height\" content=\"1200\" \/>\n\t<meta property=\"og:image:type\" content=\"image\/jpeg\" \/>\n<meta name=\"twitter:card\" content=\"summary_large_image\" \/>\n<meta name=\"twitter:label1\" content=\"Dur\u00e9e de lecture estim\u00e9e\" \/>\n\t<meta name=\"twitter:data1\" content=\"1 minute\" \/>\n<script type=\"application\/ld+json\" class=\"yoast-schema-graph\">{\"@context\":\"https:\\\/\\\/schema.org\",\"@graph\":[{\"@type\":\"WebPage\",\"@id\":\"https:\\\/\\\/www.locandadeldelta.com\\\/fr\\\/chambres-suites\\\/junior-suite-locandina\\\/\",\"url\":\"https:\\\/\\\/www.locandadeldelta.com\\\/fr\\\/chambres-suites\\\/junior-suite-locandina\\\/\",\"name\":\"Junior Suite Locandina - Locanda del Delta -\",\"isPartOf\":{\"@id\":\"https:\\\/\\\/www.locandadeldelta.com\\\/fr\\\/#website\"},\"primaryImageOfPage\":{\"@id\":\"https:\\\/\\\/www.locandadeldelta.com\\\/fr\\\/chambres-suites\\\/junior-suite-locandina\\\/#primaryimage\"},\"image\":{\"@id\":\"https:\\\/\\\/www.locandadeldelta.com\\\/fr\\\/chambres-suites\\\/junior-suite-locandina\\\/#primaryimage\"},\"thumbnailUrl\":\"https:\\\/\\\/www.locandadeldelta.com\\\/wp-content\\\/uploads\\\/sites\\\/212\\\/2025\\\/09\\\/Junior-Suite-Finestra.jpg\",\"datePublished\":\"2025-09-04T14:11:37+00:00\",\"dateModified\":\"2025-09-04T14:42:15+00:00\",\"description\":\"La chambre Junior Suite de la Locandina est un refuge intime et confortable, parfait pour les couples en qu\u00eate de d\u00e9tente et de tranquillit\u00e9. Meubl\u00e9e avec \u00e9l\u00e9gance et souci du d\u00e9tail, elle dispose d\u2019un lit double. Dot\u00e9e de tout le confort moderne, y compris le Wi-Fi gratuit, la climatisation, une t\u00e9l\u00e9vision \u00e0 \u00e9cran plat et une salle de bains priv\u00e9e avec douche et baignoire, la chambre garantit un s\u00e9jour agr\u00e9able et sans souci\",\"breadcrumb\":{\"@id\":\"https:\\\/\\\/www.locandadeldelta.com\\\/fr\\\/chambres-suites\\\/junior-suite-locandina\\\/#breadcrumb\"},\"inLanguage\":\"fr-FR\",\"potentialAction\":[{\"@type\":\"ReadAction\",\"target\":[\"https:\\\/\\\/www.locandadeldelta.com\\\/fr\\\/chambres-suites\\\/junior-suite-locandina\\\/\"]}]},{\"@type\":\"ImageObject\",\"inLanguage\":\"fr-FR\",\"@id\":\"https:\\\/\\\/www.locandadeldelta.com\\\/fr\\\/chambres-suites\\\/junior-suite-locandina\\\/#primaryimage\",\"url\":\"https:\\\/\\\/www.locandadeldelta.com\\\/wp-content\\\/uploads\\\/sites\\\/212\\\/2025\\\/09\\\/Junior-Suite-Finestra.jpg\",\"contentUrl\":\"https:\\\/\\\/www.locandadeldelta.com\\\/wp-content\\\/uploads\\\/sites\\\/212\\\/2025\\\/09\\\/Junior-Suite-Finestra.jpg\",\"width\":1800,\"height\":1200},{\"@type\":\"BreadcrumbList\",\"@id\":\"https:\\\/\\\/www.locandadeldelta.com\\\/fr\\\/chambres-suites\\\/junior-suite-locandina\\\/#breadcrumb\",\"itemListElement\":[{\"@type\":\"ListItem\",\"position\":1,\"name\":\"Home\",\"item\":\"https:\\\/\\\/www.locandadeldelta.com\\\/fr\\\/\"},{\"@type\":\"ListItem\",\"position\":2,\"name\":\"Chambres &#038; Suites\",\"item\":\"https:\\\/\\\/www.locandadeldelta.com\\\/fr\\\/chambres-suites\\\/\"},{\"@type\":\"ListItem\",\"position\":3,\"name\":\"Junior Suite Locandina\"}]},{\"@type\":\"WebSite\",\"@id\":\"https:\\\/\\\/www.locandadeldelta.com\\\/fr\\\/#website\",\"url\":\"https:\\\/\\\/www.locandadeldelta.com\\\/fr\\\/\",\"name\":\"Locanda del Delta\",\"description\":\"\",\"potentialAction\":[{\"@type\":\"SearchAction\",\"target\":{\"@type\":\"EntryPoint\",\"urlTemplate\":\"https:\\\/\\\/www.locandadeldelta.com\\\/fr\\\/?s={search_term_string}\"},\"query-input\":{\"@type\":\"PropertyValueSpecification\",\"valueRequired\":true,\"valueName\":\"search_term_string\"}}],\"inLanguage\":\"fr-FR\"}]}<\/script>\n<!-- \/ Yoast SEO plugin. -->","yoast_head_json":{"title":"Junior Suite Locandina - Locanda del Delta -","description":"La chambre Junior Suite de la Locandina est un refuge intime et confortable, parfait pour les couples en qu\u00eate de d\u00e9tente et de tranquillit\u00e9. Meubl\u00e9e avec \u00e9l\u00e9gance et souci du d\u00e9tail, elle dispose d\u2019un lit double. Dot\u00e9e de tout le confort moderne, y compris le Wi-Fi gratuit, la climatisation, une t\u00e9l\u00e9vision \u00e0 \u00e9cran plat et une salle de bains priv\u00e9e avec douche et baignoire, la chambre garantit un s\u00e9jour agr\u00e9able et sans souci","robots":{"index":"index","follow":"follow","max-snippet":"max-snippet:-1","max-image-preview":"max-image-preview:large","max-video-preview":"max-video-preview:-1"},"canonical":"https:\/\/www.locandadeldelta.com\/fr\/chambres-suites\/junior-suite-locandina\/","og_locale":"fr_FR","og_type":"article","og_title":"Junior Suite Locandina - Locanda del Delta -","og_description":"La chambre Junior Suite de la Locandina est un refuge intime et confortable, parfait pour les couples en qu\u00eate de d\u00e9tente et de tranquillit\u00e9. Meubl\u00e9e avec \u00e9l\u00e9gance et souci du d\u00e9tail, elle dispose d\u2019un lit double. Dot\u00e9e de tout le confort moderne, y compris le Wi-Fi gratuit, la climatisation, une t\u00e9l\u00e9vision \u00e0 \u00e9cran plat et une salle de bains priv\u00e9e avec douche et baignoire, la chambre garantit un s\u00e9jour agr\u00e9able et sans souci","og_url":"https:\/\/www.locandadeldelta.com\/fr\/chambres-suites\/junior-suite-locandina\/","og_site_name":"Locanda del Delta","article_publisher":"https:\/\/www.facebook.com\/LaLocandaDelDelta\/","article_modified_time":"2025-09-04T14:42:15+00:00","og_image":[{"width":1800,"height":1200,"url":"https:\/\/www.locandadeldelta.com\/wp-content\/uploads\/sites\/212\/2025\/09\/Junior-Suite-Finestra.jpg","type":"image\/jpeg"}],"twitter_card":"summary_large_image","twitter_misc":{"Dur\u00e9e de lecture estim\u00e9e":"1 minute"},"schema":{"@context":"https:\/\/schema.org","@graph":[{"@type":"WebPage","@id":"https:\/\/www.locandadeldelta.com\/fr\/chambres-suites\/junior-suite-locandina\/","url":"https:\/\/www.locandadeldelta.com\/fr\/chambres-suites\/junior-suite-locandina\/","name":"Junior Suite Locandina - Locanda del Delta -","isPartOf":{"@id":"https:\/\/www.locandadeldelta.com\/fr\/#website"},"primaryImageOfPage":{"@id":"https:\/\/www.locandadeldelta.com\/fr\/chambres-suites\/junior-suite-locandina\/#primaryimage"},"image":{"@id":"https:\/\/www.locandadeldelta.com\/fr\/chambres-suites\/junior-suite-locandina\/#primaryimage"},"thumbnailUrl":"https:\/\/www.locandadeldelta.com\/wp-content\/uploads\/sites\/212\/2025\/09\/Junior-Suite-Finestra.jpg","datePublished":"2025-09-04T14:11:37+00:00","dateModified":"2025-09-04T14:42:15+00:00","description":"La chambre Junior Suite de la Locandina est un refuge intime et confortable, parfait pour les couples en qu\u00eate de d\u00e9tente et de tranquillit\u00e9. Meubl\u00e9e avec \u00e9l\u00e9gance et souci du d\u00e9tail, elle dispose d\u2019un lit double. Dot\u00e9e de tout le confort moderne, y compris le Wi-Fi gratuit, la climatisation, une t\u00e9l\u00e9vision \u00e0 \u00e9cran plat et une salle de bains priv\u00e9e avec douche et baignoire, la chambre garantit un s\u00e9jour agr\u00e9able et sans souci","breadcrumb":{"@id":"https:\/\/www.locandadeldelta.com\/fr\/chambres-suites\/junior-suite-locandina\/#breadcrumb"},"inLanguage":"fr-FR","potentialAction":[{"@type":"ReadAction","target":["https:\/\/www.locandadeldelta.com\/fr\/chambres-suites\/junior-suite-locandina\/"]}]},{"@type":"ImageObject","inLanguage":"fr-FR","@id":"https:\/\/www.locandadeldelta.com\/fr\/chambres-suites\/junior-suite-locandina\/#primaryimage","url":"https:\/\/www.locandadeldelta.com\/wp-content\/uploads\/sites\/212\/2025\/09\/Junior-Suite-Finestra.jpg","contentUrl":"https:\/\/www.locandadeldelta.com\/wp-content\/uploads\/sites\/212\/2025\/09\/Junior-Suite-Finestra.jpg","width":1800,"height":1200},{"@type":"BreadcrumbList","@id":"https:\/\/www.locandadeldelta.com\/fr\/chambres-suites\/junior-suite-locandina\/#breadcrumb","itemListElement":[{"@type":"ListItem","position":1,"name":"Home","item":"https:\/\/www.locandadeldelta.com\/fr\/"},{"@type":"ListItem","position":2,"name":"Chambres &#038; Suites","item":"https:\/\/www.locandadeldelta.com\/fr\/chambres-suites\/"},{"@type":"ListItem","position":3,"name":"Junior Suite Locandina"}]},{"@type":"WebSite","@id":"https:\/\/www.locandadeldelta.com\/fr\/#website","url":"https:\/\/www.locandadeldelta.com\/fr\/","name":"Locanda del Delta","description":"","potentialAction":[{"@type":"SearchAction","target":{"@type":"EntryPoint","urlTemplate":"https:\/\/www.locandadeldelta.com\/fr\/?s={search_term_string}"},"query-input":{"@type":"PropertyValueSpecification","valueRequired":true,"valueName":"search_term_string"}}],"inLanguage":"fr-FR"}]}},"acf":[],"_links":{"self":[{"href":"https:\/\/www.locandadeldelta.com\/fr\/wp-json\/wp\/v2\/pages\/656","targetHints":{"allow":["GET"]}}],"collection":[{"href":"https:\/\/www.locandadeldelta.com\/fr\/wp-json\/wp\/v2\/pages"}],"about":[{"href":"https:\/\/www.locandadeldelta.com\/fr\/wp-json\/wp\/v2\/types\/page"}],"author":[{"embeddable":true,"href":"https:\/\/www.locandadeldelta.com\/fr\/wp-json\/wp\/v2\/users\/238"}],"replies":[{"embeddable":true,"href":"https:\/\/www.locandadeldelta.com\/fr\/wp-json\/wp\/v2\/comments?post=656"}],"version-history":[{"count":0,"href":"https:\/\/www.locandadeldelta.com\/fr\/wp-json\/wp\/v2\/pages\/656\/revisions"}],"up":[{"embeddable":true,"href":"https:\/\/www.locandadeldelta.com\/fr\/wp-json\/wp\/v2\/pages\/291"}],"wp:featuredmedia":[{"embeddable":true,"href":"https:\/\/www.locandadeldelta.com\/fr\/wp-json\/wp\/v2\/media\/659"}],"wp:attachment":[{"href":"https:\/\/www.locandadeldelta.com\/fr\/wp-json\/wp\/v2\/media?parent=656"}],"curies":[{"name":"wp","href":"https:\/\/api.w.org\/{rel}","templated":true}]}}